{"id":351579,"date":"2023-07-16T18:17:54","date_gmt":"2024-07-12T12:59:28","guid":{"rendered":"https:\/\/www.moskito.cz\/?post_type=product&p=351579"},"modified":"2025-05-07T11:21:00","modified_gmt":"2025-05-07T10:21:00","slug":"feststehendes-messer-muela-gred-17","status":"publish","type":"product","link":"https:\/\/www.moskito.cz\/de\/produkt\/feststehendes-messer-muela-gred-17\/","title":{"rendered":"Feststehendes Messer Muela GRED-17"},"content":{"rendered":"<p>Solides Messer <strong>Muela<\/strong> GRED-17<\/p>\n<p>Massives Jagdmesser GRED-17 GREDOS der spanischen Firma Muela mit feststehender Klinge. Hergestellt aus Molybd\u00e4n-Vanadium-Stahl (MoVa). Sorgf\u00e4ltig gefertigt, f\u00fcr J\u00e4ger gedacht, dient es auch zum \u00dcberleben und Biwakieren.<\/p>\n<p>Bade \u2013 Dicke 4,5 mm mit Bowie-Profil, bedeckt mit einer nicht reflektierenden Satin-Finish-Schicht (halbmatt), die Blendung verhindert. Hergestellt aus geh\u00e4rtetem, haltbarem Molybd\u00e4n-Vanadium-Edelstahl X50CrMoV15 im Bereich von 57\u201358 HRC. Die Klinge zeichnet sich durch gute mechanische Eigenschaften und Langzeitsch\u00e4rfe aus. Die glatte Klinge (Typ Plain) wurde mit einem konkaven Schliff (Hollow Grind) hergestellt, der ein pr\u00e4zises Schneiden der Schnittfl\u00e4che und eine ultrad\u00fcnne Spitze erm\u00f6glicht.<\/p>\n<p>Der mit nat\u00fcrlichen Antiru-N\u00e4hten (Hirschgeweih) \u00fcberzogene Griff sorgt f\u00fcr ein exklusives Aussehen und einen bequemen, sicheren Halt.<\/p>\n<p>Etui &#8211; aus naturbraunem Leder. Scheide mit eingepr\u00e4gtem Herstellerlogo. Prym-Druckknopfverschluss mit Firmenwappen. An den R\u00e4ndern ist die Scheide mit Zierfaden vern\u00e4ht. Durch die G\u00fcrtel- oder Zahnradbefestigung kann das Messer in vertikaler Position getragen werden.<\/p>\n<p>Technische Spezifikationen:<br \/>\nProduktnummer: GRED-17<br \/>\nStahlsorte: X50CrMoV15<br \/>\nKlingenl\u00e4nge: 16,5 cm<br \/>\nKlingenst\u00e4rke: 0,45 cm<br \/>\nGesamtl\u00e4nge: 26,8 cm<br \/>\nGewicht: 250,0 g<br \/>\nKantenart: Glatt<br \/>\nKlingentyp: Bowie<br \/>\nSchnittart: Konkav<br \/>\nGriffe: Hirschgeweih (Hirschgeweih)<br \/>\nScheide: Leder<br \/>\nHersteller: Muela, Spanien<\/p>\n<p>&nbsp;<\/p>\n<p>&nbsp;<\/p>\n","protected":false},"excerpt":{"rendered":"<p><strong>Massives Jagdmesser GRED-17 GREDOS der spanischen Firma Muela mit feststehender Klinge. Hergestellt aus Molybd\u00e4n-Vanadium-Stahl (MoVa). Sorgf\u00e4ltig gefertigt, f\u00fcr J\u00e4ger gedacht, dient es auch zum \u00dcberleben und Biwakieren.<\/strong><\/p>\n","protected":false},"featured_media":351586,"comment_status":"open","ping_status":"closed","template":"","meta":[],"pwb-brand":[3914],"product_brand":[],"product_cat":[3285,3287],"product_tag":[3669],"class_list":{"0":"post-351579","1":"product","2":"type-product","3":"status-publish","4":"has-post-thumbnail","6":"pwb-brand-sie-musste","7":"product_cat-messer","8":"product_cat-solide-messer","9":"product_tag-b2b-de","11":"first","12":"instock","13":"taxable","14":"shipping-taxable","15":"purchasable","16":"product-type-simple"},"brands":[{"id":3914,"name":"Sie musste","slug":"sie-musste"}],"_links":{"self":[{"href":"https:\/\/www.moskito.cz\/de\/wp-json\/wp\/v2\/product\/351579","targetHints":{"allow":["GET"]}}],"collection":[{"href":"https:\/\/www.moskito.cz\/de\/wp-json\/wp\/v2\/product"}],"about":[{"href":"https:\/\/www.moskito.cz\/de\/wp-json\/wp\/v2\/types\/product"}],"replies":[{"embeddable":true,"href":"https:\/\/www.moskito.cz\/de\/wp-json\/wp\/v2\/comments?post=351579"}],"wp:featuredmedia":[{"embeddable":true,"href":"https:\/\/www.moskito.cz\/de\/wp-json\/wp\/v2\/media\/351586"}],"wp:attachment":[{"href":"https:\/\/www.moskito.cz\/de\/wp-json\/wp\/v2\/media?parent=351579"}],"wp:term":[{"taxonomy":"pwb-brand","embeddable":true,"href":"https:\/\/www.moskito.cz\/de\/wp-json\/wp\/v2\/pwb-brand?post=351579"},{"taxonomy":"product_brand","embeddable":true,"href":"https:\/\/www.moskito.cz\/de\/wp-json\/wp\/v2\/product_brand?post=351579"},{"taxonomy":"product_cat","embeddable":true,"href":"https:\/\/www.moskito.cz\/de\/wp-json\/wp\/v2\/product_cat?post=351579"},{"taxonomy":"product_tag","embeddable":true,"href":"https:\/\/www.moskito.cz\/de\/wp-json\/wp\/v2\/product_tag?post=351579"}],"curies":[{"name":"wp","href":"https:\/\/api.w.org\/{rel}","templated":true}]}}