{"id":351648,"date":"2024-07-12T14:20:45","date_gmt":"2024-07-12T13:22:03","guid":{"rendered":"https:\/\/www.moskito.cz\/produkt\/feststehendes-muela-messer-mit-geschenkbox-buffalo-16bf\/"},"modified":"2025-05-07T11:21:01","modified_gmt":"2025-05-07T10:21:01","slug":"feststehendes-muela-messer-mit-geschenkbox-buffalo-16bf","status":"publish","type":"product","link":"https:\/\/www.moskito.cz\/de\/produkt\/feststehendes-muela-messer-mit-geschenkbox-buffalo-16bf\/","title":{"rendered":"Feststehendes Muela-Messer mit Geschenkbox BUFFALO-16BF"},"content":{"rendered":"<p><strong>Muela<\/strong> Feststehendes Messer mit Geschenkbox BUFFALO-16BF<\/p>\n<p><strong>BUFFALO-16BF<\/strong> , ein gut verarbeitetes Messer der spanischen Firma Muela aus der gelegentlichen Big Five-Serie. F\u00fcnf Messer mit B\u00fcffel-, L\u00f6wen-, Nashorn-, Leoparden- und Elefantenk\u00f6pfen. Jedes Messer wird in einer eleganten Geschenkbox angeboten. Die hohe Qualit\u00e4t der verwendeten Materialien unterstreicht die Sch\u00f6nheit und Pr\u00e4zision der Details. Eine Delikatesse f\u00fcr Sammler, Jagdbegeisterte und Menschen, die einen aktiven Lebensstil sch\u00e4tzen.<\/p>\n<p>Klinge \u2013 Bowie-Profil, St\u00e4rke 4,5 mm mit guten mechanischen Eigenschaften und langanhaltender Sch\u00e4rfe. Hergestellt aus langlebigem Edelstahl Molybd\u00e4n-Vanadium X50CrMoV15 (1.4116), geh\u00e4rtet im Bereich von 57\u201358 HRC. Die glatte Klinge (Typ Plain) wurde mit einem konkaven Schliff (Hollow Grind) gefertigt. Die Satin Finish (halbmatte) Oberfl\u00e4che verhindert Blendung. An der Basis der Klinge wurde doppelseitig poliertes Messing angebracht, um die Hand zu sch\u00fctzen.<\/p>\n<p>Griff \u2013 Hirsch naturbelassen, verziert mit einem Medaillon mit Jagdmotiv, B\u00fcffelkopf aus poliertem Messing.<\/p>\n<p>Geh\u00e4use \u2013 naturbelassenes dunkelbraunes Leder mit gepr\u00e4gtem Herstellerlogo. Die Scheide wurde an den R\u00e4ndern mit Ziergarn vern\u00e4ht. Durch die G\u00fcrtel- oder Zahnradbefestigung kann das Messer in vertikaler Position getragen werden.<\/p>\n<p>Technische Spezifikationen::<br \/>\nProduktnummer: BUFFALO-16BF<\/p>\n<p>Stahlsorte: 1.4116 (X50CrMoV15)<br \/>\nKlingenl\u00e4nge: 16 cm \/ 6,30 Zoll<br \/>\nKlingenst\u00e4rke: 0,45 cm \/ 0,178 Zoll<br \/>\nGesamtl\u00e4nge: 28,8 cm \/ 11,34 Zoll<br \/>\nGewicht: 274,0 g \/ 9,66 Unzen<br \/>\nKantenart: Glatt<br \/>\nKlingentyp: Bowie<br \/>\nSchnittart: Konkav<\/p>\n<p>Griffmaterial: Hirschhorn<br \/>\nScheide: Leder<\/p>\n<p>Hersteller: Muela, Spanien<\/p>\n<p>&nbsp;<\/p>\n","protected":false},"excerpt":{"rendered":"<p><strong>BUFFALO-16BF, ein gut verarbeitetes Messer der spanischen Firma Muela aus der gelegentlichen Big Five-Serie. F\u00fcnf Messer mit B\u00fcffel-, L\u00f6wen-, Nashorn-, Leoparden- und Elefantenk\u00f6pfen. Jedes Messer wird in einer eleganten Geschenkbox angeboten. Die hohe Qualit\u00e4t der verwendeten Materialien unterstreicht die Sch\u00f6nheit und Pr\u00e4zision der Details. Eine Delikatesse f\u00fcr Sammler, Jagdbegeisterte und Menschen, die einen aktiven Lebensstil sch\u00e4tzen.<\/strong><\/p>\n","protected":false},"featured_media":351616,"comment_status":"open","ping_status":"closed","template":"","meta":[],"pwb-brand":[3914],"product_brand":[],"product_cat":[3285,3287],"product_tag":[3669],"class_list":{"0":"post-351648","1":"product","2":"type-product","3":"status-publish","4":"has-post-thumbnail","6":"pwb-brand-sie-musste","7":"product_cat-messer","8":"product_cat-solide-messer","9":"product_tag-b2b-de","11":"first","12":"instock","13":"taxable","14":"shipping-taxable","15":"purchasable","16":"product-type-simple"},"brands":[{"id":3914,"name":"Sie musste","slug":"sie-musste"}],"_links":{"self":[{"href":"https:\/\/www.moskito.cz\/de\/wp-json\/wp\/v2\/product\/351648","targetHints":{"allow":["GET"]}}],"collection":[{"href":"https:\/\/www.moskito.cz\/de\/wp-json\/wp\/v2\/product"}],"about":[{"href":"https:\/\/www.moskito.cz\/de\/wp-json\/wp\/v2\/types\/product"}],"replies":[{"embeddable":true,"href":"https:\/\/www.moskito.cz\/de\/wp-json\/wp\/v2\/comments?post=351648"}],"wp:featuredmedia":[{"embeddable":true,"href":"https:\/\/www.moskito.cz\/de\/wp-json\/wp\/v2\/media\/351616"}],"wp:attachment":[{"href":"https:\/\/www.moskito.cz\/de\/wp-json\/wp\/v2\/media?parent=351648"}],"wp:term":[{"taxonomy":"pwb-brand","embeddable":true,"href":"https:\/\/www.moskito.cz\/de\/wp-json\/wp\/v2\/pwb-brand?post=351648"},{"taxonomy":"product_brand","embeddable":true,"href":"https:\/\/www.moskito.cz\/de\/wp-json\/wp\/v2\/product_brand?post=351648"},{"taxonomy":"product_cat","embeddable":true,"href":"https:\/\/www.moskito.cz\/de\/wp-json\/wp\/v2\/product_cat?post=351648"},{"taxonomy":"product_tag","embeddable":true,"href":"https:\/\/www.moskito.cz\/de\/wp-json\/wp\/v2\/product_tag?post=351648"}],"curies":[{"name":"wp","href":"https:\/\/api.w.org\/{rel}","templated":true}]}}