{"id":351723,"date":"2024-07-12T14:44:41","date_gmt":"2024-07-12T13:44:41","guid":{"rendered":"https:\/\/www.moskito.cz\/produkt\/festes-muela-messer-mit-etui-tejon-16\/"},"modified":"2025-05-07T11:21:06","modified_gmt":"2025-05-07T10:21:06","slug":"festes-muela-messer-mit-etui-tejon-16","status":"publish","type":"product","link":"https:\/\/www.moskito.cz\/de\/produkt\/festes-muela-messer-mit-etui-tejon-16\/","title":{"rendered":"Festes Muela-Messer mit Etui TEJON-16"},"content":{"rendered":"<p>Festes <strong>Muela-<\/strong> Messer mit Etui TEJON-16<\/p>\n<p>Handwerkliches Jagdmesser TEJON-16 der spanischen Firma Muela mit Horn und feststehender Klinge. Hergestellt aus Molybd\u00e4n-Vanadium-Stahl (MoVa). Es wurde f\u00fcr Jagdbegeisterte entwickelt und eignet sich auch zum \u00dcberleben und f\u00fcr Ausfl\u00fcge au\u00dferhalb der Stadt.<\/p>\n<p>Klinge \u2013 St\u00e4rke 3,6 mm mit modifiziertem Bowie-Profil, \u00fcberzogen mit einer Antireflexionsschicht mit Satin-Finish (halbmatt), die Blendungen verhindert. Hergestellt aus geh\u00e4rtetem, haltbarem Molybd\u00e4n-Vanadium-Edelstahl X50CrMoV15 im Bereich von 57\u201358 HRC. Die Klinge zeichnet sich durch gute mechanische Eigenschaften und Langzeitsch\u00e4rfe aus. Die glatte Klinge (Typ Plain) wurde mit einem Flachschliff (Flat Grind) gefertigt, der ein Schneiden mit erheblicher Kraft erm\u00f6glicht.<\/p>\n<p>Griff \u2013 fertig mit einem Messingkopf, \u00fcberzogen mit nat\u00fcrlichem Hirschholzfurnier, das f\u00fcr ein exklusives Aussehen und einen bequemen Griff sorgt.<\/p>\n<p>Etui &#8211; aus naturbraunem Leder. Scheide mit eingepr\u00e4gtem Herstellerlogo. Prym-Druckknopfverschluss mit Firmenwappen. An den R\u00e4ndern ist die Scheide mit Zierfaden vern\u00e4ht. Durch die G\u00fcrtel- oder Zahnradbefestigung kann das Messer in vertikaler Position getragen werden.<\/p>\n<p>Technische Spezifikationen:<br \/>\nProduktnummer: TEJON-16<br \/>\nStahlsorte: X50CrMoV15<br \/>\nKlingenl\u00e4nge: 16 cm.<br \/>\nKlingenst\u00e4rke: 0,36 cm \/ 0,14 Zoll<br \/>\nGesamtl\u00e4nge: 29 cm \/ 11,42 Zoll<br \/>\nGewicht: 189,0 g \/ 6,67 Unzen<br \/>\nKantenart: Glatt<br \/>\nKlingentyp: Bowie<br \/>\nSchnittart: Flach<br \/>\nGriffbesatz: Hirschgeweih (Hirschgeweih)<br \/>\nScheide: Leder<br \/>\nHersteller: Muela, Spanien<\/p>\n<p>&nbsp;<\/p>\n","protected":false},"excerpt":{"rendered":"<p><strong>Handwerkliches Jagdmesser TEJON-16 der spanischen Firma Muela mit Horn und feststehender Klinge. Hergestellt aus Molybd\u00e4n-Vanadium-Stahl (MoVa). Es wurde f\u00fcr Jagdbegeisterte entwickelt und eignet sich auch zum \u00dcberleben und f\u00fcr Ausfl\u00fcge au\u00dferhalb der Stadt.<\/strong><\/p>\n","protected":false},"featured_media":421031,"comment_status":"open","ping_status":"closed","template":"","meta":[],"pwb-brand":[3914],"product_brand":[],"product_cat":[3287,3285],"product_tag":[3669],"class_list":{"0":"post-351723","1":"product","2":"type-product","3":"status-publish","4":"has-post-thumbnail","6":"pwb-brand-sie-musste","7":"product_cat-solide-messer","8":"product_cat-messer","9":"product_tag-b2b-de","11":"first","12":"outofstock","13":"taxable","14":"shipping-taxable","15":"purchasable","16":"product-type-simple"},"brands":[{"id":3914,"name":"Sie musste","slug":"sie-musste"}],"_links":{"self":[{"href":"https:\/\/www.moskito.cz\/de\/wp-json\/wp\/v2\/product\/351723","targetHints":{"allow":["GET"]}}],"collection":[{"href":"https:\/\/www.moskito.cz\/de\/wp-json\/wp\/v2\/product"}],"about":[{"href":"https:\/\/www.moskito.cz\/de\/wp-json\/wp\/v2\/types\/product"}],"replies":[{"embeddable":true,"href":"https:\/\/www.moskito.cz\/de\/wp-json\/wp\/v2\/comments?post=351723"}],"wp:featuredmedia":[{"embeddable":true,"href":"https:\/\/www.moskito.cz\/de\/wp-json\/wp\/v2\/media\/421031"}],"wp:attachment":[{"href":"https:\/\/www.moskito.cz\/de\/wp-json\/wp\/v2\/media?parent=351723"}],"wp:term":[{"taxonomy":"pwb-brand","embeddable":true,"href":"https:\/\/www.moskito.cz\/de\/wp-json\/wp\/v2\/pwb-brand?post=351723"},{"taxonomy":"product_brand","embeddable":true,"href":"https:\/\/www.moskito.cz\/de\/wp-json\/wp\/v2\/product_brand?post=351723"},{"taxonomy":"product_cat","embeddable":true,"href":"https:\/\/www.moskito.cz\/de\/wp-json\/wp\/v2\/product_cat?post=351723"},{"taxonomy":"product_tag","embeddable":true,"href":"https:\/\/www.moskito.cz\/de\/wp-json\/wp\/v2\/product_tag?post=351723"}],"curies":[{"name":"wp","href":"https:\/\/api.w.org\/{rel}","templated":true}]}}