{"id":351839,"date":"2024-07-13T10:34:41","date_gmt":"2024-07-13T09:35:15","guid":{"rendered":"https:\/\/www.moskito.cz\/produkt\/microtech-dc-munroe-cypher-ii-stonewashed-1241-11-schiessmesser\/"},"modified":"2025-05-07T11:21:08","modified_gmt":"2025-05-07T10:21:08","slug":"microtech-dc-munroe-cypher-ii-stonewashed-1241-11-schiessmesser","status":"publish","type":"product","link":"https:\/\/www.moskito.cz\/de\/produkt\/microtech-dc-munroe-cypher-ii-stonewashed-1241-11-schiessmesser\/","title":{"rendered":"Microtech\/DC Munroe Cypher II Stonewashed 1241-11 Schie\u00dfmesser"},"content":{"rendered":"<p>Schie\u00dfmesser <strong>Microtech<\/strong> \/DC Munroe Cypher II Stonewashed 1241-11<\/p>\n<p><strong>Deryk DC Munroe<\/strong> ist der Hauptlieferant f\u00fcr Technik und Arbeitskr\u00e4fte f\u00fcr MunroeKnives. Seine lebenslange Faszination f\u00fcr Waffen f\u00fchrte ihn 1984 zur Entwicklung seines ersten Messers. Im Jahr 1997 schlug er den eher verschlungenen Weg ein, hauptberuflich Messermacher zu werden. Er erforschte und entwickelte verschiedene Aspekte des Handwerks, die ihn seitdem antreiben. Sein Stil ist einzigartig und die Qualit\u00e4t seiner Zutaten einfach herausragend. Daher war es f\u00fcr Tony eine naheliegende Entscheidung, mit Deryk an diesem zweiten Gemeinschaftsmesser von Munroe und Marfione, dem Cypher, zu arbeiten.<\/p>\n<p><strong>Mit dem Microtech Cypher<\/strong> kehrt das bei den Fans beliebte OTF mit hochmodernen Verbesserungen des Originaldesigns zur\u00fcck. Der klassische Cypher wurde innen und au\u00dfen neu gestaltet und setzt damit einen neuen Standard f\u00fcr moderne Technologie. Der neueste innovative Dual-Fuel-Antrieb von Microtech erm\u00f6glicht m\u00fchelose Steuerung und die sanfteste Bewegung, die es je bei einem OTF gab.<\/p>\n<p>Die Rillen am Geh\u00e4use sorgen f\u00fcr ein stilvolles Element und bieten gleichzeitig maximalen Halt, und der Taschenclip aus 6Al4V-Titan mit Keramikanschlag bietet dem Benutzer sichere und erschwingliche Tragem\u00f6glichkeiten. Das schraubenlose Geh\u00e4use und der integrierte Glasbrecher verleihen ihm ein schlankeres Aussehen, und das aktualisierte Knopftaschendesign reduziert die Reibung und erleichtert das Bewegen von Schmutz. Mit seiner relativ kompakten Gr\u00f6\u00dfe und einfachen Bereitstellung setzt der neu gestaltete <strong>Cypher<\/strong> den Ma\u00dfstab f\u00fcr <strong>Microtechs<\/strong> bekannte Kombination aus Stil und N\u00fctzlichkeit in unserer Premium-Linie.<\/p>\n<p>Spezifikationen:<br \/>\nKlingenl\u00e4nge: 8,75 cm<br \/>\nL\u00e4nge geschlossen: 12,5 cm<br \/>\nGesamtl\u00e4nge: 21,25 cm<br \/>\nKlingenstahl: B\u00f6hler M390MK Edelstahl<br \/>\nKlingenstil: Reverse Tanto<br \/>\nKlingenschliff: Flach<br \/>\nOberfl\u00e4chenbehandlung der Klinge: Stonewash<br \/>\nGriffmaterial: Gefr\u00e4stes schwarzes Aluminium<br \/>\nVerriegelungsmechanismus: Schiebend<br \/>\nTaschenclip: Titan mit Keramikkugel (nach unten klappbar, rechts\/links)<br \/>\nGewicht: 3,88 Unzen.<br \/>\nDesigner: Deryk Munroe und Tony Marfione<br \/>\nHergestellt in den USA<\/p>\n<p><iframe title=\"Microtech Combat Troodon Torture Test\" width=\"800\" height=\"450\" src=\"https:\/\/www.youtube.com\/embed\/xE9TeOFYEjg?feature=oembed\" frameborder=\"0\" allow=\"accelerometer; autoplay; clipboard-write; encrypted-media; gyroscope; picture-in-picture; web-share\" referrerpolicy=\"strict-origin-when-cross-origin\" allowfullscreen><\/iframe><\/p>\n<p>&nbsp;<\/p>\n","protected":false},"excerpt":{"rendered":"<p><strong>Im Laufe der Jahre hat Microtech\u00ae Knives Messer mit Leidenschaft und K\u00f6nnen gef\u00fcllt, um nahezu Kunstwerke zu schaffen, die den Gipfel der Funktionalit\u00e4t darstellen. Alle Teile werden in den USA hergestellt.<\/strong><br \/>\n<strong>Alle Microtech-Messer haben eine lebenslange Garantie (mindestens 80.000 Zyklen, \u00d6ffnen und Schlie\u00dfen).<\/strong><\/p>\n<p><strong>Kostenloser Transport.<\/strong><\/p>\n","protected":false},"featured_media":351788,"comment_status":"open","ping_status":"closed","template":"","meta":[],"pwb-brand":[3278],"product_brand":[],"product_cat":[3285,3343],"product_tag":[3669],"class_list":{"0":"post-351839","1":"product","2":"type-product","3":"status-publish","4":"has-post-thumbnail","6":"pwb-brand-microtech-de","7":"product_cat-messer","8":"product_cat-schiesmesser","9":"product_tag-b2b-de","11":"first","12":"instock","13":"taxable","14":"shipping-taxable","15":"purchasable","16":"product-type-simple"},"brands":[{"id":3278,"name":"Microtech","slug":"microtech-de"}],"_links":{"self":[{"href":"https:\/\/www.moskito.cz\/de\/wp-json\/wp\/v2\/product\/351839","targetHints":{"allow":["GET"]}}],"collection":[{"href":"https:\/\/www.moskito.cz\/de\/wp-json\/wp\/v2\/product"}],"about":[{"href":"https:\/\/www.moskito.cz\/de\/wp-json\/wp\/v2\/types\/product"}],"replies":[{"embeddable":true,"href":"https:\/\/www.moskito.cz\/de\/wp-json\/wp\/v2\/comments?post=351839"}],"wp:featuredmedia":[{"embeddable":true,"href":"https:\/\/www.moskito.cz\/de\/wp-json\/wp\/v2\/media\/351788"}],"wp:attachment":[{"href":"https:\/\/www.moskito.cz\/de\/wp-json\/wp\/v2\/media?parent=351839"}],"wp:term":[{"taxonomy":"pwb-brand","embeddable":true,"href":"https:\/\/www.moskito.cz\/de\/wp-json\/wp\/v2\/pwb-brand?post=351839"},{"taxonomy":"product_brand","embeddable":true,"href":"https:\/\/www.moskito.cz\/de\/wp-json\/wp\/v2\/product_brand?post=351839"},{"taxonomy":"product_cat","embeddable":true,"href":"https:\/\/www.moskito.cz\/de\/wp-json\/wp\/v2\/product_cat?post=351839"},{"taxonomy":"product_tag","embeddable":true,"href":"https:\/\/www.moskito.cz\/de\/wp-json\/wp\/v2\/product_tag?post=351839"}],"curies":[{"name":"wp","href":"https:\/\/api.w.org\/{rel}","templated":true}]}}