{"id":352103,"date":"2024-07-13T13:14:26","date_gmt":"2024-07-13T12:15:06","guid":{"rendered":"https:\/\/www.moskito.cz\/produkt\/schliessmesser-microtech-socom-elite-manual-160-1ta\/"},"modified":"2025-05-07T11:21:13","modified_gmt":"2025-05-07T10:21:13","slug":"schliessmesser-microtech-socom-elite-manual-160-1ta","status":"publish","type":"product","link":"https:\/\/www.moskito.cz\/de\/produkt\/schliessmesser-microtech-socom-elite-manual-160-1ta\/","title":{"rendered":"Schlie\u00dfmesser Microtech Socom Elite Manual 160-1TA"},"content":{"rendered":"<p>Schlie\u00dfmesser <strong>Microtech<\/strong> Socom Elite Manual 160-1TA<\/p>\n<p>Socom Elite setzt den h\u00f6chsten Standard f\u00fcr taktisches\/Gebrauchsbesteck. Seit der Gr\u00fcndung des urspr\u00fcnglichen Socom im Jahr 1996 ist es der Pionier unserer gesamten Klappmesserlinie. Im Laufe der Jahre wurden Verbesserungen vorgenommen, um Socom besser an verschiedene Umgebungen anzupassen. Der manuelle oder automatische Socom-Griff verf\u00fcgt \u00fcber eine einzigartige Griffform, die sich Ihrer Hand anpasst. Sie wissen, dass Sie das beste Werkzeug auf dem Markt kaufen, egal f\u00fcr welche Klinge Sie sich entscheiden: Clip-Point-, Tanto- oder Tanto-Mei\u00dfel. Auch ein integrierter Glasbrecher an der Unterseite des Griffs und ein gro\u00dfer Bedienknopf, der ein einfaches \u00d6ffnen mit einem Handschuh erm\u00f6glicht, tragen zur beeindruckenden Statur bei. Die robuste Zuverl\u00e4ssigkeit von Socom ist die erste Wahl f\u00fcr die Spezialeinsatzgemeinschaft.<\/p>\n<p>Spezifikationen<br \/>\nGesamtl\u00e4nge: 22,5 cm<br \/>\nKlingenl\u00e4nge: 10 cm<br \/>\nSchnittkante: 9,37 cm<br \/>\nKlingenbreite: 2,8 cm<br \/>\nKlingenst\u00e4rke: 0,47 cm<br \/>\nStahl: M390<br \/>\nKlingenstil: Clip Point<br \/>\nKlingenschliff: Flach<br \/>\nKlingenfinish: Schwarz<br \/>\nGriffmaterial: Aluminium mit strukturierten Gummieins\u00e4tzen<br \/>\nEinsatzmaterial: Edelstahl<br \/>\nVerriegelungsmechanismus: Einstecken<br \/>\nTaschenclip: Edelstahl (klappbar, rechtsh\u00e4ndig zu tragen)<br \/>\nGewicht: 5,6 Unzen.<br \/>\nDesigner: Tony Marfione<br \/>\nHergestellt in den USA<\/p>\n<p><iframe title=\"Microtech Combat Troodon Torture Test\" width=\"800\" height=\"450\" src=\"https:\/\/www.youtube.com\/embed\/xE9TeOFYEjg?feature=oembed\" frameborder=\"0\" allow=\"accelerometer; autoplay; clipboard-write; encrypted-media; gyroscope; picture-in-picture; web-share\" referrerpolicy=\"strict-origin-when-cross-origin\" allowfullscreen><\/iframe><\/p>\n<p>&nbsp;<\/p>\n","protected":false},"excerpt":{"rendered":"<p><strong>Im Laufe der Jahre hat Microtech\u00ae Knives Messer mit Leidenschaft und K\u00f6nnen gef\u00fcllt, um nahezu Kunstwerke zu schaffen, die den Gipfel der Funktionalit\u00e4t darstellen. Alle Teile werden in den USA hergestellt.<\/strong><br \/>\n<strong>F\u00fcr alle Microtech-Messer gilt eine lebenslange Garantie.<\/strong><\/p>\n<p><strong>Kostenloser Transport.<\/strong><\/p>\n","protected":false},"featured_media":352065,"comment_status":"open","ping_status":"closed","template":"","meta":[],"pwb-brand":[3278],"product_brand":[],"product_cat":[3285,3303],"product_tag":[3669],"class_list":{"0":"post-352103","1":"product","2":"type-product","3":"status-publish","4":"has-post-thumbnail","6":"pwb-brand-microtech-de","7":"product_cat-messer","8":"product_cat-schliesmesser","9":"product_tag-b2b-de","11":"first","12":"instock","13":"taxable","14":"shipping-taxable","15":"purchasable","16":"product-type-simple"},"brands":[{"id":3278,"name":"Microtech","slug":"microtech-de"}],"_links":{"self":[{"href":"https:\/\/www.moskito.cz\/de\/wp-json\/wp\/v2\/product\/352103","targetHints":{"allow":["GET"]}}],"collection":[{"href":"https:\/\/www.moskito.cz\/de\/wp-json\/wp\/v2\/product"}],"about":[{"href":"https:\/\/www.moskito.cz\/de\/wp-json\/wp\/v2\/types\/product"}],"replies":[{"embeddable":true,"href":"https:\/\/www.moskito.cz\/de\/wp-json\/wp\/v2\/comments?post=352103"}],"wp:featuredmedia":[{"embeddable":true,"href":"https:\/\/www.moskito.cz\/de\/wp-json\/wp\/v2\/media\/352065"}],"wp:attachment":[{"href":"https:\/\/www.moskito.cz\/de\/wp-json\/wp\/v2\/media?parent=352103"}],"wp:term":[{"taxonomy":"pwb-brand","embeddable":true,"href":"https:\/\/www.moskito.cz\/de\/wp-json\/wp\/v2\/pwb-brand?post=352103"},{"taxonomy":"product_brand","embeddable":true,"href":"https:\/\/www.moskito.cz\/de\/wp-json\/wp\/v2\/product_brand?post=352103"},{"taxonomy":"product_cat","embeddable":true,"href":"https:\/\/www.moskito.cz\/de\/wp-json\/wp\/v2\/product_cat?post=352103"},{"taxonomy":"product_tag","embeddable":true,"href":"https:\/\/www.moskito.cz\/de\/wp-json\/wp\/v2\/product_tag?post=352103"}],"curies":[{"name":"wp","href":"https:\/\/api.w.org\/{rel}","templated":true}]}}