{"id":352484,"date":"2024-07-15T12:16:41","date_gmt":"2024-07-15T11:18:01","guid":{"rendered":"https:\/\/www.moskito.cz\/produkt\/feststehendes-messer-muela-rhino-16bf\/"},"modified":"2025-05-07T11:21:27","modified_gmt":"2025-05-07T10:21:27","slug":"feststehendes-messer-muela-rhino-16bf","status":"publish","type":"product","link":"https:\/\/www.moskito.cz\/de\/produkt\/feststehendes-messer-muela-rhino-16bf\/","title":{"rendered":"Feststehendes Messer Muela RHINO-16BF"},"content":{"rendered":"<p>Feststehendes Messer <strong>Muela<\/strong> RHINO-16BF.<\/p>\n<p><strong>Das Muela Rhino-16BF<\/strong> -Sportmesser, ideal f\u00fcr Besteckliebhaber, ist ein Messer in limitierter Auflage\/Sammlung. Mit einem 13 cm langen Griff aus Hirschgeweih und einer 160 mm langen Klinge aus 1.4116-Stahl, einer Kombination aus Molybd\u00e4n und Vanadium.<\/p>\n<p><strong>Das Muela Rhino-16BF-<\/strong> Sportmesser ist ein Sammlermesser in limitierter Auflage, das speziell f\u00fcr Messerliebhaber entworfen und hergestellt wurde und f\u00fcr dessen Griff erlesene und exklusive Materialien wie Hirschgeweih verwendet wurden.<\/p>\n<p>Der Griff <strong>des Muela Rhino-16BF<\/strong> Sportmessers besteht aus Hirschgeweih, einem unglaublich detaillierten und langlebigen Material. Da Hirschgeweihe im Winter abfallen und im Fr\u00fchling wieder nachwachsen, ist die Verwendung dieses Materials, das seit langem bei der Herstellung von Handmessern verwendet wird, keine Grausamkeit.<\/p>\n<p>Die Spitze der Klinge ist gebogen, was ein Durchstechen der Haut des Tieres beim Schneiden verhindert und das Entfernen der Haut erleichtert. Seine Klinge besteht aus X50CrMoV15 \u201eMOVA\u201c (1.4116), einem klassischen Muela-Messermaterial, das eine hervorragende Kombination aus Molybd\u00e4n und Vanadium darstellt und einen Stahl mit ausgezeichneter H\u00e4rte und Korrosionsbest\u00e4ndigkeit bildet.<\/p>\n<p><strong>Muela<\/strong> stellt seit 1950 in Spanien exklusive Messer, Taschenmesser und Rasiermesser her und ist weltweit eine Referenz im Bereich Besteck. Dank speziell ausgew\u00e4hlter Materialien wie martensitischem Stahl, der in den Klingen und Hirschgeweihen verwendet wird, die in einigen Modellen verwendet werden, werden sie mit hervorragender Arbeit geformt und fertiggestellt, die moderne Maschinen mit einer handwerklichen Methode verbindet. Alle Produkte werden von erfahrenen Schneidern bearbeitet, die jedes St\u00fcck von Hand fertigstellen.<\/p>\n<p>Technische Beschreibung:<\/p>\n<p>Code: RHINO-16BF<\/p>\n<p>Marke: Muela<\/p>\n<p>Modell: Limited Edition\/Sammlung \u2013 Rhino-16BF<\/p>\n<p>Griffmaterial: Hirschhorn<\/p>\n<p>Klingenmaterial: 1.4116<\/p>\n<p>Klingenl\u00e4nge: 16 cm<\/p>\n<p>Kabell\u00e4nge: 13 cm (5&#8243;)<\/p>\n<p>Stahlh\u00e4rte: 56 &#8211; 58 HRC<\/p>\n<p>&nbsp;<\/p>\n","protected":false},"excerpt":{"rendered":"<p><strong>Das Sportmesser Muela Rhino-16BF ist ein Messer in limitierter Auflage\/Sammlung, das speziell f\u00fcr Messerliebhaber entworfen und hergestellt wurde, wobei hervorragende und exklusive Materialien wie Hirschgeweih f\u00fcr den Griff verwendet werden.<\/strong><\/p>\n","protected":false},"featured_media":352457,"comment_status":"open","ping_status":"closed","template":"","meta":[],"pwb-brand":[3914],"product_brand":[],"product_cat":[3285,3287],"product_tag":[3669],"class_list":{"0":"post-352484","1":"product","2":"type-product","3":"status-publish","4":"has-post-thumbnail","6":"pwb-brand-sie-musste","7":"product_cat-messer","8":"product_cat-solide-messer","9":"product_tag-b2b-de","11":"first","12":"instock","13":"taxable","14":"shipping-taxable","15":"purchasable","16":"product-type-simple"},"brands":[{"id":3914,"name":"Sie musste","slug":"sie-musste"}],"_links":{"self":[{"href":"https:\/\/www.moskito.cz\/de\/wp-json\/wp\/v2\/product\/352484","targetHints":{"allow":["GET"]}}],"collection":[{"href":"https:\/\/www.moskito.cz\/de\/wp-json\/wp\/v2\/product"}],"about":[{"href":"https:\/\/www.moskito.cz\/de\/wp-json\/wp\/v2\/types\/product"}],"replies":[{"embeddable":true,"href":"https:\/\/www.moskito.cz\/de\/wp-json\/wp\/v2\/comments?post=352484"}],"wp:featuredmedia":[{"embeddable":true,"href":"https:\/\/www.moskito.cz\/de\/wp-json\/wp\/v2\/media\/352457"}],"wp:attachment":[{"href":"https:\/\/www.moskito.cz\/de\/wp-json\/wp\/v2\/media?parent=352484"}],"wp:term":[{"taxonomy":"pwb-brand","embeddable":true,"href":"https:\/\/www.moskito.cz\/de\/wp-json\/wp\/v2\/pwb-brand?post=352484"},{"taxonomy":"product_brand","embeddable":true,"href":"https:\/\/www.moskito.cz\/de\/wp-json\/wp\/v2\/product_brand?post=352484"},{"taxonomy":"product_cat","embeddable":true,"href":"https:\/\/www.moskito.cz\/de\/wp-json\/wp\/v2\/product_cat?post=352484"},{"taxonomy":"product_tag","embeddable":true,"href":"https:\/\/www.moskito.cz\/de\/wp-json\/wp\/v2\/product_tag?post=352484"}],"curies":[{"name":"wp","href":"https:\/\/api.w.org\/{rel}","templated":true}]}}