{"id":352517,"date":"2024-07-15T12:39:27","date_gmt":"2024-07-15T11:39:27","guid":{"rendered":"https:\/\/www.moskito.cz\/produkt\/feststehendes-messer-muela-ibex-8r\/"},"modified":"2025-05-07T11:21:28","modified_gmt":"2025-05-07T10:21:28","slug":"feststehendes-messer-muela-ibex-8r","status":"publish","type":"product","link":"https:\/\/www.moskito.cz\/de\/produkt\/feststehendes-messer-muela-ibex-8r\/","title":{"rendered":"Feststehendes Messer Muela IBEX-8R"},"content":{"rendered":"<p>Feststehendes Messer <strong>Muela<\/strong> IBEX-8R.<\/p>\n<p>IBEX-8R handgefertigtes, kompaktes Messer aus der spanischen Manufaktur <strong>Muela<\/strong> . Ziel war es, ein handliches, aber zuverl\u00e4ssiges Messer mit geringem Gewicht f\u00fcr jeden Outdoor-Einsatz zu schaffen. Vielseitig, perfekt ausbalanciert, mit Allover-Design und einer Klinge aus X50CrMoV15-Stahl liefert es eine enorme Schneidleistung. Zielgruppe sind Bushcraft-, Survival- und Jagdbegeisterte.<\/p>\n<p>X50CrMoV15 (1.4116) \u2013 martensitischer Edelstahl mit hohem Kohlenstoffgehalt und Molybd\u00e4n-Vanadium-Gehalt, \u00e4u\u00dferst best\u00e4ndig gegen Korrosion und Verschlei\u00df. Es wird bei der Herstellung von Messern, Schneidbestecken und chirurgischen Instrumenten verwendet. Es zeichnet sich durch eine f\u00fcr Edelst\u00e4hle relativ hohe H\u00e4rte von 56-58 HRC aus. Die chemische Zusammensetzung des Stahls wurde durch Dotierung mit 15,0 % Chrom, 0,80 % Molybd\u00e4n und 0,20 % Vanadium angereichert.<\/p>\n<p>Klinge \u2013 extrem scharfe Drop-Point-Form, ideal f\u00fcr alle Arten von Jagdarbeiten. Satinglatte, glatte Klinge mit Hohlschliff f\u00fcr geringeres Gewicht und hervorragende Schneidleistung. Ein gro\u00dfer Fingervorsprung erleichtert die F\u00fchrung des Messers f\u00fcr pr\u00e4zises Arbeiten. Die Fingerspitzen und ein Teil des Klingenr\u00fcckens wurden f\u00fcr besseren Halt verbreitert.<\/p>\n<p>Griff \u2013 aus nat\u00fcrlichem Korallenholz (Sequoia)<\/p>\n<p>Scheide &#8211; handgen\u00e4ht, aus hochwertigem schwarzem Rindsleder mit gepr\u00e4gtem Herstellerlogo. Die Kanten des Geh\u00e4uses sind mit Ziergarn vern\u00e4ht. Schnappverschluss Typ Prym. Die G\u00fcrtelbefestigung erm\u00f6glicht das Tragen des Messers in aufrechter Position.<\/p>\n<p>Die <strong>Muela<\/strong> -Gruppe ist heute eines der f\u00fchrenden Unternehmen im Bereich handgefertigter Jagdmesser in Spanien und weltweit und ihre Messer und Taschenmesser genie\u00dfen hohes Ansehen f\u00fcr ihre hervorragende Verarbeitungsqualit\u00e4t.<br \/>\nTechnische Daten:<\/p>\n<p>Produktnummer: IBEX-8R<br \/>\nGesamtl\u00e4nge: 16,5 cm \/ 6,5 Zoll<br \/>\nKlingenl\u00e4nge: 7,5 cm \/ 2,95 Zoll<br \/>\nGriffl\u00e4nge: 90,0 mm \/ 3,46 Zoll<br \/>\nKlingenst\u00e4rke: 0,36 cm \/ 0,14 Zoll<br \/>\nGriffst\u00e4rke: na<br \/>\nGewicht: 129,0 g \/ 4,55 Unzen<\/p>\n<p>Klingenmaterial: X50CrMoV15<br \/>\nKlingenh\u00e4rte: n.d<br \/>\nKlingenschliff: Hohl<\/p>\n<p>&nbsp;<\/p>\n<p>&nbsp;<\/p>\n<p>&nbsp;<\/p>\n","protected":false},"excerpt":{"rendered":"<p><strong>  IBEX-8R handgefertigtes, kompaktes Messer aus der spanischen Manufaktur Muela. Ziel war es, ein handliches, aber zuverl\u00e4ssiges Messer mit geringem Gewicht f\u00fcr jeden Outdoor-Einsatz zu schaffen.<\/strong><\/p>\n","protected":false},"featured_media":352489,"comment_status":"open","ping_status":"closed","template":"","meta":[],"pwb-brand":[3914],"product_brand":[],"product_cat":[3287,3285],"product_tag":[3669],"class_list":{"0":"post-352517","1":"product","2":"type-product","3":"status-publish","4":"has-post-thumbnail","6":"pwb-brand-sie-musste","7":"product_cat-solide-messer","8":"product_cat-messer","9":"product_tag-b2b-de","11":"first","12":"outofstock","13":"taxable","14":"shipping-taxable","15":"purchasable","16":"product-type-simple"},"brands":[{"id":3914,"name":"Sie musste","slug":"sie-musste"}],"_links":{"self":[{"href":"https:\/\/www.moskito.cz\/de\/wp-json\/wp\/v2\/product\/352517","targetHints":{"allow":["GET"]}}],"collection":[{"href":"https:\/\/www.moskito.cz\/de\/wp-json\/wp\/v2\/product"}],"about":[{"href":"https:\/\/www.moskito.cz\/de\/wp-json\/wp\/v2\/types\/product"}],"replies":[{"embeddable":true,"href":"https:\/\/www.moskito.cz\/de\/wp-json\/wp\/v2\/comments?post=352517"}],"wp:featuredmedia":[{"embeddable":true,"href":"https:\/\/www.moskito.cz\/de\/wp-json\/wp\/v2\/media\/352489"}],"wp:attachment":[{"href":"https:\/\/www.moskito.cz\/de\/wp-json\/wp\/v2\/media?parent=352517"}],"wp:term":[{"taxonomy":"pwb-brand","embeddable":true,"href":"https:\/\/www.moskito.cz\/de\/wp-json\/wp\/v2\/pwb-brand?post=352517"},{"taxonomy":"product_brand","embeddable":true,"href":"https:\/\/www.moskito.cz\/de\/wp-json\/wp\/v2\/product_brand?post=352517"},{"taxonomy":"product_cat","embeddable":true,"href":"https:\/\/www.moskito.cz\/de\/wp-json\/wp\/v2\/product_cat?post=352517"},{"taxonomy":"product_tag","embeddable":true,"href":"https:\/\/www.moskito.cz\/de\/wp-json\/wp\/v2\/product_tag?post=352517"}],"curies":[{"name":"wp","href":"https:\/\/api.w.org\/{rel}","templated":true}]}}