{"id":352537,"date":"2023-07-16T17:40:19","date_gmt":"2024-07-15T11:44:54","guid":{"rendered":"https:\/\/www.moskito.cz\/produkt\/feststehendes-messer-muela-urial-19co\/"},"modified":"2025-05-07T11:21:29","modified_gmt":"2025-05-07T10:21:29","slug":"feststehendes-messer-muela-urial-19co","status":"publish","type":"product","link":"https:\/\/www.moskito.cz\/de\/produkt\/feststehendes-messer-muela-urial-19co\/","title":{"rendered":"Feststehendes Messer Muela URIAL-19CO"},"content":{"rendered":"<p>Feststehendes Messer <strong>Muela<\/strong> URIAL-19CO<\/p>\n<p>Das Urial-Messer stammt von der renommierten Marke Muela, einer Marke, die weltweit als eine der besten Messermarken bekannt ist. Ob f\u00fcr die Sammlung oder f\u00fcr den t\u00e4glichen Gebrauch, das Urial-Messer erf\u00fcllt alle Anspr\u00fcche an Qualit\u00e4t und Langlebigkeit.<\/p>\n<p>Muela ist eine spanische Marke, die weltweit als einer der besten Anbieter von edlem Besteck weltweit bekannt ist! J\u00e4hrlich werden mehr als 350.000 Einheiten produziert, von denen 70 % in mehr als 50 L\u00e4nder auf f\u00fcnf Kontinenten exportiert werden.<\/p>\n<p>Zu den Muela-Produkten geh\u00f6ren Handwerksmesser, Luxusmesser, Jagdmesser, Sportmesser und taktische Messer.<\/p>\n<p>Mit einer Klinge aus Molybd\u00e4n-Vanadium-Stahl, einem der edelsten Materialien f\u00fcr Besteck, ist Molybd\u00e4n-Vanadium-Stahl eines der gefragtesten Materialien bei Besteckherstellern und -sammlern, da es einfacher zu behandeln, zu schmieden, zu h\u00e4rten und zu pflegen ist Eine Vielzahl von Oberfl\u00e4chenbehandlungen verleiht den Klingen ein hochwertiges, poliertes Aussehen.<\/p>\n<p>Was ist Molybd\u00e4n-Vanadium-Stahl? Es handelt sich um einen hochwertigen mittellegierten Stahl, dessen chemische Zusammensetzung eine gute Kombination aus H\u00e4rte und Verschlei\u00dffestigkeit bietet. Es wird h\u00e4ufig f\u00fcr Schneidwerkzeuge wie Messer und Taschenmesser verwendet.<\/p>\n<p>Dar\u00fcber hinaus verf\u00fcgt seine Klinge \u00fcber eine polierte Oberfl\u00e4che, innovativ im rustikalen und modernen Design.<\/p>\n<p>Seine glatte Klinge hat eine steife Struktur, die feinere bis gr\u00f6bere Schnitte erm\u00f6glicht und alle Anforderungen effektiv erf\u00fcllt.<\/p>\n<p>Dieses Messermodell gibt es exklusiv bei Muel und wurde in Spanien hergestellt.<\/p>\n<p>Auch dieses Modell verf\u00fcgt \u00fcber einen Holzgriff mit hochwertiger Verarbeitung und einer glatten Oberfl\u00e4che von hoher Feinheit.<\/p>\n<p>Es verf\u00fcgt au\u00dferdem \u00fcber Beschichtungen auf PTFE-Basis. Diese Beschichtung verhindert das Anhaften und Impr\u00e4gnieren von R\u00fcckst\u00e4nden und sorgt so f\u00fcr eine l\u00e4ngere Haltbarkeit Ihres Messers.<\/p>\n<p>Sein schwarzer Griff erm\u00f6glicht eine komfortable Handhabung des Messers und verhindert aufgrund seiner Ergonomie, dass das Messer w\u00e4hrend des Gebrauchs in der Hand verrutscht.<\/p>\n<p>Sie verf\u00fcgen au\u00dferdem \u00fcber eine braune Scheide aus hochwertigem Leder mit Riemenverschluss. Der gr\u00f6\u00dfte Vorteil dieser Scheide ist ihre Praktikabilit\u00e4t und Qualit\u00e4t, die eine sichere Handhabung und einen sicheren Transport Ihres Urial-Messers erm\u00f6glicht.<\/p>\n<p>Als Sport- und Jagdmodell ist es bereit, sich hohen Leistungsherausforderungen zu stellen. Unterst\u00fctzt feinere Schnitte, sogar Schnitte wie Seile, H\u00e4ute und \u00c4ste, perfekt f\u00fcr Sie auf dem Wanderweg oder beim Camping.<\/p>\n<p>Sch\u00e4rfen: F\u00fcr eine bessere Erhaltung der Klinge Ihres Urial-Messers empfehlen wir die Verwendung von glattem Stahl, um die Ausrichtung beizubehalten und die Schneidkraft zu verl\u00e4ngern. Bei Bedarf kann Stein- oder Wasserschleifpapier mit sehr feiner K\u00f6rnung verwendet werden.<\/p>\n<p>Marke: Muela<br \/>\nModell: Messer Urial-19CO<br \/>\nGrifffarbe: Holz<br \/>\nKlingenfarbe: Silber<br \/>\nKlingenmaterial: Molybd\u00e4n-Vanadium-Stahl<br \/>\nGriffmaterial: Holz<br \/>\nBeschichtung: PTFE<br \/>\nSchalenfarbe: Braun<br \/>\nGeh\u00e4usematerial: Leder<br \/>\nFunktion: Sport-\/Jagdmesser<br \/>\nKlingenl\u00e4nge: 19 cm<br \/>\nKlingenbreite: 3,5 cm<br \/>\nKlingenst\u00e4rke: 4 mm<br \/>\nGesamtl\u00e4nge des Messers: 31 cm<br \/>\nGeh\u00e4useabmessungen: 29 cm x 5 cm x 2 cm<br \/>\nMa\u00dfe Messer mit Scheide: 33 cm x 5 cm x 3,5 cm<br \/>\nGewicht: 278g<br \/>\nGewicht Messer mit Scheide: 354 g<br \/>\nVerpackungsgewicht: 500 g<br \/>\nVerpackungsma\u00dfe: 35 cm x 9 cm x 5,3 cm<\/p>\n<p>&nbsp;<\/p>\n<p>&nbsp;<\/p>\n","protected":false},"excerpt":{"rendered":"<p><strong>Das Urial-Messer stammt von der renommierten Marke Muela, einer Marke, die weltweit als eine der besten Messermarken bekannt ist. Ob f\u00fcr die Sammlung oder f\u00fcr den t\u00e4glichen Gebrauch, das Urial-Messer erf\u00fcllt alle Anspr\u00fcche an Qualit\u00e4t und Langlebigkeit.<\/strong><\/p>\n","protected":false},"featured_media":352538,"comment_status":"open","ping_status":"closed","template":"","meta":[],"pwb-brand":[3914],"product_brand":[],"product_cat":[3287,3285],"product_tag":[3669],"class_list":{"0":"post-352537","1":"product","2":"type-product","3":"status-publish","4":"has-post-thumbnail","6":"pwb-brand-sie-musste","7":"product_cat-solide-messer","8":"product_cat-messer","9":"product_tag-b2b-de","11":"first","12":"instock","13":"taxable","14":"shipping-taxable","15":"purchasable","16":"product-type-simple"},"brands":[{"id":3914,"name":"Sie musste","slug":"sie-musste"}],"_links":{"self":[{"href":"https:\/\/www.moskito.cz\/de\/wp-json\/wp\/v2\/product\/352537","targetHints":{"allow":["GET"]}}],"collection":[{"href":"https:\/\/www.moskito.cz\/de\/wp-json\/wp\/v2\/product"}],"about":[{"href":"https:\/\/www.moskito.cz\/de\/wp-json\/wp\/v2\/types\/product"}],"replies":[{"embeddable":true,"href":"https:\/\/www.moskito.cz\/de\/wp-json\/wp\/v2\/comments?post=352537"}],"wp:featuredmedia":[{"embeddable":true,"href":"https:\/\/www.moskito.cz\/de\/wp-json\/wp\/v2\/media\/352538"}],"wp:attachment":[{"href":"https:\/\/www.moskito.cz\/de\/wp-json\/wp\/v2\/media?parent=352537"}],"wp:term":[{"taxonomy":"pwb-brand","embeddable":true,"href":"https:\/\/www.moskito.cz\/de\/wp-json\/wp\/v2\/pwb-brand?post=352537"},{"taxonomy":"product_brand","embeddable":true,"href":"https:\/\/www.moskito.cz\/de\/wp-json\/wp\/v2\/product_brand?post=352537"},{"taxonomy":"product_cat","embeddable":true,"href":"https:\/\/www.moskito.cz\/de\/wp-json\/wp\/v2\/product_cat?post=352537"},{"taxonomy":"product_tag","embeddable":true,"href":"https:\/\/www.moskito.cz\/de\/wp-json\/wp\/v2\/product_tag?post=352537"}],"curies":[{"name":"wp","href":"https:\/\/api.w.org\/{rel}","templated":true}]}}