{"id":352561,"date":"2024-07-15T12:53:02","date_gmt":"2024-07-15T11:55:47","guid":{"rendered":"https:\/\/www.moskito.cz\/produkt\/feststehendes-messer-muela-gaucho-20m\/"},"modified":"2025-05-07T11:21:30","modified_gmt":"2025-05-07T10:21:30","slug":"feststehendes-messer-muela-gaucho-20m","status":"publish","type":"product","link":"https:\/\/www.moskito.cz\/de\/produkt\/feststehendes-messer-muela-gaucho-20m\/","title":{"rendered":"Feststehendes Messer Muela GAUCHO-20M"},"content":{"rendered":"<p>Feststehendes Messer <strong>Muela<\/strong> GAUCHO-20M<\/p>\n<p><strong>Muela-<\/strong> Messer sind eine der Referenzmarken in der Welt des Sportbestecks. Ihre Produkte werden von erfahrenen Handwerkern und Messern aus ausgew\u00e4hlten Materialien handgefertigt, stets mit gr\u00f6\u00dfter Liebe zum Detail.<\/p>\n<p><strong>Muela<\/strong> <strong>Gaucho 20M<\/strong> langes Jagdmesser, ergonomisch geformter Griff aus dunklem Micarta, Grifffu\u00df aus Metall, Lieferung mit Scheide. Schlankes Jagdmesser Ein Jagdmesser der spanischen Firma Muela mit geradlinigem, schlichtem Design. Seine lange, schlanke Klinge wird von allen J\u00e4gern und J\u00e4gern bei ihren Aktivit\u00e4ten gest\u00e4hlt. Technische Daten F\u00fcr die Herstellung der Klinge wurde hochwertiger, rostfreier Molybd\u00e4n-Vanadium-Stahl mit einer H\u00e4rte von ca. 60 HRC verwendet. Der Messerlauf dient als Schutz f\u00fcr die Arbeitssicherheit. Die Beschl\u00e4ge und der Grifffu\u00df sind aus silberfarbenem Metall. Der Griff besteht aus dunklem Micarta, ist anatomisch geformt und liegt angenehm in der Hand. Das Messer wird mit einer schwarzen Lederscheide geliefert.<\/p>\n<p>Muela-Messer sind eine der Referenzmarken in der Welt des Sportbestecks. Ihre Produkte werden von erfahrenen Handwerkern und Messern aus ausgew\u00e4hlten Materialien handgefertigt, stets mit gr\u00f6\u00dfter Liebe zum Detail.<\/p>\n<p>Technische Spezifikationen:<\/p>\n<p>Stahl: X50CrMoV15 (MOVA)<br \/>\nStahlh\u00e4rte: 57-58 HRC<br \/>\nKlingenform: Klassisch<br \/>\nGriff: schwarzes Micarta<br \/>\nScheide: Schwarzes Lederetui im \u200b\u200bLieferumfang enthalten<br \/>\nMesserkonstruktion: Ganz<br \/>\nKlingenl\u00e4nge: 200 mm<br \/>\nGriffl\u00e4nge: 125 mm<br \/>\nCelkov\u00e1 d\u00e9lka: 325 mm<br \/>\nHmotnost: 250g<\/p>\n<p>&nbsp;<\/p>\n","protected":false},"excerpt":{"rendered":"<p><strong>No\u017ee Muela jsou jednou z referen\u010dn\u00edch zna\u010dek ve sv\u011bt\u011b sportovn\u00edch p\u0159\u00edbor\u016f. Jejich v\u00fdrobky jsou ru\u010dn\u011b vyr\u00e1b\u011bny z vybran\u00fdch materi\u00e1l\u016f, v\u017edy s maxim\u00e1ln\u00edm d\u016frazem na detail zku\u0161en\u00fdmi \u0159emesln\u00edky a no\u017e\u00ed\u0159i.<\/strong><\/p>\n","protected":false},"featured_media":352545,"comment_status":"open","ping_status":"closed","template":"","meta":[],"pwb-brand":[3914],"product_brand":[],"product_cat":[3285,3287],"product_tag":[3669],"class_list":{"0":"post-352561","1":"product","2":"type-product","3":"status-publish","4":"has-post-thumbnail","6":"pwb-brand-sie-musste","7":"product_cat-messer","8":"product_cat-solide-messer","9":"product_tag-b2b-de","11":"first","12":"instock","13":"taxable","14":"shipping-taxable","15":"purchasable","16":"product-type-simple"},"brands":[{"id":3914,"name":"Sie musste","slug":"sie-musste"}],"_links":{"self":[{"href":"https:\/\/www.moskito.cz\/de\/wp-json\/wp\/v2\/product\/352561","targetHints":{"allow":["GET"]}}],"collection":[{"href":"https:\/\/www.moskito.cz\/de\/wp-json\/wp\/v2\/product"}],"about":[{"href":"https:\/\/www.moskito.cz\/de\/wp-json\/wp\/v2\/types\/product"}],"replies":[{"embeddable":true,"href":"https:\/\/www.moskito.cz\/de\/wp-json\/wp\/v2\/comments?post=352561"}],"wp:featuredmedia":[{"embeddable":true,"href":"https:\/\/www.moskito.cz\/de\/wp-json\/wp\/v2\/media\/352545"}],"wp:attachment":[{"href":"https:\/\/www.moskito.cz\/de\/wp-json\/wp\/v2\/media?parent=352561"}],"wp:term":[{"taxonomy":"pwb-brand","embeddable":true,"href":"https:\/\/www.moskito.cz\/de\/wp-json\/wp\/v2\/pwb-brand?post=352561"},{"taxonomy":"product_brand","embeddable":true,"href":"https:\/\/www.moskito.cz\/de\/wp-json\/wp\/v2\/product_brand?post=352561"},{"taxonomy":"product_cat","embeddable":true,"href":"https:\/\/www.moskito.cz\/de\/wp-json\/wp\/v2\/product_cat?post=352561"},{"taxonomy":"product_tag","embeddable":true,"href":"https:\/\/www.moskito.cz\/de\/wp-json\/wp\/v2\/product_tag?post=352561"}],"curies":[{"name":"wp","href":"https:\/\/api.w.org\/{rel}","templated":true}]}}