{"id":352647,"date":"2024-07-15T13:20:39","date_gmt":"2024-07-15T12:27:11","guid":{"rendered":"https:\/\/www.moskito.cz\/produkt\/feststehendes-messer-muela-bear-24r\/"},"modified":"2025-05-07T11:21:33","modified_gmt":"2025-05-07T10:21:33","slug":"feststehendes-messer-muela-bear-24r","status":"publish","type":"product","link":"https:\/\/www.moskito.cz\/de\/produkt\/feststehendes-messer-muela-bear-24r\/","title":{"rendered":"Feststehendes Messer Muela BEAR-24R"},"content":{"rendered":"<p>Feststehendes Messer <strong>Muela<\/strong> BEAR-24R.<\/p>\n<p>Das Unternehmen <strong>MUELA<\/strong> ist seit 1950 in Spanien weltweit f\u00fcr die Herstellung exklusiver Messer, Taschenmesser und Rasiermesser bekannt und eine Referenz im Bereich Messer, da seine Produkte sorgf\u00e4ltig aus speziell ausgew\u00e4hlten Materialien hergestellt werden.<\/p>\n<p>Jedes St\u00fcck wird von erfahrenen Schneidern fertiggestellt, die den letzten Schliff auf handwerkliche und sorgf\u00e4ltige Weise vornehmen, einschlie\u00dflich Sch\u00e4rfen, Polieren und strenger Qualit\u00e4tskontrolle.<\/p>\n<p>Das Sportmesser Muela BEAR-24R verf\u00fcgt \u00fcber eine EDELSTAHLKlinge im Spearhead-Dolch-Format mit einer H\u00e4rte von 57-58 HRC.<\/p>\n<p>Der Griff besteht aus nat\u00fcrlichem Korallenholz und wird mit einem Lederetui mit g\u00fcrtelartigem Verschluss und Schnalle geliefert.<\/p>\n<p>Es gilt als sehr hochwertiges und EXTREM SCHARFEs Messer und garantiert ein tolles Erlebnis f\u00fcr Benutzer, die Besteck auf professionellem Niveau suchen.<\/p>\n<p>Diese und andere Muela Knives-Modelle zum besten Preis-Leistungs-Verh\u00e4ltnis auf dem Markt finden Sie hier bei AR15 SPORT!<\/p>\n<p>TECHNISCHE SPEZIFIKATIONEN:<\/p>\n<p>Marke: Muela<br \/>\nModell: Bear-24R<br \/>\nKlingenmaterial: Edelstahl<br \/>\nGriffmaterial: Nat\u00fcrliches Korallenholz<br \/>\nKlingenh\u00e4rte: 57-58 HRC<br \/>\nKlingenform: Speerspitze, Dolch<br \/>\nLederetui mit Schnallenverschluss<br \/>\nExtrem scharfes Sportmesser<br \/>\nKlingenl\u00e4nge: 24,2 cm<br \/>\nGesamtl\u00e4nge: 38 cm<br \/>\nGesamtgewicht: 347 Gramm<\/p>\n<p>&nbsp;<\/p>\n","protected":false},"excerpt":{"rendered":"<p><strong>Das Unternehmen MUELA ist seit 1950 in Spanien weltweit f\u00fcr die Herstellung exklusiver Messer, Taschenmesser und Rasiermesser bekannt und eine Referenz im Bereich Messer, da seine Produkte sorgf\u00e4ltig aus speziell ausgew\u00e4hlten Materialien hergestellt werden.<\/strong><\/p>\n","protected":false},"featured_media":352611,"comment_status":"open","ping_status":"closed","template":"","meta":[],"pwb-brand":[3914],"product_brand":[],"product_cat":[3287,3285],"product_tag":[],"class_list":{"0":"post-352647","1":"product","2":"type-product","3":"status-publish","4":"has-post-thumbnail","6":"pwb-brand-sie-musste","7":"product_cat-solide-messer","8":"product_cat-messer","10":"first","11":"instock","12":"taxable","13":"shipping-taxable","14":"purchasable","15":"product-type-simple"},"brands":[{"id":3914,"name":"Sie musste","slug":"sie-musste"}],"_links":{"self":[{"href":"https:\/\/www.moskito.cz\/de\/wp-json\/wp\/v2\/product\/352647","targetHints":{"allow":["GET"]}}],"collection":[{"href":"https:\/\/www.moskito.cz\/de\/wp-json\/wp\/v2\/product"}],"about":[{"href":"https:\/\/www.moskito.cz\/de\/wp-json\/wp\/v2\/types\/product"}],"replies":[{"embeddable":true,"href":"https:\/\/www.moskito.cz\/de\/wp-json\/wp\/v2\/comments?post=352647"}],"wp:featuredmedia":[{"embeddable":true,"href":"https:\/\/www.moskito.cz\/de\/wp-json\/wp\/v2\/media\/352611"}],"wp:attachment":[{"href":"https:\/\/www.moskito.cz\/de\/wp-json\/wp\/v2\/media?parent=352647"}],"wp:term":[{"taxonomy":"pwb-brand","embeddable":true,"href":"https:\/\/www.moskito.cz\/de\/wp-json\/wp\/v2\/pwb-brand?post=352647"},{"taxonomy":"product_brand","embeddable":true,"href":"https:\/\/www.moskito.cz\/de\/wp-json\/wp\/v2\/product_brand?post=352647"},{"taxonomy":"product_cat","embeddable":true,"href":"https:\/\/www.moskito.cz\/de\/wp-json\/wp\/v2\/product_cat?post=352647"},{"taxonomy":"product_tag","embeddable":true,"href":"https:\/\/www.moskito.cz\/de\/wp-json\/wp\/v2\/product_tag?post=352647"}],"curies":[{"name":"wp","href":"https:\/\/api.w.org\/{rel}","templated":true}]}}