{"id":352735,"date":"2024-07-16T09:48:57","date_gmt":"2024-07-16T08:50:42","guid":{"rendered":"https:\/\/www.moskito.cz\/produkt\/feststehendes-messer-muela-scorpion-26w\/"},"modified":"2025-05-07T11:21:35","modified_gmt":"2025-05-07T10:21:35","slug":"feststehendes-messer-muela-scorpion-26w","status":"publish","type":"product","link":"https:\/\/www.moskito.cz\/de\/produkt\/feststehendes-messer-muela-scorpion-26w\/","title":{"rendered":"Feststehendes Messer Muela SCORPION-26W"},"content":{"rendered":"<p>Feststehendes Messer <strong>Muela<\/strong> SCORPION-26W.<\/p>\n<p><strong>Sportmesser Muela Scorpion-26W<\/strong><\/p>\n<p>Das Sportmesser Muela Scorpion-26W empfiehlt sich f\u00fcr diejenigen unter Ihnen, die ein gutes Messer f\u00fcr Ihre Jagdaktivit\u00e4ten mit doppelter harter Schneide suchen. Mit 115 mm (4 1\/2 Zoll) hochdichtem Gummigriff, mit 260 mm (10 1\/4 Zoll) Klinge aus 420H-Karbonstahl, gute Verschlei\u00dffestigkeit und leicht zu sch\u00e4rfen.<\/p>\n<p>Das Muela Scorpion-26W Sportmesser ist ein Messer aus der Daggers and Daggers-Serie, das speziell f\u00fcr Besteckliebhaber mit hervorragenden Materialien wie hochdichtem Gummi im Griff entwickelt und hergestellt wurde.<\/p>\n<p>Seine Klinge besteht aus 420H-Stahl, 420-Stahl mit hohem Kohlenstoffgehalt, guter Verschlei\u00dffestigkeit und leichtem Sch\u00e4rfen, gute Wahl f\u00fcr verschiedene Anwendungen.<\/p>\n<p>Muela produziert seit 1950 in Spanien exklusive Messer, Taschenmesser und Rasiermesser und ist weltweit eine Referenz im Besteckbereich. Dank speziell ausgew\u00e4hlter Materialien wie martensitischem Stahl, der in den Klingen und Hirschgeweihen verwendet wird, die in einigen Modellen verwendet werden, werden sie mit hervorragender Arbeit geformt und fertiggestellt, die moderne Maschinen mit einer handwerklichen Methode verbindet. Alle Produkte durchlaufen erfahrene Schneider, die jedes St\u00fcck pr\u00e4zise anpassen, sch\u00e4rfen, polieren und unter strenger Qualit\u00e4tskontrolle pr\u00fcfen.<\/p>\n<p>Technische Eigenschaften:<\/p>\n<p>Code: SCORPION-26W<br \/>\nMarke: Muela<br \/>\nModell: Dolche und Dolche \u2013 Scorpion-26w<br \/>\nKabelmaterial: Gummi<br \/>\nKlingenmaterial: 420 H<br \/>\nKlingenl\u00e4nge: 26 cm (10 1\/4&#8243;)<br \/>\nKabell\u00e4nge: 11,5 cm (4 1\/2&#8243;)<br \/>\nStahlh\u00e4rte: 56 &#8211; 58 HRC<br \/>\nGewicht: 400 g<\/p>\n<p>&nbsp;<\/p>\n","protected":false},"excerpt":{"rendered":"<p><strong>Das Sportmesser Muela Scorpion-26W empfiehlt sich f\u00fcr diejenigen unter Ihnen, die ein gutes Messer f\u00fcr Ihre Jagdaktivit\u00e4ten mit doppelter harter Schneide suchen.<\/strong><\/p>\n","protected":false},"featured_media":352710,"comment_status":"open","ping_status":"closed","template":"","meta":[],"pwb-brand":[3914],"product_brand":[],"product_cat":[3285,3287],"product_tag":[3669],"class_list":{"0":"post-352735","1":"product","2":"type-product","3":"status-publish","4":"has-post-thumbnail","6":"pwb-brand-sie-musste","7":"product_cat-messer","8":"product_cat-solide-messer","9":"product_tag-b2b-de","11":"first","12":"outofstock","13":"taxable","14":"shipping-taxable","15":"purchasable","16":"product-type-simple"},"brands":[{"id":3914,"name":"Sie musste","slug":"sie-musste"}],"_links":{"self":[{"href":"https:\/\/www.moskito.cz\/de\/wp-json\/wp\/v2\/product\/352735","targetHints":{"allow":["GET"]}}],"collection":[{"href":"https:\/\/www.moskito.cz\/de\/wp-json\/wp\/v2\/product"}],"about":[{"href":"https:\/\/www.moskito.cz\/de\/wp-json\/wp\/v2\/types\/product"}],"replies":[{"embeddable":true,"href":"https:\/\/www.moskito.cz\/de\/wp-json\/wp\/v2\/comments?post=352735"}],"wp:featuredmedia":[{"embeddable":true,"href":"https:\/\/www.moskito.cz\/de\/wp-json\/wp\/v2\/media\/352710"}],"wp:attachment":[{"href":"https:\/\/www.moskito.cz\/de\/wp-json\/wp\/v2\/media?parent=352735"}],"wp:term":[{"taxonomy":"pwb-brand","embeddable":true,"href":"https:\/\/www.moskito.cz\/de\/wp-json\/wp\/v2\/pwb-brand?post=352735"},{"taxonomy":"product_brand","embeddable":true,"href":"https:\/\/www.moskito.cz\/de\/wp-json\/wp\/v2\/product_brand?post=352735"},{"taxonomy":"product_cat","embeddable":true,"href":"https:\/\/www.moskito.cz\/de\/wp-json\/wp\/v2\/product_cat?post=352735"},{"taxonomy":"product_tag","embeddable":true,"href":"https:\/\/www.moskito.cz\/de\/wp-json\/wp\/v2\/product_tag?post=352735"}],"curies":[{"name":"wp","href":"https:\/\/api.w.org\/{rel}","templated":true}]}}