{"id":352794,"date":"2024-07-16T11:41:02","date_gmt":"2024-07-16T10:42:03","guid":{"rendered":"https:\/\/www.moskito.cz\/produkt\/solides-messer-muela-bison-9nl\/"},"modified":"2025-05-07T11:21:39","modified_gmt":"2025-05-07T10:21:39","slug":"solides-messer-muela-bison-9nl","status":"publish","type":"product","link":"https:\/\/www.moskito.cz\/de\/produkt\/solides-messer-muela-bison-9nl\/","title":{"rendered":"Solides Messer Muela BISON-9NL"},"content":{"rendered":"<p>Solides Messer <strong>Muela<\/strong> BISON-9NL.<\/p>\n<p><strong>Das BISON-9NL<\/strong> ist ein kompaktes, kunstvoll gefertigtes Jagd-Wurfmesser mit feststehender Klinge und Full-Tang-Design. Perfekt ausbalanciert, f\u00fcr J\u00e4ger konzipiert, fungiert es als Universalmesser. Hergestellt aus Molybd\u00e4n-Vanadium-Stahl MoVa.<\/p>\n<p>1.4116 (X50CrMoV15) \u2013 Molybd\u00e4n-Vanadium-Stahl, der f\u00fcr hochwertige Messer, Besteck und chirurgische Instrumente verwendet wird. Es zeichnet sich durch eine relativ hohe H\u00e4rte wie bei rostfreien St\u00e4hlen aus. Best\u00e4ndig gegen Korrosion unter K\u00fcchenbedingungen. Es ist eine empfehlenswerte Alternative zum Werkstoff 1.4034 \/ X46Cr13 \/ 4H13. Die chemische Zusammensetzung wird durch den Gehalt an Chrom, Molybd\u00e4n und den Zusatz von Vanadium angereichert.<\/p>\n<p>Klinge \u2013 Typ Clip Point, St\u00e4rke 3,6 mm mit guten mechanischen Eigenschaften und lang anhaltender Sch\u00e4rfe. Die Plain-Klinge wurde mit einem konkaven Schliff (Hohlschliff) gefertigt. Die Satin Finish (halbmatte) Oberfl\u00e4che verhindert Blendung. Eine gezahnte Daumenrampe (auf der R\u00fcckseite der Klinge) und ein Finger-Choke, eine profilierte Hinterschneidung des Zeigefingers zwischen Griff und Klinge, erh\u00f6hen die Man\u00f6vrierf\u00e4higkeit des Messers.<\/p>\n<p>Der ergonomisch geformte Griff unter der Handfl\u00e4che bietet perfekten Halt beim Arbeiten. Die braunen Bez\u00fcge bestehen aus exotischem, hartem Palisanderholz. Die Nieten zur Befestigung der Abdeckung sind aus Stahl. An der R\u00fcckseite des Griffs befand sich ein mit Abst\u00e4nden versehenes, geflochtenes Lederband.<\/p>\n<p>Koffer \u2013 verl\u00e4ngert, sch\u00fctzt den Kopf mit einem Teil des Griffs. Aus braunem Leder mit gepr\u00e4gtem Firmenlogo, Druckknopfverschluss. Die Scheide wurde an den R\u00e4ndern mit Ziergarn vern\u00e4ht. Durch die G\u00fcrtel- oder Zahnradbefestigung kann das Messer in vertikaler Position getragen werden.<\/p>\n<p>Technische Spezifikationen:<br \/>\nProduktnummer: BISON-9NL<\/p>\n<p>Klingenl\u00e4nge: 9 cm \/ 3,54 Zoll<br \/>\nKlingenst\u00e4rke: 0,36 cm \/ 0,14 Zoll<br \/>\nGesamtl\u00e4nge: 18 cm \/ 7,08 Zoll<br \/>\nGewicht: 108 g<\/p>\n<p>Klingenmaterial: X50CrMoV15<br \/>\nKlingenh\u00e4rte: 56-58 HRc<br \/>\nKlingenschliff: Hohl<br \/>\nOberfl\u00e4chenbehandlung der Klinge: satiniert<\/p>\n<p>Griffmaterial: Palisander (Kingwood)<br \/>\nFarbe der Griffoberfl\u00e4che: braun<\/p>\n<p>Scheide (Holster): Leder<br \/>\nSonstiges Zubeh\u00f6r: Keines<\/p>\n<p>Designer: Muela<br \/>\nMarkenname: Muela<br \/>\nHersteller: Manufacturas Muela, SA<br \/>\nHerkunftsland: Spanien<\/p>\n<p>&nbsp;<\/p>\n<p>&nbsp;<\/p>\n","protected":false},"excerpt":{"rendered":"<p><strong>Das BISON-9NL ist ein kompaktes, kunstvoll gefertigtes Jagd-Wurfmesser mit feststehender Klinge und Full-Tang-Design. Perfekt ausbalanciert, f\u00fcr J\u00e4ger konzipiert, fungiert es als Universalmesser.<\/strong><\/p>\n","protected":false},"featured_media":352774,"comment_status":"open","ping_status":"closed","template":"","meta":[],"pwb-brand":[3914],"product_brand":[],"product_cat":[3285,3287],"product_tag":[3669],"class_list":{"0":"post-352794","1":"product","2":"type-product","3":"status-publish","4":"has-post-thumbnail","6":"pwb-brand-sie-musste","7":"product_cat-messer","8":"product_cat-solide-messer","9":"product_tag-b2b-de","11":"first","12":"instock","13":"taxable","14":"shipping-taxable","15":"purchasable","16":"product-type-simple"},"brands":[{"id":3914,"name":"Sie musste","slug":"sie-musste"}],"_links":{"self":[{"href":"https:\/\/www.moskito.cz\/de\/wp-json\/wp\/v2\/product\/352794","targetHints":{"allow":["GET"]}}],"collection":[{"href":"https:\/\/www.moskito.cz\/de\/wp-json\/wp\/v2\/product"}],"about":[{"href":"https:\/\/www.moskito.cz\/de\/wp-json\/wp\/v2\/types\/product"}],"replies":[{"embeddable":true,"href":"https:\/\/www.moskito.cz\/de\/wp-json\/wp\/v2\/comments?post=352794"}],"wp:featuredmedia":[{"embeddable":true,"href":"https:\/\/www.moskito.cz\/de\/wp-json\/wp\/v2\/media\/352774"}],"wp:attachment":[{"href":"https:\/\/www.moskito.cz\/de\/wp-json\/wp\/v2\/media?parent=352794"}],"wp:term":[{"taxonomy":"pwb-brand","embeddable":true,"href":"https:\/\/www.moskito.cz\/de\/wp-json\/wp\/v2\/pwb-brand?post=352794"},{"taxonomy":"product_brand","embeddable":true,"href":"https:\/\/www.moskito.cz\/de\/wp-json\/wp\/v2\/product_brand?post=352794"},{"taxonomy":"product_cat","embeddable":true,"href":"https:\/\/www.moskito.cz\/de\/wp-json\/wp\/v2\/product_cat?post=352794"},{"taxonomy":"product_tag","embeddable":true,"href":"https:\/\/www.moskito.cz\/de\/wp-json\/wp\/v2\/product_tag?post=352794"}],"curies":[{"name":"wp","href":"https:\/\/api.w.org\/{rel}","templated":true}]}}