{"id":352850,"date":"2024-07-16T12:27:27","date_gmt":"2024-07-16T11:32:28","guid":{"rendered":"https:\/\/www.moskito.cz\/produkt\/feststehendes-messer-muela-bwe-8-o\/"},"modified":"2025-05-07T11:21:40","modified_gmt":"2025-05-07T10:21:40","slug":"feststehendes-messer-muela-bwe-8-o","status":"publish","type":"product","link":"https:\/\/www.moskito.cz\/de\/produkt\/feststehendes-messer-muela-bwe-8-o\/","title":{"rendered":"Feststehendes Messer Muela BWE-8.O"},"content":{"rendered":"<p>Feststehendes Messer <strong>Muela<\/strong> BWE-8.O<\/p>\n<p><strong>Muela BWE-8.O<\/strong> Orange Micarta, satiniertes, gerades, kompaktes Allzweckmesser. Klinge aus rostfreiem X50CrMoV15-Stahl mit satinierter Oberfl\u00e4che. Bequemer Jute-Micarta-Griff. Ein ausgezeichneter Helfer f\u00fcr die Jagd, Outdoor-Aktivit\u00e4ten oder das \u00dcberleben.<\/p>\n<p>1.4116 (X50CrMoV15) \u2013 martensitischer Edelstahl mit hohem Kohlenstoffgehalt und Molybd\u00e4n-Vanadium-Gehalt, \u00e4u\u00dferst best\u00e4ndig gegen Korrosion und Verschlei\u00df. Es wird bei der Herstellung von Messern, Schneidbestecken und chirurgischen Instrumenten verwendet. Es zeichnet sich durch eine f\u00fcr Edelst\u00e4hle relativ hohe H\u00e4rte von 57-58 HRC aus. Die chemische Zusammensetzung des Stahls wird durch eine Beimischung von 15,0 % Chrom, 0,80 % Molybd\u00e4n und 0,20 % Vanadium angereichert.<\/p>\n<p>Klinge \u2013 Clip-Point-Typ mit deutlich markiertem Klingenbauch. Die glatte Klinge wurde aus einem Flachschliff hergestellt, der hervorragende Schneideigenschaften bei gleichzeitig hervorragender Haltbarkeit bietet.<\/p>\n<p>Griff &#8211; profiliert, mit polierten, wasserdichten Micarta-Griffen \u00fcberzogen. Es bietet einen bequemen und sicheren Halt. Die Nieten, mit denen die Griffabdeckungen befestigt sind, bestehen aus hochvernickeltem Messing. Auf der R\u00fcckseite des Griffs ist er mit einem Loch f\u00fcr das Seil befestigt.<\/p>\n<p>Scheide aus gut gegerbtem, nat\u00fcrlichem Rindsleder in schwarzer Farbe. Auf der Oberfl\u00e4che eingepr\u00e4gtes Herstellerlogo. Die Scheide ist an den R\u00e4ndern mit Zierfaden vern\u00e4ht. Wenn Sie es am G\u00fcrtel oder an Ihrer Ausr\u00fcstung befestigen, k\u00f6nnen Sie das Messer in aufrechter Position tragen.<\/p>\n<p>Technische Daten:<br \/>\nProduktnummer: BWE-8.O<br \/>\nProduktname: Muela BWE-8.O Orange Micarta, Satin<\/p>\n<p>Gesamtl\u00e4nge: 16,3 cm \/ 6,42 Zoll<br \/>\nKlingenl\u00e4nge: 8 cm \/ 3,15 Zoll<br \/>\nKlingenst\u00e4rke: n.d<br \/>\nGewicht: 74,0 g<\/p>\n<p>Klingenmaterial: X50CrMoV15<br \/>\nKlingenh\u00e4rte: n.d<br \/>\nKlingenschliff: Flach<br \/>\nOberfl\u00e4chenbehandlung der Klinge: satiniert<\/p>\n<p>Griffmaterial: Micarta<br \/>\nFarbe der Griffoberfl\u00e4che: Orange<\/p>\n<p>Scheide (Holster): Leder<br \/>\nSonstiges Zubeh\u00f6r: Keines<\/p>\n<p>Designer: Muela<br \/>\nMarkenname: Muela<br \/>\nHersteller: Manufacturas Muela, SA<br \/>\nHerkunftsland: Spanien<\/p>\n<p>&nbsp;<\/p>\n","protected":false},"excerpt":{"rendered":"<p><strong>Muela BWE-8.O Orange Micarta, satiniertes, gerades, kompaktes Allzweckmesser. Klinge aus rostfreiem X50CrMoV15-Stahl mit satinierter Oberfl\u00e4che. Bequemer Jute-Micarta-Griff. Ein ausgezeichneter Helfer f\u00fcr die Jagd, Outdoor-Aktivit\u00e4ten oder das \u00dcberleben.<\/strong><\/p>\n","protected":false},"featured_media":352799,"comment_status":"open","ping_status":"closed","template":"","meta":[],"pwb-brand":[3914],"product_brand":[],"product_cat":[3285,3287],"product_tag":[3669],"class_list":{"0":"post-352850","1":"product","2":"type-product","3":"status-publish","4":"has-post-thumbnail","6":"pwb-brand-sie-musste","7":"product_cat-messer","8":"product_cat-solide-messer","9":"product_tag-b2b-de","11":"first","12":"instock","13":"taxable","14":"shipping-taxable","15":"purchasable","16":"product-type-simple"},"brands":[{"id":3914,"name":"Sie musste","slug":"sie-musste"}],"_links":{"self":[{"href":"https:\/\/www.moskito.cz\/de\/wp-json\/wp\/v2\/product\/352850","targetHints":{"allow":["GET"]}}],"collection":[{"href":"https:\/\/www.moskito.cz\/de\/wp-json\/wp\/v2\/product"}],"about":[{"href":"https:\/\/www.moskito.cz\/de\/wp-json\/wp\/v2\/types\/product"}],"replies":[{"embeddable":true,"href":"https:\/\/www.moskito.cz\/de\/wp-json\/wp\/v2\/comments?post=352850"}],"wp:featuredmedia":[{"embeddable":true,"href":"https:\/\/www.moskito.cz\/de\/wp-json\/wp\/v2\/media\/352799"}],"wp:attachment":[{"href":"https:\/\/www.moskito.cz\/de\/wp-json\/wp\/v2\/media?parent=352850"}],"wp:term":[{"taxonomy":"pwb-brand","embeddable":true,"href":"https:\/\/www.moskito.cz\/de\/wp-json\/wp\/v2\/pwb-brand?post=352850"},{"taxonomy":"product_brand","embeddable":true,"href":"https:\/\/www.moskito.cz\/de\/wp-json\/wp\/v2\/product_brand?post=352850"},{"taxonomy":"product_cat","embeddable":true,"href":"https:\/\/www.moskito.cz\/de\/wp-json\/wp\/v2\/product_cat?post=352850"},{"taxonomy":"product_tag","embeddable":true,"href":"https:\/\/www.moskito.cz\/de\/wp-json\/wp\/v2\/product_tag?post=352850"}],"curies":[{"name":"wp","href":"https:\/\/api.w.org\/{rel}","templated":true}]}}