{"id":352886,"date":"2024-07-16T14:25:55","date_gmt":"2024-07-16T13:27:06","guid":{"rendered":"https:\/\/www.moskito.cz\/produkt\/feststehendes-messer-muela-ibex-8-ol\/"},"modified":"2025-05-07T11:21:41","modified_gmt":"2025-05-07T10:21:41","slug":"feststehendes-messer-muela-ibex-8-ol","status":"publish","type":"product","link":"https:\/\/www.moskito.cz\/de\/produkt\/feststehendes-messer-muela-ibex-8-ol\/","title":{"rendered":"Feststehendes Messer Muela IBEX-8.OL"},"content":{"rendered":"<p>Feststehendes Messer <strong>Muela<\/strong> IBEX-8.OL<\/p>\n<p><strong>IBEX-8.OL<\/strong> handgefertigtes, kompaktes Messer aus der spanischen Manufaktur Muela. Ziel war es, ein handliches, aber zuverl\u00e4ssiges Messer mit geringem Gewicht f\u00fcr jeden Outdoor-Einsatz zu schaffen. Vielseitig, perfekt ausbalanciert, mit Allover-Design und einer Klinge aus X50CrMoV15-Stahl liefert es eine enorme Schneidleistung. Zielgruppe sind Bushcraft-, Survival- und Jagdbegeisterte.<\/p>\n<p>X50CrMoV15 (1.4116) \u2013 martensitischer Edelstahl mit hohem Kohlenstoffgehalt und Molybd\u00e4n-Vanadium-Gehalt, \u00e4u\u00dferst best\u00e4ndig gegen Korrosion und Verschlei\u00df. Es wird bei der Herstellung von Messern, Schneidbestecken und chirurgischen Instrumenten verwendet. Es zeichnet sich durch eine f\u00fcr Edelst\u00e4hle relativ hohe H\u00e4rte von 56-58 HRC aus. Die chemische Zusammensetzung des Stahls wurde durch Dotierung mit 15,0 % Chrom, 0,80 % Molybd\u00e4n und 0,20 % Vanadium angereichert.<\/p>\n<p>Klinge \u2013 Typ Drop Point, St\u00e4rke 3,6 mm mit guten mechanischen Eigenschaften und lang anhaltender Sch\u00e4rfe. Die glatte Klinge (Typ Plain) wurde mit einem konkaven Schliff (Hollow Grind) gefertigt. Satinierte Oberfl\u00e4che (halbmatt), die Blendungen verhindert. Ein gezahnter, profilierter, hinterschnittener Finger Choil zwischen Griff und Klinge erleichtert die Kontrolle des Messers.<\/p>\n<p>Griff \u2013 mit Olivenholzverkleidung mit einzigartigem Design \u00fcberzogen. Die Profilierung unter der Hand sorgt f\u00fcr perfekten Halt beim Arbeiten. Der R\u00fcckengurt erh\u00f6ht den Komfort und den Halt.<\/p>\n<p>Scheide &#8211; handgen\u00e4ht, aus hochwertigem braunem Rindsleder mit gepr\u00e4gtem Herstellerlogo. Die Kanten des Geh\u00e4uses sind mit Ziergarn vern\u00e4ht. Schnappverschluss Typ Prym. Die G\u00fcrtelbefestigung erm\u00f6glicht das Tragen des Messers in aufrechter Position.<\/p>\n<p>Technische Spezifikationen:<br \/>\nProduktnummer: IBEX-8OL<\/p>\n<p>Gesamtl\u00e4nge: 16,5 cm \/ 6,5 Zoll<br \/>\nKlingenl\u00e4nge: 7,5 cm \/ 2,95 Zoll<br \/>\nKlingenst\u00e4rke: 0,36 cm \/ 0,14 Zoll<br \/>\nGewicht: 129,0 g \/ 4,55 Unzen<\/p>\n<p>Klingenmaterial: X50CrMoV15<br \/>\nKlingenh\u00e4rte: 56-58 HRc<br \/>\nKlingenschliff: Hohl<br \/>\nOberfl\u00e4chenbehandlung der Klinge: satiniert<\/p>\n<p>Griffmaterial: Olivenholz<br \/>\nGrifffarbe: Beige<\/p>\n<p>Scheide (Holster): Leder<br \/>\nSonstiges Zubeh\u00f6r: Keines<\/p>\n<p>Designer: Muela<br \/>\nMarkenname: Muela<br \/>\nHersteller: Manufacturas Muela, SA<br \/>\nHerkunftsland: Spanien<\/p>\n<p>&nbsp;<\/p>\n","protected":false},"excerpt":{"rendered":"<p><strong>IBEX-8.OL handgefertigtes, kompaktes Messer aus der spanischen Manufaktur Muela. Ziel war es, ein handliches, aber zuverl\u00e4ssiges Messer mit geringem Gewicht f\u00fcr jeden Outdoor-Einsatz zu schaffen. Vielseitig, perfekt ausbalanciert, mit Allover-Design und einer Klinge aus X50CrMoV15-Stahl liefert es eine enorme Schneidleistung. Zielgruppe sind Bushcraft-, Survival- und Jagdbegeisterte.<\/strong><\/p>\n","protected":false},"featured_media":352856,"comment_status":"open","ping_status":"closed","template":"","meta":[],"pwb-brand":[3914],"product_brand":[],"product_cat":[3285,3287],"product_tag":[3669],"class_list":{"0":"post-352886","1":"product","2":"type-product","3":"status-publish","4":"has-post-thumbnail","6":"pwb-brand-sie-musste","7":"product_cat-messer","8":"product_cat-solide-messer","9":"product_tag-b2b-de","11":"first","12":"instock","13":"taxable","14":"shipping-taxable","15":"purchasable","16":"product-type-simple"},"brands":[{"id":3914,"name":"Sie musste","slug":"sie-musste"}],"_links":{"self":[{"href":"https:\/\/www.moskito.cz\/de\/wp-json\/wp\/v2\/product\/352886","targetHints":{"allow":["GET"]}}],"collection":[{"href":"https:\/\/www.moskito.cz\/de\/wp-json\/wp\/v2\/product"}],"about":[{"href":"https:\/\/www.moskito.cz\/de\/wp-json\/wp\/v2\/types\/product"}],"replies":[{"embeddable":true,"href":"https:\/\/www.moskito.cz\/de\/wp-json\/wp\/v2\/comments?post=352886"}],"wp:featuredmedia":[{"embeddable":true,"href":"https:\/\/www.moskito.cz\/de\/wp-json\/wp\/v2\/media\/352856"}],"wp:attachment":[{"href":"https:\/\/www.moskito.cz\/de\/wp-json\/wp\/v2\/media?parent=352886"}],"wp:term":[{"taxonomy":"pwb-brand","embeddable":true,"href":"https:\/\/www.moskito.cz\/de\/wp-json\/wp\/v2\/pwb-brand?post=352886"},{"taxonomy":"product_brand","embeddable":true,"href":"https:\/\/www.moskito.cz\/de\/wp-json\/wp\/v2\/product_brand?post=352886"},{"taxonomy":"product_cat","embeddable":true,"href":"https:\/\/www.moskito.cz\/de\/wp-json\/wp\/v2\/product_cat?post=352886"},{"taxonomy":"product_tag","embeddable":true,"href":"https:\/\/www.moskito.cz\/de\/wp-json\/wp\/v2\/product_tag?post=352886"}],"curies":[{"name":"wp","href":"https:\/\/api.w.org\/{rel}","templated":true}]}}