{"id":352932,"date":"2024-07-16T14:45:39","date_gmt":"2024-07-16T13:45:39","guid":{"rendered":"https:\/\/www.moskito.cz\/produkt\/feststehendes-messer-muela-bison-9-ol\/"},"modified":"2025-05-07T11:21:44","modified_gmt":"2025-05-07T10:21:44","slug":"feststehendes-messer-muela-bison-9-ol","status":"publish","type":"product","link":"https:\/\/www.moskito.cz\/de\/produkt\/feststehendes-messer-muela-bison-9-ol\/","title":{"rendered":"Feststehendes Messer Muela BISON-9.OL"},"content":{"rendered":"<p>Feststehendes Messer <strong>Muela<\/strong> BISON-9.OL<\/p>\n<p>BISON-9.OL ist ein raffiniert gefertigtes Jagdmesser mit Full-Tang-Konstruktion. Perfekt ausbalanciert, f\u00fcr Jagdbegeisterte konzipiert, fungiert es als Universalmesser. Hergestellt aus MoVa-Molybd\u00e4n-Vanadium-Stahl.<\/p>\n<p>1.4116 (X50CrMoV15) \u2013 Molybd\u00e4n-Vanadium-Stahl, der f\u00fcr hochwertige Messer, Besteck und chirurgische Instrumente verwendet wird. Es zeichnet sich durch eine relativ hohe H\u00e4rte wie bei rostfreien St\u00e4hlen aus. Best\u00e4ndig gegen Korrosion unter K\u00fcchenbedingungen. Es ist eine empfehlenswerte Alternative zum Werkstoff 1.4034 \/ X46Cr13 \/ 4H13. Die chemische Zusammensetzung wird durch den Gehalt an Chrom, Molybd\u00e4n und den Zusatz von Vanadium angereichert.<\/p>\n<p>Klinge \u2013 Typ Clip Point, St\u00e4rke 3,6 mm, mit guten mechanischen Eigenschaften und langer Fokussierung. Die glatte Klinge wurde mit einem Hohlschliff (Hollow Grind) gefertigt. Satinierte Oberfl\u00e4che (halbmatt) verhindert Blendung. Eine ger\u00e4ndelte Daumenrampe (auf der R\u00fcckseite der Klinge) und ein profilierter Finger Choil-Hinterschnitt zwischen Griff und Klinge erh\u00f6hen die Kontrolle \u00fcber das Messer.<\/p>\n<p>Der ergonomisch geformte Griff unter der Handfl\u00e4che bietet perfekten Halt beim Arbeiten. Waage aus Olivenholz. Die Nieten zur Befestigung der Abdeckung sind aus Stahl. An der R\u00fcckseite des Griffs befand sich ein mit Abst\u00e4nden versehenes, geflochtenes Lederband.<\/p>\n<p>Etui \u2013 verl\u00e4ngert, sch\u00fctzt die Klinge mit einem Teil des Griffs. Aus braunem Leder mit gepr\u00e4gtem Firmenlogo, Druckknopfverschluss. Die Scheide wurde an den R\u00e4ndern mit Ziergarn vern\u00e4ht. Durch die Befestigung an einem G\u00fcrtel oder einer Befestigung kann das Messer in vertikaler Position getragen werden.<\/p>\n<p>Technische Spezifikationen:<br \/>\nProduktnummer: BISON-9.OL<\/p>\n<p>Klingenl\u00e4nge: 9 cm \/ 3,54 Zoll<br \/>\nKlingenst\u00e4rke: 0,36 \u00b5m \/ 0,14 Zoll<br \/>\nGesamtl\u00e4nge: 18 cm \/ 7,08 Zoll<br \/>\nGewicht: 117 g<\/p>\n<p>Klingenmaterial: X50CrMoV15<br \/>\nKlingenh\u00e4rte: 56-58 HRc<br \/>\nKlingenschliff: Hohl<br \/>\nOberfl\u00e4chenbehandlung der Klinge: satiniert<\/p>\n<p>Griffmaterial: Olivenholz<br \/>\nFarbe der Griffoberfl\u00e4che: Beige<\/p>\n<p>Scheide (Holster): Leder<br \/>\nSonstiges Zubeh\u00f6r: Keines<\/p>\n<p>Designer: Muela<br \/>\nMarkenname: Muela<br \/>\nHersteller: Manufacturas Muela, SA<br \/>\nHerkunftsland: Spanien<\/p>\n<p>&nbsp;<\/p>\n","protected":false},"excerpt":{"rendered":"<p><strong>BISON-9.OL ist ein raffiniert gefertigtes Jagdmesser mit Full-Tang-Konstruktion. Perfekt ausbalanciert, f\u00fcr Jagdbegeisterte konzipiert, fungiert es als Universalmesser. Hergestellt aus MoVa-Molybd\u00e4n-Vanadium-Stahl.<\/strong><\/p>\n","protected":false},"featured_media":352897,"comment_status":"open","ping_status":"closed","template":"","meta":[],"pwb-brand":[3914],"product_brand":[],"product_cat":[3287,3285],"product_tag":[3669],"class_list":{"0":"post-352932","1":"product","2":"type-product","3":"status-publish","4":"has-post-thumbnail","6":"pwb-brand-sie-musste","7":"product_cat-solide-messer","8":"product_cat-messer","9":"product_tag-b2b-de","11":"first","12":"outofstock","13":"taxable","14":"shipping-taxable","15":"purchasable","16":"product-type-simple"},"brands":[{"id":3914,"name":"Sie musste","slug":"sie-musste"}],"_links":{"self":[{"href":"https:\/\/www.moskito.cz\/de\/wp-json\/wp\/v2\/product\/352932","targetHints":{"allow":["GET"]}}],"collection":[{"href":"https:\/\/www.moskito.cz\/de\/wp-json\/wp\/v2\/product"}],"about":[{"href":"https:\/\/www.moskito.cz\/de\/wp-json\/wp\/v2\/types\/product"}],"replies":[{"embeddable":true,"href":"https:\/\/www.moskito.cz\/de\/wp-json\/wp\/v2\/comments?post=352932"}],"wp:featuredmedia":[{"embeddable":true,"href":"https:\/\/www.moskito.cz\/de\/wp-json\/wp\/v2\/media\/352897"}],"wp:attachment":[{"href":"https:\/\/www.moskito.cz\/de\/wp-json\/wp\/v2\/media?parent=352932"}],"wp:term":[{"taxonomy":"pwb-brand","embeddable":true,"href":"https:\/\/www.moskito.cz\/de\/wp-json\/wp\/v2\/pwb-brand?post=352932"},{"taxonomy":"product_brand","embeddable":true,"href":"https:\/\/www.moskito.cz\/de\/wp-json\/wp\/v2\/product_brand?post=352932"},{"taxonomy":"product_cat","embeddable":true,"href":"https:\/\/www.moskito.cz\/de\/wp-json\/wp\/v2\/product_cat?post=352932"},{"taxonomy":"product_tag","embeddable":true,"href":"https:\/\/www.moskito.cz\/de\/wp-json\/wp\/v2\/product_tag?post=352932"}],"curies":[{"name":"wp","href":"https:\/\/api.w.org\/{rel}","templated":true}]}}