{"id":353329,"date":"2024-07-18T08:42:19","date_gmt":"2024-07-18T07:42:19","guid":{"rendered":"https:\/\/www.moskito.cz\/produkt\/solides-messer-muela-lenador-25r\/"},"modified":"2025-05-07T11:21:52","modified_gmt":"2025-05-07T10:21:52","slug":"solides-messer-muela-lenador-25r","status":"publish","type":"product","link":"https:\/\/www.moskito.cz\/de\/produkt\/solides-messer-muela-lenador-25r\/","title":{"rendered":"Solides Messer Muela LE\u00d1ADOR-25R"},"content":{"rendered":"<p>Solides Messer <strong>Muela<\/strong> LE\u00d1ADOR-25R.<\/p>\n<p>Ein Messer mit gro\u00dfen Abmessungen von der spanischen Firma Muela, das seinem Namen alle Ehre macht. Le\u0148ador bedeutet \u00fcbersetzt Holzf\u00e4ller, und es besteht kein Zweifel daran, dass es kein Problem ist, mit diesem Messer jeden Baum zu f\u00e4llen. Am besten eignet es sich beim Wandern und beim Aufenthalt in der Natur, wo es nicht nur ein kompromissloses Arbeitsger\u00e4t, sondern auch ein stilvolles Accessoire ist. Es ist auch ein wunderbares St\u00fcck f\u00fcr den Messersammler.<\/p>\n<p>Neues Muela-Jagdmesser oder Machete, Klingenr\u00fccken aus hochglanzpoliertem Mova-Stahl 1.4116, komplett aus einem St\u00fcck gefertigt, Messingsockel mit Redwood-Griff, mit Messingnieten vernietet, mit hochwertiger Lederscheide und Pr\u00e4sentationsbox.<\/p>\n<p>Muela-Vollklingenmesser aus rostfreiem Molybd\u00e4n-Vanadium-Stahl mit hochglanzpolierter Oberfl\u00e4che.<\/p>\n<p>Griff mit Messingabdeckung.<\/p>\n<p>Griff aus Palorrojo-Holz mit Messingnieten.<\/p>\n<p>Loch f\u00fcr Sicherungsseil.<\/p>\n<p>Inklusive hochwertiger brauner Ledertasche + Box<\/p>\n<p>Klingenl\u00e4nge: 25 cm<\/p>\n<p>Gesamtl\u00e4nge: 38,5 cm<\/p>\n<p>&nbsp;<\/p>\n<p>&nbsp;<\/p>\n<p>&nbsp;<\/p>\n","protected":false},"excerpt":{"rendered":"<p><strong>Neues Muela-Jagdmesser oder Machete, Klingenr\u00fccken aus hochglanzpoliertem Mova-Stahl 1.4116, komplett aus einem St\u00fcck gefertigt, Messingsockel mit Redwood-Griff, mit Messingnieten vernietet, mit hochwertiger Lederscheide und Pr\u00e4sentationsbox.<\/strong><\/p>\n<p><strong>Kostenloser Transport.<\/strong><\/p>\n","protected":false},"featured_media":353304,"comment_status":"open","ping_status":"closed","template":"","meta":[],"pwb-brand":[3914],"product_brand":[],"product_cat":[3287,3285],"product_tag":[3669],"class_list":{"0":"post-353329","1":"product","2":"type-product","3":"status-publish","4":"has-post-thumbnail","6":"pwb-brand-sie-musste","7":"product_cat-solide-messer","8":"product_cat-messer","9":"product_tag-b2b-de","11":"first","12":"instock","13":"taxable","14":"shipping-taxable","15":"purchasable","16":"product-type-simple"},"brands":[{"id":3914,"name":"Sie musste","slug":"sie-musste"}],"_links":{"self":[{"href":"https:\/\/www.moskito.cz\/de\/wp-json\/wp\/v2\/product\/353329","targetHints":{"allow":["GET"]}}],"collection":[{"href":"https:\/\/www.moskito.cz\/de\/wp-json\/wp\/v2\/product"}],"about":[{"href":"https:\/\/www.moskito.cz\/de\/wp-json\/wp\/v2\/types\/product"}],"replies":[{"embeddable":true,"href":"https:\/\/www.moskito.cz\/de\/wp-json\/wp\/v2\/comments?post=353329"}],"wp:featuredmedia":[{"embeddable":true,"href":"https:\/\/www.moskito.cz\/de\/wp-json\/wp\/v2\/media\/353304"}],"wp:attachment":[{"href":"https:\/\/www.moskito.cz\/de\/wp-json\/wp\/v2\/media?parent=353329"}],"wp:term":[{"taxonomy":"pwb-brand","embeddable":true,"href":"https:\/\/www.moskito.cz\/de\/wp-json\/wp\/v2\/pwb-brand?post=353329"},{"taxonomy":"product_brand","embeddable":true,"href":"https:\/\/www.moskito.cz\/de\/wp-json\/wp\/v2\/product_brand?post=353329"},{"taxonomy":"product_cat","embeddable":true,"href":"https:\/\/www.moskito.cz\/de\/wp-json\/wp\/v2\/product_cat?post=353329"},{"taxonomy":"product_tag","embeddable":true,"href":"https:\/\/www.moskito.cz\/de\/wp-json\/wp\/v2\/product_tag?post=353329"}],"curies":[{"name":"wp","href":"https:\/\/api.w.org\/{rel}","templated":true}]}}