{"id":353436,"date":"2024-07-18T09:24:09","date_gmt":"2024-07-18T08:26:03","guid":{"rendered":"https:\/\/www.moskito.cz\/produkt\/feststehendes-messer-muela-mirage-18nm\/"},"modified":"2025-05-07T11:21:55","modified_gmt":"2025-05-07T10:21:55","slug":"feststehendes-messer-muela-mirage-18nm","status":"publish","type":"product","link":"https:\/\/www.moskito.cz\/de\/produkt\/feststehendes-messer-muela-mirage-18nm\/","title":{"rendered":"Feststehendes Messer Muela MIRAGE-18NM"},"content":{"rendered":"<p>Feststehendes Messer <strong>Muela<\/strong> MIRAGE-18NM<\/p>\n<p><strong>Muela-<\/strong> Messer werden von einem spanischen Unternehmen hergestellt, das erschwingliche und hochwertige Jagdmesser, Klappmesser, Luxusmesser und viele andere herstellt.<\/p>\n<p>Taktisches Messer der spanischen Firma <strong>Muela<\/strong> mit schwarzem Finish. F\u00fcr die Klinge wurde Edelstahl Inox 1-42 mit einer H\u00e4rte von 54 &#8211; 58 HRC verwendet. Die Klinge des Messers ist in den ersten vier Zentimetern gezahnt. Der Schutz besteht aus doppelseitigem Metall in Schwarz. Der Griff besteht aus Gummi, liegt perfekt in der Hand und ist f\u00fcr einen noch sichereren Halt ger\u00e4ndelt. Am Ende des Griffs befindet sich ein Loch mit einer Hohlniete zum Durchf\u00fchren der Kordel. Das Messer wird mit einer Nylonscheide geliefert.<\/p>\n<p>Messer <strong>der MIRAGE-<\/strong> Serie geh\u00f6ren zu den bekanntesten Messern der spanischen Firma Muela. Extrem vielseitig mit einer massiven Klinge, die jede Arbeit unter allen Bedingungen ohne Besch\u00e4digung bew\u00e4ltigt. Ein ausgezeichnetes \u00dcberlebensmesser, ideal f\u00fcr Camping als taktisches Messer oder Jagdmesser.<\/p>\n<p>Klinge \u2013 mit Clip-Point-Profil, St\u00e4rke 4,6 mm, \u00fcberzogen mit einer schwarzen, matten, nicht reflektierenden, kratzfesten PTFE-Beschichtung. Hergestellt aus Edelstahl 420H mit erh\u00f6htem Kohlenstoffgehalt und hoher Schlagfestigkeit, geh\u00e4rtet im Bereich von 54\u201358 HRC. Hohlgeschliffene, teilweise gezahnte Combo-Klinge. An der Basis der Klinge befindet sich ein doppelseitiger Stahlschutz, der die Hand vor dem Abrutschen auf der Klinge sch\u00fctzt.<\/p>\n<p>Griff \u2013 mit flexibler, ger\u00e4ndelter Elastomerbeschichtung in Sandfarbe (W\u00fcste) \u00fcberzogen. Der weiche Gummigriff garantiert einen sehr guten Halt, das Messer rutscht nicht aus der Hand und ein fester und sicherer Griff erm\u00f6glicht pr\u00e4zise Bewegungen mit dem Messer. Auf der R\u00fcckseite des Griffs befindet sich ein vergr\u00f6\u00dfertes Loch f\u00fcr das Seil.<\/p>\n<p>Geh\u00e4use \u2013 milit\u00e4rische W\u00fcstenfarbe. Die aus wasserabweisendem Nylon gefertigte Schnappbefestigung erm\u00f6glicht das sichere Tragen des Messers. Die R\u00e4nder der Scheide sind mit Ziergarn vern\u00e4ht. Auf der Vorderseite ist die Aufschrift MUELA TACTICAL KNIVES eingepr\u00e4gt. Die Scheide verf\u00fcgt \u00fcber eine G\u00fcrtelbefestigung oder -vorrichtung, mit der das Messer in vertikaler Position getragen werden kann. Im unteren Teil des Geh\u00e4uses befindet sich eine Paracord-Schnur, mit der Sie das Geh\u00e4use am Oberschenkel befestigen k\u00f6nnen.<\/p>\n<p>Technische Daten:<\/p>\n<p>Stahlsorte: 420H<br \/>\nKlingenl\u00e4nge: 18 cm<br \/>\nKlingenst\u00e4rke: 0,46 cm<br \/>\nGesamtl\u00e4nge: 30,3 cm<br \/>\nGewicht: 353 g<br \/>\nKlingentyp: Clip Point<br \/>\nGriff: Thermorun<br \/>\nGeh\u00e4use: Nylon<\/p>\n<p>&nbsp;<\/p>\n","protected":false},"excerpt":{"rendered":"<p><strong>Messer der MIRAGE-Serie geh\u00f6ren zu den bekanntesten Messern der spanischen Firma Muela. Extrem vielseitig mit einer massiven Klinge, die jede Arbeit unter allen Bedingungen ohne Besch\u00e4digung bew\u00e4ltigt. Ein ausgezeichnetes \u00dcberlebensmesser, ideal f\u00fcr Camping als taktisches Messer oder Jagdmesser.<\/strong><\/p>\n","protected":false},"featured_media":353401,"comment_status":"open","ping_status":"closed","template":"","meta":[],"pwb-brand":[3914],"product_brand":[],"product_cat":[3285,3287],"product_tag":[3669],"class_list":{"0":"post-353436","1":"product","2":"type-product","3":"status-publish","4":"has-post-thumbnail","6":"pwb-brand-sie-musste","7":"product_cat-messer","8":"product_cat-solide-messer","9":"product_tag-b2b-de","11":"first","12":"instock","13":"taxable","14":"shipping-taxable","15":"purchasable","16":"product-type-simple"},"brands":[{"id":3914,"name":"Sie musste","slug":"sie-musste"}],"_links":{"self":[{"href":"https:\/\/www.moskito.cz\/de\/wp-json\/wp\/v2\/product\/353436","targetHints":{"allow":["GET"]}}],"collection":[{"href":"https:\/\/www.moskito.cz\/de\/wp-json\/wp\/v2\/product"}],"about":[{"href":"https:\/\/www.moskito.cz\/de\/wp-json\/wp\/v2\/types\/product"}],"replies":[{"embeddable":true,"href":"https:\/\/www.moskito.cz\/de\/wp-json\/wp\/v2\/comments?post=353436"}],"wp:featuredmedia":[{"embeddable":true,"href":"https:\/\/www.moskito.cz\/de\/wp-json\/wp\/v2\/media\/353401"}],"wp:attachment":[{"href":"https:\/\/www.moskito.cz\/de\/wp-json\/wp\/v2\/media?parent=353436"}],"wp:term":[{"taxonomy":"pwb-brand","embeddable":true,"href":"https:\/\/www.moskito.cz\/de\/wp-json\/wp\/v2\/pwb-brand?post=353436"},{"taxonomy":"product_brand","embeddable":true,"href":"https:\/\/www.moskito.cz\/de\/wp-json\/wp\/v2\/product_brand?post=353436"},{"taxonomy":"product_cat","embeddable":true,"href":"https:\/\/www.moskito.cz\/de\/wp-json\/wp\/v2\/product_cat?post=353436"},{"taxonomy":"product_tag","embeddable":true,"href":"https:\/\/www.moskito.cz\/de\/wp-json\/wp\/v2\/product_tag?post=353436"}],"curies":[{"name":"wp","href":"https:\/\/api.w.org\/{rel}","templated":true}]}}