{"id":353557,"date":"2024-07-18T10:05:24","date_gmt":"2024-07-18T09:05:24","guid":{"rendered":"https:\/\/www.moskito.cz\/produkt\/solides-messer-muela-sarrio-19s\/"},"modified":"2025-05-07T11:21:58","modified_gmt":"2025-05-07T10:21:58","slug":"solides-messer-muela-sarrio-19s","status":"publish","type":"product","link":"https:\/\/www.moskito.cz\/de\/produkt\/solides-messer-muela-sarrio-19s\/","title":{"rendered":"Solides Messer Muela SARRIO-19S"},"content":{"rendered":"<p>Solides Messer <strong>Muela<\/strong> SARRIO-19S.<\/p>\n<p>Jagdmesser der spanischen Firma <strong>Muela<\/strong> mit schlichtem und elegantem Design. Es ist universell f\u00fcr viele verschiedene Anl\u00e4sse einsetzbar. Dank seiner Form und der rauen Beschaffenheit h\u00e4lt der Geweihgriff sehr gut und sicher.<\/p>\n<p>Die Klinge hat einen Keilschliff und ist aus hochwertigem Krupp-Edelstahl 1.4116 mit einer H\u00e4rte von ca. 58-60 HRC gefertigt. Zur Arbeitssicherheit ist das Messer mit einem doppelseitigen Metallschutz ausgestattet. Der Griff besteht aus Hirschgeweih und ist mit einer Rosette versehen. Das Messer wird mit einer braunen Lederscheide geliefert.<\/p>\n<p>Das Modell <strong>Muela Sarrio 19S<\/strong> ist ein Messer f\u00fcr J\u00e4ger, es hat einen Griff aus Hirschhorn und eine Klinge aus einer Molybd\u00e4n-Vanadium-Legierung.<br \/>\nDer Schutz besteht aus Messing f\u00fcr zus\u00e4tzliche Eleganz und Sicherheit im Gebrauch, und der Griff ist elegant mit einem Hirschgeweihsockel versehen<br \/>\nEigenschaften:<br \/>\nKlingenl\u00e4nge: 19 cm;<br \/>\nKlingenmaterial: Molybd\u00e4n-Vanadium;<br \/>\nGriffmaterial: Hirschhorn;<br \/>\nGriffl\u00e4nge: 13,5 cm;<br \/>\nMessergewicht: 300g;<br \/>\nHergestellt in Spanien;<\/p>\n<p>Symbol \u201eCommunity verifiziert\u201c.<\/p>\n","protected":false},"excerpt":{"rendered":"<p><strong>Das Modell Muela Sarrio 19S ist ein Messer f\u00fcr J\u00e4ger mit einem Griff aus Hirschhorn.<\/strong><\/p>\n","protected":false},"featured_media":353505,"comment_status":"open","ping_status":"closed","template":"","meta":[],"pwb-brand":[3914],"product_brand":[],"product_cat":[3287,3285],"product_tag":[3669],"class_list":{"0":"post-353557","1":"product","2":"type-product","3":"status-publish","4":"has-post-thumbnail","6":"pwb-brand-sie-musste","7":"product_cat-solide-messer","8":"product_cat-messer","9":"product_tag-b2b-de","11":"first","12":"outofstock","13":"taxable","14":"shipping-taxable","15":"purchasable","16":"product-type-simple"},"brands":[{"id":3914,"name":"Sie musste","slug":"sie-musste"}],"_links":{"self":[{"href":"https:\/\/www.moskito.cz\/de\/wp-json\/wp\/v2\/product\/353557","targetHints":{"allow":["GET"]}}],"collection":[{"href":"https:\/\/www.moskito.cz\/de\/wp-json\/wp\/v2\/product"}],"about":[{"href":"https:\/\/www.moskito.cz\/de\/wp-json\/wp\/v2\/types\/product"}],"replies":[{"embeddable":true,"href":"https:\/\/www.moskito.cz\/de\/wp-json\/wp\/v2\/comments?post=353557"}],"wp:featuredmedia":[{"embeddable":true,"href":"https:\/\/www.moskito.cz\/de\/wp-json\/wp\/v2\/media\/353505"}],"wp:attachment":[{"href":"https:\/\/www.moskito.cz\/de\/wp-json\/wp\/v2\/media?parent=353557"}],"wp:term":[{"taxonomy":"pwb-brand","embeddable":true,"href":"https:\/\/www.moskito.cz\/de\/wp-json\/wp\/v2\/pwb-brand?post=353557"},{"taxonomy":"product_brand","embeddable":true,"href":"https:\/\/www.moskito.cz\/de\/wp-json\/wp\/v2\/product_brand?post=353557"},{"taxonomy":"product_cat","embeddable":true,"href":"https:\/\/www.moskito.cz\/de\/wp-json\/wp\/v2\/product_cat?post=353557"},{"taxonomy":"product_tag","embeddable":true,"href":"https:\/\/www.moskito.cz\/de\/wp-json\/wp\/v2\/product_tag?post=353557"}],"curies":[{"name":"wp","href":"https:\/\/api.w.org\/{rel}","templated":true}]}}