{"id":353605,"date":"2023-01-24T21:09:06","date_gmt":"2024-07-19T06:46:49","guid":{"rendered":"https:\/\/www.moskito.cz\/produkt\/verschlussmesser-rike-knife-m3-k-bg\/"},"modified":"2025-05-07T11:22:01","modified_gmt":"2025-05-07T10:22:01","slug":"verschlussmesser-rike-knife-m3-k-bg","status":"publish","type":"product","link":"https:\/\/www.moskito.cz\/de\/produkt\/verschlussmesser-rike-knife-m3-k-bg\/","title":{"rendered":"Verschlussmesser Rike Knife M3-K\/BG"},"content":{"rendered":"<p>Verschlussmesser Rike Knife M3-K\/BG<\/p>\n<p>Der Blick auf beide Seiten des Rike Knife M3-Ordners ist ein v\u00f6llig anderes Erlebnis. Auf der Displayseite befindet sich eine G-10-Skala in der Farbe Ihrer Wahl. Wenn Sie das Messer umdrehen, finden Sie ein Rahmenschloss aus eloxiertem und gewaschenem Titan, das wie etwas aus einem futuristischen Raum aussieht. Auch in der Form unterscheidet sich der M3: Er hat einen abgewinkelten R\u00fccken f\u00fcr die Platzierung des Daumens und einen skelettierten Griff, um das Gewicht gering zu halten \u2013 trotz des 9-Zoll-Rahmens nur 4,6 Unzen. Die Klinge ist aus einem der besten St\u00e4hle auf dem Markt in 154CM gefertigt. Zum \u00d6ffnen dr\u00fccken Sie auf die Flipper-Lasche, die einrastet und mit einem Titanverschluss verriegelt. Der gefr\u00e4ste Taschenclip mit Keramikkugeleinsatz ist f\u00fcr Kippverschlei\u00df ausgelegt.<\/p>\n<p>Modell: M3<br \/>\nKlingenmaterial: 154 cm Edelstahl<br \/>\nGriff: 6AL4V Titan und G-10<br \/>\nEr\u00f6ffnung: Flipper<br \/>\nTyp: Rahmenschloss<br \/>\nKlingenl\u00e4nge: 3,9 Zoll (10 cm)<br \/>\nKlingenst\u00e4rke: 0,16 Zoll (4 mm)<br \/>\nGesamtl\u00e4nge: 9 Zoll (23 cm)<br \/>\nGewicht: 130 g<\/p>\n","protected":false},"excerpt":{"rendered":"<p><strong>Rikeknife<\/strong> ist eine Originalmarke, die von unserem Gr\u00fcnder Richard Wu entworfen wurde. Als langj\u00e4hriger Messerliebhaber mit Erfahrung in mechanischer Konstruktion und Herstellung strebt er bei allen von <strong>Rikeknife<\/strong> hergestellten Messerdesigns st\u00e4ndig nach Perfektion und detaillierter Exzellenz.<\/p>\n<p><strong>Kostenloser Transport.<\/strong><\/p>\n","protected":false},"featured_media":353607,"comment_status":"open","ping_status":"closed","template":"","meta":[],"pwb-brand":[3929],"product_brand":[],"product_cat":[3285,3303],"product_tag":[],"class_list":{"0":"post-353605","1":"product","2":"type-product","3":"status-publish","4":"has-post-thumbnail","6":"pwb-brand-rick-knife","7":"product_cat-messer","8":"product_cat-schliesmesser","10":"first","11":"outofstock","12":"taxable","13":"shipping-taxable","14":"purchasable","15":"product-type-simple"},"brands":[{"id":3929,"name":"Rick Knife","slug":"rick-knife"}],"_links":{"self":[{"href":"https:\/\/www.moskito.cz\/de\/wp-json\/wp\/v2\/product\/353605","targetHints":{"allow":["GET"]}}],"collection":[{"href":"https:\/\/www.moskito.cz\/de\/wp-json\/wp\/v2\/product"}],"about":[{"href":"https:\/\/www.moskito.cz\/de\/wp-json\/wp\/v2\/types\/product"}],"replies":[{"embeddable":true,"href":"https:\/\/www.moskito.cz\/de\/wp-json\/wp\/v2\/comments?post=353605"}],"wp:featuredmedia":[{"embeddable":true,"href":"https:\/\/www.moskito.cz\/de\/wp-json\/wp\/v2\/media\/353607"}],"wp:attachment":[{"href":"https:\/\/www.moskito.cz\/de\/wp-json\/wp\/v2\/media?parent=353605"}],"wp:term":[{"taxonomy":"pwb-brand","embeddable":true,"href":"https:\/\/www.moskito.cz\/de\/wp-json\/wp\/v2\/pwb-brand?post=353605"},{"taxonomy":"product_brand","embeddable":true,"href":"https:\/\/www.moskito.cz\/de\/wp-json\/wp\/v2\/product_brand?post=353605"},{"taxonomy":"product_cat","embeddable":true,"href":"https:\/\/www.moskito.cz\/de\/wp-json\/wp\/v2\/product_cat?post=353605"},{"taxonomy":"product_tag","embeddable":true,"href":"https:\/\/www.moskito.cz\/de\/wp-json\/wp\/v2\/product_tag?post=353605"}],"curies":[{"name":"wp","href":"https:\/\/api.w.org\/{rel}","templated":true}]}}