{"id":353788,"date":"2024-07-19T13:56:47","date_gmt":"2024-07-19T12:57:19","guid":{"rendered":"https:\/\/www.moskito.cz\/produkt\/feststehendes-messer-muela-bw-classic-19m\/"},"modified":"2025-05-07T11:22:06","modified_gmt":"2025-05-07T10:22:06","slug":"feststehendes-messer-muela-bw-classic-19m","status":"publish","type":"product","link":"https:\/\/www.moskito.cz\/de\/produkt\/feststehendes-messer-muela-bw-classic-19m\/","title":{"rendered":"Feststehendes Messer Muela BW-CLASSIC-19M"},"content":{"rendered":"<p>Feststehendes Messer <strong>Muela<\/strong> BW-CLASSIC-19M.<\/p>\n<p><strong>Muela BW-Classic-19M<\/strong> Braunes Jute-Micarta, Satin, gro\u00dfes Outdoormesser. Klinge aus rostfreiem X50CrMoV15-Stahl mit satinierter Oberfl\u00e4che. Bequemer Jute-Micarta-Griff. Der perfekte Helfer f\u00fcr die Jagd, Outdoor-Aktivit\u00e4ten oder Survival.<\/p>\n<p>1.4116 (X50CrMoV15) \u2013 martensitischer Edelstahl mit hohem Kohlenstoffgehalt und Molybd\u00e4n-Vanadium-Gehalt, \u00e4u\u00dferst best\u00e4ndig gegen Korrosion und Verschlei\u00df. Es wird bei der Herstellung von Messern, Schneidbestecken und chirurgischen Instrumenten verwendet. Es zeichnet sich durch eine f\u00fcr Edelst\u00e4hle relativ hohe H\u00e4rte von 57-58 HRC aus. Die chemische Zusammensetzung des Stahls wird durch eine Beimischung von 15,0 % Chrom, 0,80 % Molybd\u00e4n und 0,20 % Vanadium angereichert.<\/p>\n<p>Klinge \u2013 Clip-Point-Typ (Bowie) mit deutlich ausgepr\u00e4gter Bauchseite der Klinge. Die glatte Klinge wurde vom Flachschliff abgeleitet, der hervorragende Schneideigenschaften bei gleichzeitig hervorragender Haltbarkeit bietet. Ein doppelseitiger Stahlgriff an der Klingenbasis sch\u00fctzt die Hand vor dem Abrutschen auf der Klinge.<\/p>\n<p>Griff &#8211; profiliert, mit polierten, wasserfesten Jute-Micarta-Griffen \u00fcberzogen. Es bietet einen bequemen und sicheren Halt. Die Nieten, mit denen die Griffabdeckungen befestigt sind, bestehen aus hochvernickeltem Messing. Zur Befestigung befindet sich eine Fangriemen\u00f6se auf der R\u00fcckseite des Griffs.<\/p>\n<p>Scheide \u2013 aus gut gegerbtem, nat\u00fcrlichem Rindsleder in brauner Farbe. Auf der Oberfl\u00e4che eingepr\u00e4gtes Herstellerlogo. Die Scheide ist an den R\u00e4ndern mit Zierfaden vern\u00e4ht. Wenn Sie es am G\u00fcrtel oder an Ihrer Ausr\u00fcstung befestigen, k\u00f6nnen Sie das Messer in aufrechter Position tragen.<\/p>\n<p>Technische Daten:<br \/>\nProduktnummer: BW-Classic-19M<br \/>\nProduktname: Muela BW-Classic-19M Braunes Jute-Micarta, Satin<\/p>\n<p>Gesamtl\u00e4nge: 31 cm \/ 12,2 Zoll<br \/>\nKlingenl\u00e4nge: 19 cm \/ 7,48 Zoll<br \/>\nKlingenst\u00e4rke: 0,45 cm \/ 0,18 Zoll<br \/>\nGriffl\u00e4nge: n.d<br \/>\nGriffst\u00e4rke: n.d<br \/>\nGewicht: 364,0 g \/ 12,8 Unzen<\/p>\n<p>Klingenmaterial: X50CrMoV15<br \/>\nKlingenh\u00e4rte: n.d<br \/>\nKlingenschliff: Flach<br \/>\nOberfl\u00e4chenbehandlung der Klinge: satiniert<\/p>\n<p>Griffmaterial: Jute-Micarta<br \/>\nGrifffarbe: Braun<\/p>\n<p>Scheide (Holster): Leder<br \/>\nSonstiges Zubeh\u00f6r: Keines<\/p>\n<p>Designer: Muela<br \/>\nMarkenname: Muela<br \/>\nHersteller: Manufacturas Muela, SA<br \/>\nHerkunftsland: Spanien<\/p>\n<p>&nbsp;<\/p>\n","protected":false},"excerpt":{"rendered":"<p><strong>Muela BW-Classic-19M Braunes Jute-Micarta, Satin, gro\u00dfes Outdoormesser mit Scheide.<\/strong><\/p>\n","protected":false},"featured_media":353746,"comment_status":"open","ping_status":"closed","template":"","meta":[],"pwb-brand":[3914],"product_brand":[],"product_cat":[3285,3287],"product_tag":[],"class_list":{"0":"post-353788","1":"product","2":"type-product","3":"status-publish","4":"has-post-thumbnail","6":"pwb-brand-sie-musste","7":"product_cat-messer","8":"product_cat-solide-messer","10":"first","11":"instock","12":"taxable","13":"shipping-taxable","14":"purchasable","15":"product-type-simple"},"brands":[{"id":3914,"name":"Sie musste","slug":"sie-musste"}],"_links":{"self":[{"href":"https:\/\/www.moskito.cz\/de\/wp-json\/wp\/v2\/product\/353788","targetHints":{"allow":["GET"]}}],"collection":[{"href":"https:\/\/www.moskito.cz\/de\/wp-json\/wp\/v2\/product"}],"about":[{"href":"https:\/\/www.moskito.cz\/de\/wp-json\/wp\/v2\/types\/product"}],"replies":[{"embeddable":true,"href":"https:\/\/www.moskito.cz\/de\/wp-json\/wp\/v2\/comments?post=353788"}],"wp:featuredmedia":[{"embeddable":true,"href":"https:\/\/www.moskito.cz\/de\/wp-json\/wp\/v2\/media\/353746"}],"wp:attachment":[{"href":"https:\/\/www.moskito.cz\/de\/wp-json\/wp\/v2\/media?parent=353788"}],"wp:term":[{"taxonomy":"pwb-brand","embeddable":true,"href":"https:\/\/www.moskito.cz\/de\/wp-json\/wp\/v2\/pwb-brand?post=353788"},{"taxonomy":"product_brand","embeddable":true,"href":"https:\/\/www.moskito.cz\/de\/wp-json\/wp\/v2\/product_brand?post=353788"},{"taxonomy":"product_cat","embeddable":true,"href":"https:\/\/www.moskito.cz\/de\/wp-json\/wp\/v2\/product_cat?post=353788"},{"taxonomy":"product_tag","embeddable":true,"href":"https:\/\/www.moskito.cz\/de\/wp-json\/wp\/v2\/product_tag?post=353788"}],"curies":[{"name":"wp","href":"https:\/\/api.w.org\/{rel}","templated":true}]}}