{"id":353943,"date":"2024-08-05T20:25:10","date_gmt":"2024-08-05T19:39:21","guid":{"rendered":"https:\/\/www.moskito.cz\/produkt\/verschlussmesser-microtech-stitch-apocalyptic-169rl-10apflgtbk\/"},"modified":"2025-05-07T11:22:07","modified_gmt":"2025-05-07T10:22:07","slug":"verschlussmesser-microtech-stitch-apocalyptic-169rl-10apflgtbk","status":"publish","type":"product","link":"https:\/\/www.moskito.cz\/de\/produkt\/verschlussmesser-microtech-stitch-apocalyptic-169rl-10apflgtbk\/","title":{"rendered":"Verschlussmesser Microtech Stitch Apocalyptic 169RL-10APFLGTBK"},"content":{"rendered":"<p>Verschlussmesser <strong>Microtech<\/strong> Stitch Apocalyptic 169RL-10APFLGTBK. Das im Jahr 2023 auf den Markt gebrachte <strong>Stitch<\/strong> RAM-LOK deb\u00fctierte bei MSI ( <strong>Microtech<\/strong> Standard-Ausgabe) als erstes <strong>Microtech-<\/strong> Blade mit der fantastischen RAM-LOK-Technologie. Dieses hart aussehende Heckschloss verf\u00fcgt \u00fcber das charakteristische Microtech-Stufenmuster, das durch die Ultratech-Serie von Steuerschaltern bekannt wurde. Der gro\u00dfe Klingenausschnitt bietet viel Platz f\u00fcr einen Mittelfinger-R\u00fcckschwung sowie eine standardm\u00e4\u00dfige langsame Daumen\u00f6ffnung mit oder ohne Handschuhe. Wenn Ihnen beides nicht gef\u00e4llt, ziehen Sie einfach am RAM-LOK und die Klinge \u00f6ffnet sich mit einer einfachen Bewegung aus dem Handgelenk. Die G10-Griffe sind glatt und leicht klebrig und bieten sowohl im Standard- als auch im Reverse-Griff gro\u00dfe Griffm\u00f6glichkeiten. Robust, langlebig und hergestellt in den USA; Wir wissen, dass MSI schnell zum Liebling der Fans aller Mitglieder der Messer-Community werden wird. Der <strong>Microtech Stitch<\/strong> ist eine wundersch\u00f6ne taktische Zusammenarbeit zwischen Tony Marfione und Sebastijan Berenji, auch bekannt als Borka. Es nimmt Sebastijans erstaunliches Stitch-Design und kombiniert es mit Tonys erstaunlichen \u00d6ffnungsmechanismen, um eine der erstaunlichsten Produktionskollaborationen aller Zeiten zu schaffen. Die Speerspitzenklinge verf\u00fcgt \u00fcber einen Flachschliff und eine Kerbe an Finger und Daumen f\u00fcr besseren Halt bei feineren Schneidaufgaben. Spezifikationen: Klingenl\u00e4nge: 9 cm, geschlossene L\u00e4nge: 12,5 cm, Gesamtl\u00e4nge: 21 cm, Klingenstahl: Bohler M390MK Edelstahl, Klingenstil: Speerspitze, Klingenschliff: Flach, Klingenfinish: Apokalyptisch, Griffmaterial: Schwarz gerilltes G10, Einsatzmaterial: Edelstahl, Verriegelungsmechanismus: RAM -LOK-Taschenclip: Edelstahl (ausklappbar, rechtsh\u00e4ndig zu tragen) Gewicht: 5,22 Unzen. Designer: Sebastijan Berenji und Tony Marfione Hergestellt in den USA https:\/\/youtu.be\/xE9TeOFYEjg    &nbsp;<\/p>\n","protected":false},"excerpt":{"rendered":"<p><strong>Im Laufe der Jahre hat Microtech\u00ae Knives Messer mit Leidenschaft und K\u00f6nnen gef\u00fcllt, um nahezu Kunstwerke zu schaffen, die den Gipfel der Funktionalit\u00e4t darstellen. Alle Teile werden in den USA hergestellt.<\/strong><br \/>\n<strong>F\u00fcr alle Microtech-Messer gilt eine lebenslange Garantie.<\/strong><\/p>\n<p><strong>Kostenloser Transport.<\/strong><\/p>\n","protected":false},"featured_media":353892,"comment_status":"open","ping_status":"closed","template":"","meta":[],"pwb-brand":[3278],"product_brand":[],"product_cat":[3285,3303],"product_tag":[3669],"class_list":{"0":"post-353943","1":"product","2":"type-product","3":"status-publish","4":"has-post-thumbnail","6":"pwb-brand-microtech-de","7":"product_cat-messer","8":"product_cat-schliesmesser","9":"product_tag-b2b-de","11":"first","12":"outofstock","13":"taxable","14":"shipping-taxable","15":"purchasable","16":"product-type-simple"},"brands":[{"id":3278,"name":"Microtech","slug":"microtech-de"}],"_links":{"self":[{"href":"https:\/\/www.moskito.cz\/de\/wp-json\/wp\/v2\/product\/353943","targetHints":{"allow":["GET"]}}],"collection":[{"href":"https:\/\/www.moskito.cz\/de\/wp-json\/wp\/v2\/product"}],"about":[{"href":"https:\/\/www.moskito.cz\/de\/wp-json\/wp\/v2\/types\/product"}],"replies":[{"embeddable":true,"href":"https:\/\/www.moskito.cz\/de\/wp-json\/wp\/v2\/comments?post=353943"}],"wp:featuredmedia":[{"embeddable":true,"href":"https:\/\/www.moskito.cz\/de\/wp-json\/wp\/v2\/media\/353892"}],"wp:attachment":[{"href":"https:\/\/www.moskito.cz\/de\/wp-json\/wp\/v2\/media?parent=353943"}],"wp:term":[{"taxonomy":"pwb-brand","embeddable":true,"href":"https:\/\/www.moskito.cz\/de\/wp-json\/wp\/v2\/pwb-brand?post=353943"},{"taxonomy":"product_brand","embeddable":true,"href":"https:\/\/www.moskito.cz\/de\/wp-json\/wp\/v2\/product_brand?post=353943"},{"taxonomy":"product_cat","embeddable":true,"href":"https:\/\/www.moskito.cz\/de\/wp-json\/wp\/v2\/product_cat?post=353943"},{"taxonomy":"product_tag","embeddable":true,"href":"https:\/\/www.moskito.cz\/de\/wp-json\/wp\/v2\/product_tag?post=353943"}],"curies":[{"name":"wp","href":"https:\/\/api.w.org\/{rel}","templated":true}]}}