{"id":353992,"date":"2024-08-05T21:44:28","date_gmt":"2024-08-05T20:45:28","guid":{"rendered":"https:\/\/www.moskito.cz\/produkt\/schiessmesser-microtech-ludt-gen-iii-stonewashed-1136-10bl\/"},"modified":"2025-05-07T11:22:09","modified_gmt":"2025-05-07T10:22:09","slug":"schiessmesser-microtech-ludt-gen-iii-stonewashed-1136-10bl","status":"publish","type":"product","link":"https:\/\/www.moskito.cz\/de\/produkt\/schiessmesser-microtech-ludt-gen-iii-stonewashed-1136-10bl\/","title":{"rendered":"Schie\u00dfmesser Microtech LUDT Gen III Stonewashed 1136-10BL"},"content":{"rendered":"<p>Schie\u00dfmesser <strong>Microtech<\/strong> LUDT Gen III Stonewashed 1136-10BL. Der verbesserte <strong>LUDT<\/strong> beh\u00e4lt die ikonische \u00c4sthetik seines Vorg\u00e4ngers bei und bringt gleichzeitig einige bemerkenswerte Verbesserungen mit. Das neu gestaltete Geh\u00e4use verf\u00fcgt \u00fcber ein eingebettetes 3M-Traktionsband und l\u00e4uft auf Lagern, um ein noch sanfteres Fahrverhalten zu gew\u00e4hrleisten. Bemerkenswert ist, dass das neue Design auf propriet\u00e4re Hardware verzichtet, sodass Benutzer die Wartung problemlos mit normalen Torx-Schl\u00fcsseln durchf\u00fchren k\u00f6nnen. Die Klinge beh\u00e4lt ihre L\u00e4nge von 3,5 Zoll und stellt sicher, dass sie genauso bequem tragbar ist wie ihr Vorg\u00e4nger. Gesamtl\u00e4nge: 20,3 cm L\u00e4nge geschlossen: 11,4 cm Klingenl\u00e4nge: 8,9 cm Klingenfinish: Stonewashed Klingenstil: Tanto Kantenstil: Glatt Griffmaterial: Blaues Aluminium Taschenclip Hersteller-Ref. #: 1136-10BL Herkunftsland: USA https:\/\/youtu.be\/xE9TeOFYEjg  &nbsp;<\/p>\n","protected":false},"excerpt":{"rendered":"<p><strong>Im Laufe der Jahre hat Microtech\u00ae Knives Messer mit Leidenschaft und K\u00f6nnen gef\u00fcllt, um nahezu Kunstwerke zu schaffen, die den Gipfel der Funktionalit\u00e4t darstellen. Alle Teile werden in den USA hergestellt.<\/strong><br \/>\n<strong>F\u00fcr alle Microtech-Messer gilt eine lebenslange Garantie.<\/strong><\/p>\n<p><strong>Kostenloser Transport.<\/strong><\/p>\n","protected":false},"featured_media":353949,"comment_status":"open","ping_status":"closed","template":"","meta":[],"pwb-brand":[3278],"product_brand":[],"product_cat":[3285,3343],"product_tag":[3669],"class_list":{"0":"post-353992","1":"product","2":"type-product","3":"status-publish","4":"has-post-thumbnail","6":"pwb-brand-microtech-de","7":"product_cat-messer","8":"product_cat-schiesmesser","9":"product_tag-b2b-de","11":"first","12":"outofstock","13":"taxable","14":"shipping-taxable","15":"purchasable","16":"product-type-simple"},"brands":[{"id":3278,"name":"Microtech","slug":"microtech-de"}],"_links":{"self":[{"href":"https:\/\/www.moskito.cz\/de\/wp-json\/wp\/v2\/product\/353992","targetHints":{"allow":["GET"]}}],"collection":[{"href":"https:\/\/www.moskito.cz\/de\/wp-json\/wp\/v2\/product"}],"about":[{"href":"https:\/\/www.moskito.cz\/de\/wp-json\/wp\/v2\/types\/product"}],"replies":[{"embeddable":true,"href":"https:\/\/www.moskito.cz\/de\/wp-json\/wp\/v2\/comments?post=353992"}],"wp:featuredmedia":[{"embeddable":true,"href":"https:\/\/www.moskito.cz\/de\/wp-json\/wp\/v2\/media\/353949"}],"wp:attachment":[{"href":"https:\/\/www.moskito.cz\/de\/wp-json\/wp\/v2\/media?parent=353992"}],"wp:term":[{"taxonomy":"pwb-brand","embeddable":true,"href":"https:\/\/www.moskito.cz\/de\/wp-json\/wp\/v2\/pwb-brand?post=353992"},{"taxonomy":"product_brand","embeddable":true,"href":"https:\/\/www.moskito.cz\/de\/wp-json\/wp\/v2\/product_brand?post=353992"},{"taxonomy":"product_cat","embeddable":true,"href":"https:\/\/www.moskito.cz\/de\/wp-json\/wp\/v2\/product_cat?post=353992"},{"taxonomy":"product_tag","embeddable":true,"href":"https:\/\/www.moskito.cz\/de\/wp-json\/wp\/v2\/product_tag?post=353992"}],"curies":[{"name":"wp","href":"https:\/\/api.w.org\/{rel}","templated":true}]}}