{"id":353994,"date":"2020-12-28T19:33:59","date_gmt":"2020-12-28T18:33:59","guid":{"rendered":"https:\/\/www.moskito.cz\/produkt\/schiessmesser-microtech-ultratech-121-2-t\/"},"modified":"2025-07-11T07:53:20","modified_gmt":"2025-07-11T06:53:20","slug":"schiessmesser-microtech-ultratech-121-2-t","status":"publish","type":"product","link":"https:\/\/www.moskito.cz\/de\/produkt\/schiessmesser-microtech-ultratech-121-2-t\/","title":{"rendered":"Schie\u00dfmesser Microtech Ultratech 121-2 T"},"content":{"rendered":"<p>Schie\u00dfmesser <strong>Microtech Ultratech<\/strong> 121-2 T. Schie\u00dfmesser von vorne. <strong>Das Microtech<\/strong> Ultratech 121-2 T Schie\u00dfmesser ist mit einer teilweise gezahnten Klinge ausgestattet. Das Messer hat einen geformten Griff aus eloxiertem 6061-T6-Aluminium und eine Edelstahlverst\u00e4rkung. Microtech hat diese Version des allseits beliebten Ultratech D\/A OTF-Messers mit einem glatt konturierten Griffdesign ausgestattet, das den Bedienkomfort erh\u00f6ht. Dieses aktualisierte Modell bietet die gleichen Abmessungen, passt aber leichter in Ihre Hand und Tasche. F\u00fcr diejenigen, die mit Ultratech nicht vertraut sind: Es handelt sich um ein vollautomatisches Messer mit einem Doppelmechanismus an der Vorderseite, das hei\u00dft, die Klinge l\u00e4sst sich mit dem Daumen ein- und ausklappen. Das Ultratech-Messer von Microtech setzt neue Ma\u00dfst\u00e4be f\u00fcr alle OTF-Messer. Gesamtl\u00e4nge: 22 cm. Klingenl\u00e4nge: 8,6 cm. Klingenst\u00e4rke: 0,33 cm. Klingenmaterial: 204P. Benutzer: rechte Handtasche Clip: Tip-Down-Messer Typ: Double-Action OTF Automatischer \u00d6ffner: Daumenschieber Marke: Microtech Modell: Ultratech Modellnummer: 121-2 T Herkunftsland: USA Beste Verwendung: T\u00e4glich https:\/\/youtu. sein \/xE9TeOFYEjg?si=_cD7H1ukVfrw59MV  &nbsp;<\/p>\n","protected":false},"excerpt":{"rendered":"<p><strong>Im Laufe der Jahre hat Microtech\u00ae Knives Messer mit Leidenschaft und K\u00f6nnen gef\u00fcllt, um nahezu Kunstwerke zu schaffen, die den Gipfel der Funktionalit\u00e4t darstellen. Alle Teile werden in den USA hergestellt.<\/strong><br \/>\n<strong>F\u00fcr alle Microtech-Messer gilt eine lebenslange Garantie.<\/strong><\/p>\n<p><strong>Kostenloser Transport.<\/strong><\/p>\n","protected":false},"featured_media":178012,"comment_status":"open","ping_status":"closed","template":"","meta":[],"pwb-brand":[3278],"product_brand":[],"product_cat":[3343,3285],"product_tag":[3669],"class_list":{"0":"post-353994","1":"product","2":"type-product","3":"status-publish","4":"has-post-thumbnail","6":"pwb-brand-microtech-de","7":"product_cat-schiesmesser","8":"product_cat-messer","9":"product_tag-b2b-de","11":"first","12":"outofstock","13":"taxable","14":"shipping-taxable","15":"purchasable","16":"product-type-simple"},"brands":[{"id":3278,"name":"Microtech","slug":"microtech-de"}],"_links":{"self":[{"href":"https:\/\/www.moskito.cz\/de\/wp-json\/wp\/v2\/product\/353994","targetHints":{"allow":["GET"]}}],"collection":[{"href":"https:\/\/www.moskito.cz\/de\/wp-json\/wp\/v2\/product"}],"about":[{"href":"https:\/\/www.moskito.cz\/de\/wp-json\/wp\/v2\/types\/product"}],"replies":[{"embeddable":true,"href":"https:\/\/www.moskito.cz\/de\/wp-json\/wp\/v2\/comments?post=353994"}],"wp:featuredmedia":[{"embeddable":true,"href":"https:\/\/www.moskito.cz\/de\/wp-json\/wp\/v2\/media\/178012"}],"wp:attachment":[{"href":"https:\/\/www.moskito.cz\/de\/wp-json\/wp\/v2\/media?parent=353994"}],"wp:term":[{"taxonomy":"pwb-brand","embeddable":true,"href":"https:\/\/www.moskito.cz\/de\/wp-json\/wp\/v2\/pwb-brand?post=353994"},{"taxonomy":"product_brand","embeddable":true,"href":"https:\/\/www.moskito.cz\/de\/wp-json\/wp\/v2\/product_brand?post=353994"},{"taxonomy":"product_cat","embeddable":true,"href":"https:\/\/www.moskito.cz\/de\/wp-json\/wp\/v2\/product_cat?post=353994"},{"taxonomy":"product_tag","embeddable":true,"href":"https:\/\/www.moskito.cz\/de\/wp-json\/wp\/v2\/product_tag?post=353994"}],"curies":[{"name":"wp","href":"https:\/\/api.w.org\/{rel}","templated":true}]}}