{"id":354347,"date":"2020-07-28T07:53:33","date_gmt":"2024-08-07T02:44:07","guid":{"rendered":"https:\/\/www.moskito.cz\/produkt\/schiessmesser-microtech-stitch-borka-blades-169-10\/"},"modified":"2025-07-11T07:51:44","modified_gmt":"2025-07-11T06:51:44","slug":"schiessmesser-microtech-stitch-borka-blades-169-10","status":"publish","type":"product","link":"https:\/\/www.moskito.cz\/de\/produkt\/schiessmesser-microtech-stitch-borka-blades-169-10\/","title":{"rendered":"Schie\u00dfmesser Microtech Stitch Borka Blades 169-10"},"content":{"rendered":"<p>Schie\u00dfmesser <strong>Microtech<\/strong> Stitch Borka Blades 169-10. Dieser automatische Stitch ist eine wundersch\u00f6ne, taktische Zusammenarbeit zwischen Tony Marfione und Sebastijan Berenji, auch bekannt als Borka. Sebastijan Stitchs erstaunliches Design mit Tonys erstaunlichem automatischen \u00d6ffnungsmechanismus sorgt f\u00fcr eine der besten Produktionskooperationen des Jahres 2017. Die 8,5 cm lange Klinge verf\u00fcgt \u00fcber eine flach geschliffene, apokalyptische Oberfl\u00e4che. Der Griff besteht aus hochgefr\u00e4stem Aluminium mit einer schwarz eloxierten Mil-Spec Hardcoat-Beschichtung und einem Aluminium-R\u00fcckenabstandshalter. Die Klinge schie\u00dft wie eine Rakete und arretiert fest, was angesichts der Automatikfunktion eine beeindruckende Leistung ist. Dies ist ein lang erwartetes Serienmodell des ber\u00fchmten Brauchs, sodass Sie die Chance haben, ein Borka-Messer zu einem Bruchteil des Preises zu erhalten. Borka Design Hardware Torx Backspacer aus strukturiertem Aluminium. Technische Daten: Klingenl\u00e4nge: 8,5 cm, Griffl\u00e4nge: 12,5 cm, Gesamtl\u00e4nge: 21 cm, Stahl: M390, Klingenstil: Spear Point, Klingenschliff: flach, Klingenfinish: Stonewash, Griffmaterial: gefr\u00e4stes Aluminium, hartbeschichtete Mil-Spec, Eloxierter Verschlussmechanismus: Knopf. Taschenverschluss: Edelstahl (faltbar, rechts). Gewicht: 6,3 Unzen. Designer: Sebastijan Berenji und Tony Marfione. Hergestellt in den USA&nbsp; Dieser Automatic Stitch ist eine wundersch\u00f6ne, taktische Zusammenarbeit zwischen Tony Marfione und Sebastijan Berenji, alias Borka. Es nimmt Sebastijans fantastisches Stitch-Design und kombiniert es mit Tonys fantastischem automatischen \u00d6ffnungsmechanismus, um eine der coolsten Produktionskollaborationen des Jahres 2017 zu schaffen. Die 3,625 Zoll lange Spear-Point-Klinge verf\u00fcgt \u00fcber einen Flachschliff, ein apokalyptisches Finish und eine Riffelung an der Fingermulde und der Daumenrampe f\u00fcr hervorragenden Halt bei feineren Schneidaufgaben. Der Griff besteht aus stark gefr\u00e4stem Aluminium mit einer schwarzen, eloxierten Mil-Spec-Hardcoat-Beschichtung und einem geriffelten Aluminium-R\u00fcckenabstandshalter Es schie\u00dft wie eine Rakete und schlie\u00dft fest, was angesichts der Tatsache, dass es sich um ein AUTO handelt, eine beeindruckende Leistung ist. Dies ist das lang erwartete Serienmodell des ber\u00fchmten Brauchs und bietet Ihnen die Chance, ein Borka-Messer zu einem Bruchteil von zu haben Die Kosten. Merkmale Borka Design Torx-Hardware, strukturierter Aluminium-Backspacer. Spezifikationen: Klingenl\u00e4nge: 3,625 Zoll Microtech) Klingenst\u00e4rke: 0,190 Zoll Klingenstil: Spear Point Klingenschliff: Flach Klingenoberfl\u00e4che: Stonewash Griffmaterial: Gefr\u00e4stes Aluminium, Mil-Spec-Hartbeschichtung eloxiert Griffst\u00e4rke: 0,62 Zoll Verriegelungsmechanismus: Knopf Taschenclip: Edelstahl (Tip-Up). (Rechtstr\u00e4ger) Gewicht: 6,3 Unzen. Designer: Sebastijan Berenji und Tony Marfione. Hergestellt in den USA  &nbsp;<\/p>\n<p>&nbsp;<\/p>\n","protected":false},"excerpt":{"rendered":"<p><strong>Im Laufe der Jahre hat Microtech\u00ae Knives Messer mit Leidenschaft und K\u00f6nnen gef\u00fcllt, um nahezu Kunstwerke zu schaffen, die den Gipfel der Funktionalit\u00e4t darstellen. Alle Teile werden in den USA hergestellt.<\/strong><br \/>\n<strong>F\u00fcr alle Microtech-Messer gilt eine lebenslange Garantie.<\/strong><\/p>\n<p><strong>Kostenloser Transport.<\/strong><\/p>\n","protected":false},"featured_media":177460,"comment_status":"open","ping_status":"closed","template":"","meta":[],"pwb-brand":[3278],"product_brand":[],"product_cat":[3285,3343],"product_tag":[],"class_list":{"0":"post-354347","1":"product","2":"type-product","3":"status-publish","4":"has-post-thumbnail","6":"pwb-brand-microtech-de","7":"product_cat-messer","8":"product_cat-schiesmesser","10":"first","11":"instock","12":"taxable","13":"shipping-taxable","14":"purchasable","15":"product-type-simple"},"brands":[{"id":3278,"name":"Microtech","slug":"microtech-de"}],"_links":{"self":[{"href":"https:\/\/www.moskito.cz\/de\/wp-json\/wp\/v2\/product\/354347","targetHints":{"allow":["GET"]}}],"collection":[{"href":"https:\/\/www.moskito.cz\/de\/wp-json\/wp\/v2\/product"}],"about":[{"href":"https:\/\/www.moskito.cz\/de\/wp-json\/wp\/v2\/types\/product"}],"replies":[{"embeddable":true,"href":"https:\/\/www.moskito.cz\/de\/wp-json\/wp\/v2\/comments?post=354347"}],"wp:featuredmedia":[{"embeddable":true,"href":"https:\/\/www.moskito.cz\/de\/wp-json\/wp\/v2\/media\/177460"}],"wp:attachment":[{"href":"https:\/\/www.moskito.cz\/de\/wp-json\/wp\/v2\/media?parent=354347"}],"wp:term":[{"taxonomy":"pwb-brand","embeddable":true,"href":"https:\/\/www.moskito.cz\/de\/wp-json\/wp\/v2\/pwb-brand?post=354347"},{"taxonomy":"product_brand","embeddable":true,"href":"https:\/\/www.moskito.cz\/de\/wp-json\/wp\/v2\/product_brand?post=354347"},{"taxonomy":"product_cat","embeddable":true,"href":"https:\/\/www.moskito.cz\/de\/wp-json\/wp\/v2\/product_cat?post=354347"},{"taxonomy":"product_tag","embeddable":true,"href":"https:\/\/www.moskito.cz\/de\/wp-json\/wp\/v2\/product_tag?post=354347"}],"curies":[{"name":"wp","href":"https:\/\/api.w.org\/{rel}","templated":true}]}}