{"id":354407,"date":"2024-08-07T04:05:12","date_gmt":"2024-08-07T03:05:44","guid":{"rendered":"https:\/\/www.moskito.cz\/produkt\/verschlussmesser-microtech-stitch-stonewashed-169rl-11flgtbk\/"},"modified":"2025-05-07T11:22:19","modified_gmt":"2025-05-07T10:22:19","slug":"verschlussmesser-microtech-stitch-stonewashed-169rl-11flgtbk","status":"publish","type":"product","link":"https:\/\/www.moskito.cz\/de\/produkt\/verschlussmesser-microtech-stitch-stonewashed-169rl-11flgtbk\/","title":{"rendered":"Verschlussmesser Microtech Stitch Stonewashed 169RL-11FLGTBK"},"content":{"rendered":"<p>Verschlussmesser <strong>Microtech<\/strong> Stitch Stonewashed 169RL-11FLGTBK. <strong>Stitch<\/strong> RAM-LOK wurde 2023 auf den Markt gebracht und deb\u00fctierte bei MSI ( <strong>Microtech<\/strong> Standard-Ausgabe) als erstes <strong>Microtech<\/strong> mit der fantastischen RAM-LOK-Technologie. Dieses hart aussehende Heckschloss verf\u00fcgt \u00fcber das charakteristische <strong>Microtech-<\/strong> Stufenmuster, das durch die <strong>Ultratech-<\/strong> Serie von Steuerschaltern bekannt wurde. Der gro\u00dfe Klingenausschnitt bietet viel Platz f\u00fcr einen Mittelfinger-R\u00fcckschwung sowie eine standardm\u00e4\u00dfige langsame Daumen\u00f6ffnung mit oder ohne Handschuhe. Wenn Ihnen beides nicht gef\u00e4llt, ziehen Sie einfach am RAM-LOK und die Klinge \u00f6ffnet sich mit einer einfachen Bewegung aus dem Handgelenk. Die G10-Griffe sind glatt und leicht klebrig und bieten sowohl im Standard- als auch im Reverse-Griff gro\u00dfe Griffm\u00f6glichkeiten. Robust, langlebig und hergestellt in den USA; Wir wissen, dass MSI schnell zum Liebling der Fans aller Mitglieder der Messer-Community werden wird. <strong>Microtech Stitch<\/strong> ist eine wundersch\u00f6ne taktische Zusammenarbeit zwischen Tony Marfione und Sebastijan Berenji, auch bekannt als Borka. Es nimmt Sebastijans erstaunliches Stitch-Design und kombiniert es mit Tonys erstaunlicher Er\u00f6ffnungsmechanik, um eine der erstaunlichsten Produktionskollaborationen aller Zeiten zu schaffen. Die 3,625-Zoll-Speerspitzenklinge verf\u00fcgt \u00fcber einen flachen Boden sowie Finger- und Daumenrillen f\u00fcr besseren Halt bei feineren Schneidaufgaben. Spezifikationen: Klingenl\u00e4nge: 9 cm, geschlossene L\u00e4nge: 12,5 cm, Gesamtl\u00e4nge: 21 cm, Klingenstahl: Bohler M390MK Edelstahl, Klingenstil: Speerspitze, Klingenschliff: flach, Klingenoberfl\u00e4che: Stonewash, Griffmaterial: schwarz gerilltes G10, Einsatzmaterial: Edelstahl, Verriegelungsmechanismus: RAM -LOK-Taschenclip: Edelstahl (ausklappbar, rechtsh\u00e4ndig zu tragen) Gewicht: 5,22 Unzen. Designer: Sebastijan Berenji und Tony Marfione Hergestellt in den USA https:\/\/youtu.be\/xE9TeOFYEjg  &nbsp;<\/p>\n","protected":false},"excerpt":{"rendered":"<p><strong>Im Laufe der Jahre hat Microtech\u00ae Knives Messer mit Leidenschaft und K\u00f6nnen gef\u00fcllt, um nahezu Kunstwerke zu schaffen, die den Gipfel der Funktionalit\u00e4t darstellen. Alle Teile werden in den USA hergestellt.<\/strong><br \/>\n<strong>F\u00fcr alle Microtech-Messer gilt eine lebenslange Garantie.<\/strong><\/p>\n<p><strong>Kostenloser Transport.<\/strong><\/p>\n","protected":false},"featured_media":354362,"comment_status":"open","ping_status":"closed","template":"","meta":[],"pwb-brand":[3278],"product_brand":[],"product_cat":[3285,3303],"product_tag":[3669],"class_list":{"0":"post-354407","1":"product","2":"type-product","3":"status-publish","4":"has-post-thumbnail","6":"pwb-brand-microtech-de","7":"product_cat-messer","8":"product_cat-schliesmesser","9":"product_tag-b2b-de","11":"first","12":"outofstock","13":"taxable","14":"shipping-taxable","15":"purchasable","16":"product-type-simple"},"brands":[{"id":3278,"name":"Microtech","slug":"microtech-de"}],"_links":{"self":[{"href":"https:\/\/www.moskito.cz\/de\/wp-json\/wp\/v2\/product\/354407","targetHints":{"allow":["GET"]}}],"collection":[{"href":"https:\/\/www.moskito.cz\/de\/wp-json\/wp\/v2\/product"}],"about":[{"href":"https:\/\/www.moskito.cz\/de\/wp-json\/wp\/v2\/types\/product"}],"replies":[{"embeddable":true,"href":"https:\/\/www.moskito.cz\/de\/wp-json\/wp\/v2\/comments?post=354407"}],"wp:featuredmedia":[{"embeddable":true,"href":"https:\/\/www.moskito.cz\/de\/wp-json\/wp\/v2\/media\/354362"}],"wp:attachment":[{"href":"https:\/\/www.moskito.cz\/de\/wp-json\/wp\/v2\/media?parent=354407"}],"wp:term":[{"taxonomy":"pwb-brand","embeddable":true,"href":"https:\/\/www.moskito.cz\/de\/wp-json\/wp\/v2\/pwb-brand?post=354407"},{"taxonomy":"product_brand","embeddable":true,"href":"https:\/\/www.moskito.cz\/de\/wp-json\/wp\/v2\/product_brand?post=354407"},{"taxonomy":"product_cat","embeddable":true,"href":"https:\/\/www.moskito.cz\/de\/wp-json\/wp\/v2\/product_cat?post=354407"},{"taxonomy":"product_tag","embeddable":true,"href":"https:\/\/www.moskito.cz\/de\/wp-json\/wp\/v2\/product_tag?post=354407"}],"curies":[{"name":"wp","href":"https:\/\/api.w.org\/{rel}","templated":true}]}}