{"id":354499,"date":"2024-08-07T04:37:13","date_gmt":"2024-08-07T03:38:19","guid":{"rendered":"https:\/\/www.moskito.cz\/produkt\/schiessmesser-microtech-borka-stitch-apocalyptic-169-11ap\/"},"modified":"2025-05-07T11:22:22","modified_gmt":"2025-05-07T10:22:22","slug":"schiessmesser-microtech-borka-stitch-apocalyptic-169-11ap","status":"publish","type":"product","link":"https:\/\/www.moskito.cz\/de\/produkt\/schiessmesser-microtech-borka-stitch-apocalyptic-169-11ap\/","title":{"rendered":"Schie\u00dfmesser Microtech\/Borka Stitch Apocalyptic 169-11AP"},"content":{"rendered":"<p>Schie\u00dfmesser <strong>Microtech<\/strong> \/ Borka Stitch Apocalyptic 169-11AP. Automatic <strong>Stitch<\/strong> ist eine wundersch\u00f6ne taktische Zusammenarbeit zwischen Tony Marfione und Sebastijan Berenji, alias Borka. Es nimmt Sebastijans erstaunliches Stitch-Design und kombiniert es mit Tonys erstaunlichem automatischen \u00d6ffnungsmechanismus, um eine der coolsten Produktionskollaborationen des Jahres 2017 zu schaffen. Die Speerspitzenklinge hat einen flachen Boden, ein apokalyptisches Finish aus dunklem Stein und eine Finger- und Daumenschlaufenrampe f\u00fcr hervorragenden Halt bei feinerem Der Griff besteht aus schwerem, gefr\u00e4stem Aluminium mit einer schwarz eloxierten Mil-Spec-Hardcoat-Beschichtung. Er schie\u00dft wie eine Rakete und rastet fest ein, eine beeindruckende Leistung, wenn man bedenkt, dass es sich um ein AUTO handelt. Dies ist das lang erwartete Serienmodell des ber\u00fchmten Customs, das Sie erhalten die Chance, ein Borka-Messer zu einem Bruchteil des Preises zu besitzen. Spezifikationen: Klingenl\u00e4nge: 8,5 cm Griffl\u00e4nge: 12,5 cm Gesamtl\u00e4nge: 21 cm Stahl: M390 Klingenstil: Spear Point Klingenschliff: Flach Klingenfinish: Apocalyptic Griffmaterial: Gefr\u00e4stes Aluminium, hartanodisierte Mil-Spec-Beschichtung Verriegelungsmechanismus: Knopftasche Clip: Edelstahl (ausklappbar, rechtsh\u00e4ndig zu tragen) Gewicht: 6,3 Unzen. Designer: Sebastijan Berenji und Tony Marfione Hergestellt in den USA https:\/\/youtu.be\/xE9TeOFYEjg       &nbsp;<\/p>\n","protected":false},"excerpt":{"rendered":"<p><strong>Im Laufe der Jahre hat Microtech\u00ae Knives Messer mit Leidenschaft und K\u00f6nnen gef\u00fcllt, um nahezu Kunstwerke zu schaffen, die den Gipfel der Funktionalit\u00e4t darstellen. Alle Teile werden in den USA hergestellt.<\/strong><br \/>\n<strong>F\u00fcr alle Microtech-Messer gilt eine lebenslange Garantie.<\/strong><\/p>\n<p><strong>Kostenloser Transport.<\/strong><\/p>\n","protected":false},"featured_media":354448,"comment_status":"open","ping_status":"closed","template":"","meta":[],"pwb-brand":[3278],"product_brand":[],"product_cat":[3285,3343],"product_tag":[3669],"class_list":{"0":"post-354499","1":"product","2":"type-product","3":"status-publish","4":"has-post-thumbnail","6":"pwb-brand-microtech-de","7":"product_cat-messer","8":"product_cat-schiesmesser","9":"product_tag-b2b-de","11":"first","12":"instock","13":"taxable","14":"shipping-taxable","15":"purchasable","16":"product-type-simple"},"brands":[{"id":3278,"name":"Microtech","slug":"microtech-de"}],"_links":{"self":[{"href":"https:\/\/www.moskito.cz\/de\/wp-json\/wp\/v2\/product\/354499","targetHints":{"allow":["GET"]}}],"collection":[{"href":"https:\/\/www.moskito.cz\/de\/wp-json\/wp\/v2\/product"}],"about":[{"href":"https:\/\/www.moskito.cz\/de\/wp-json\/wp\/v2\/types\/product"}],"replies":[{"embeddable":true,"href":"https:\/\/www.moskito.cz\/de\/wp-json\/wp\/v2\/comments?post=354499"}],"wp:featuredmedia":[{"embeddable":true,"href":"https:\/\/www.moskito.cz\/de\/wp-json\/wp\/v2\/media\/354448"}],"wp:attachment":[{"href":"https:\/\/www.moskito.cz\/de\/wp-json\/wp\/v2\/media?parent=354499"}],"wp:term":[{"taxonomy":"pwb-brand","embeddable":true,"href":"https:\/\/www.moskito.cz\/de\/wp-json\/wp\/v2\/pwb-brand?post=354499"},{"taxonomy":"product_brand","embeddable":true,"href":"https:\/\/www.moskito.cz\/de\/wp-json\/wp\/v2\/product_brand?post=354499"},{"taxonomy":"product_cat","embeddable":true,"href":"https:\/\/www.moskito.cz\/de\/wp-json\/wp\/v2\/product_cat?post=354499"},{"taxonomy":"product_tag","embeddable":true,"href":"https:\/\/www.moskito.cz\/de\/wp-json\/wp\/v2\/product_tag?post=354499"}],"curies":[{"name":"wp","href":"https:\/\/api.w.org\/{rel}","templated":true}]}}