{"id":355135,"date":"2024-08-08T22:21:05","date_gmt":"2024-08-08T21:23:02","guid":{"rendered":"https:\/\/www.moskito.cz\/produkt\/schliessmesser-microtech-amphibian-137rl-1flgtod\/"},"modified":"2025-05-07T11:22:38","modified_gmt":"2025-05-07T10:22:38","slug":"schliessmesser-microtech-amphibian-137rl-1flgtod","status":"publish","type":"product","link":"https:\/\/www.moskito.cz\/de\/produkt\/schliessmesser-microtech-amphibian-137rl-1flgtod\/","title":{"rendered":"Schlie\u00dfmesser Microtech Amphibian 137RL-1FLGTOD"},"content":{"rendered":"<p>Schlie\u00dfmesser <strong>Microtech<\/strong> Amphibian 137RL-1FLGTOD. <strong>Amphibian<\/strong> ist ein echter Marfione-Klassiker, der \u00fcber 20 Jahre alt ist. Es stammt aus den alten Zeiten, als <strong>Microtech-Messer<\/strong> sowohl automatisch als auch manuell sein konnten &#8230; in einem. Was wir hier haben, ist eine manuelle Version, die Tonys eigenes RAM-LOK-Design mit einem beidh\u00e4ndigen Taschenclip und zwei Daumenpins f\u00fcr ein vollst\u00e4ndig beidh\u00e4ndiges Messer enth\u00e4lt, das in keiner Weise Abstriche macht. Es verf\u00fcgt \u00fcber den patentierten Bohler M390MK-Klingenstahl, der nur bei <strong>Microtech Knives<\/strong> erh\u00e4ltlich ist. Von der Gr\u00f6\u00dfe her \u00e4hnelt das Messer der MSI <strong>Microtech<\/strong> Standard-Ausgabe, vom Stil her gibt es jedoch keinen Vergleich. Das Amphibian ist eines der coolsten taktischen Messerdesigns aller Zeiten und wir freuen uns, dass es zur\u00fcck und f\u00fcr die breite Masse verf\u00fcgbar ist! Spezifikationen: Klingenl\u00e4nge: 9,67 cm L\u00e4nge geschlossen: 13,42 cm Gesamtl\u00e4nge: 23,12 cm Klingenstahl: Bohler M390MK Edelstahl Klingenstil: Clip Point Klingenschliff: Hohl Klingenoberfl\u00e4che: Schwarz Griffmaterial: Gezahnt, OD Green G10 Verriegelungsmechanismus: RAM-LOK Taschenclip: Titan (ausklappbar, links\/rechts tragbar) Gewicht: 5,93 oz. Designer: Tony Marfione Hergestellt in den USA https:\/\/youtu.be\/xE9TeOFYEjg<\/p>\n","protected":false},"excerpt":{"rendered":"<p><strong>Im Laufe der Jahre hat Microtech\u00ae Knives Messer mit Leidenschaft und K\u00f6nnen gef\u00fcllt, um nahezu Kunstwerke zu schaffen, die den Gipfel der Funktionalit\u00e4t darstellen. Alle Teile werden in den USA hergestellt.<\/strong><br \/>\n<strong>F\u00fcr alle Microtech-Messer gilt eine lebenslange Garantie.<\/strong><\/p>\n<p><strong>Kostenloser Transport.<\/strong><\/p>\n","protected":false},"featured_media":355090,"comment_status":"open","ping_status":"closed","template":"","meta":[],"pwb-brand":[3278],"product_brand":[],"product_cat":[3285,3303],"product_tag":[3669],"class_list":{"0":"post-355135","1":"product","2":"type-product","3":"status-publish","4":"has-post-thumbnail","6":"pwb-brand-microtech-de","7":"product_cat-messer","8":"product_cat-schliesmesser","9":"product_tag-b2b-de","11":"first","12":"outofstock","13":"taxable","14":"shipping-taxable","15":"purchasable","16":"product-type-simple"},"brands":[{"id":3278,"name":"Microtech","slug":"microtech-de"}],"_links":{"self":[{"href":"https:\/\/www.moskito.cz\/de\/wp-json\/wp\/v2\/product\/355135","targetHints":{"allow":["GET"]}}],"collection":[{"href":"https:\/\/www.moskito.cz\/de\/wp-json\/wp\/v2\/product"}],"about":[{"href":"https:\/\/www.moskito.cz\/de\/wp-json\/wp\/v2\/types\/product"}],"replies":[{"embeddable":true,"href":"https:\/\/www.moskito.cz\/de\/wp-json\/wp\/v2\/comments?post=355135"}],"wp:featuredmedia":[{"embeddable":true,"href":"https:\/\/www.moskito.cz\/de\/wp-json\/wp\/v2\/media\/355090"}],"wp:attachment":[{"href":"https:\/\/www.moskito.cz\/de\/wp-json\/wp\/v2\/media?parent=355135"}],"wp:term":[{"taxonomy":"pwb-brand","embeddable":true,"href":"https:\/\/www.moskito.cz\/de\/wp-json\/wp\/v2\/pwb-brand?post=355135"},{"taxonomy":"product_brand","embeddable":true,"href":"https:\/\/www.moskito.cz\/de\/wp-json\/wp\/v2\/product_brand?post=355135"},{"taxonomy":"product_cat","embeddable":true,"href":"https:\/\/www.moskito.cz\/de\/wp-json\/wp\/v2\/product_cat?post=355135"},{"taxonomy":"product_tag","embeddable":true,"href":"https:\/\/www.moskito.cz\/de\/wp-json\/wp\/v2\/product_tag?post=355135"}],"curies":[{"name":"wp","href":"https:\/\/api.w.org\/{rel}","templated":true}]}}