{"id":355249,"date":"2024-08-08T23:18:47","date_gmt":"2024-08-08T22:26:19","guid":{"rendered":"https:\/\/www.moskito.cz\/produkt\/schliessmesser-microtech-matrix-165c-4cfti\/"},"modified":"2025-05-07T11:22:40","modified_gmt":"2025-05-07T10:22:40","slug":"schliessmesser-microtech-matrix-165c-4cfti","status":"publish","type":"product","link":"https:\/\/www.moskito.cz\/de\/produkt\/schliessmesser-microtech-matrix-165c-4cfti\/","title":{"rendered":"Schlie\u00dfmesser Microtech Matrix 165C-4CFTI"},"content":{"rendered":"<p>Schlie\u00dfmesser <strong>Microtech<\/strong> Matrix 165C-4CFTI. <strong>Die Matrix<\/strong> ist ein weiteres gemeinsames Meisterwerk von <strong>Microtech Knives<\/strong> und Rike Knife Co., eine au\u00dfergew\u00f6hnliche Handflosse mit einer makellos glatten Aktion. Wie der erschwingliche Luxus, den das Socom Bravo Mini verk\u00f6rpert, wiegt dieses Messer in Originalgr\u00f6\u00dfe genau 180 g und ist einschlie\u00dflich des Wolfram-Glasbrechers 9,35 Zoll lang. Der Griff ist pr\u00e4zise gefertigt und kombiniert nahtlos Titan und Kohlefaser f\u00fcr optimale Ergonomie, wodurch ein Schneidwerkzeug mit un\u00fcbertroffenen F\u00e4higkeiten entsteht. Ein umkehrbarer Kugel-Taschenclip aus Siliziumkarbid sorgt f\u00fcr die Integrit\u00e4t der Tasche und macht es zum idealen Begleiter f\u00fcr den t\u00e4glichen Gebrauch. Handeln Sie schnell und verpassen Sie nicht Ihre Chance, diese limitierte Edition zu besitzen. Spezifikationen: Klingenl\u00e4nge: 9,42 cm, geschlossene L\u00e4nge: 14,25 cm, Gesamtl\u00e4nge: 23,37 cm, Klingenmaterial: Bohler M390-Edelstahl, Klingenstil: modifizierter Sheepfoot-Klingenschliff: flach, Klingenoberfl\u00e4che: handgeriebenes Satin, Griffmaterial: verst\u00e4rktes 6Al4V-Titan mit Schuppen-Kohlefaser-Verriegelung Mechanismus: Rahmenverriegelungsstift-Baugruppe: Lager Taschenclip: Titan (klappbar, rechts\/links tragend) Gewicht: 6,00 oz. Designer: Tony Marfione https:\/\/youtu.be\/xE9TeOFYEjg  &nbsp;<\/p>\n","protected":false},"excerpt":{"rendered":"<p><strong>Im Laufe der Jahre hat Microtech\u00ae Knives Messer mit Leidenschaft und K\u00f6nnen gef\u00fcllt, um nahezu Kunstwerke zu schaffen, die den Gipfel der Funktionalit\u00e4t darstellen. Alle Teile werden in den USA hergestellt.<\/strong><br \/>\n<strong>F\u00fcr alle Microtech-Messer gilt eine lebenslange Garantie.<\/strong><\/p>\n<p><strong>Kostenloser Transport.<\/strong><\/p>\n","protected":false},"featured_media":355196,"comment_status":"open","ping_status":"closed","template":"","meta":[],"pwb-brand":[3278],"product_brand":[],"product_cat":[3285,3303],"product_tag":[3669],"class_list":{"0":"post-355249","1":"product","2":"type-product","3":"status-publish","4":"has-post-thumbnail","6":"pwb-brand-microtech-de","7":"product_cat-messer","8":"product_cat-schliesmesser","9":"product_tag-b2b-de","11":"first","12":"instock","13":"taxable","14":"shipping-taxable","15":"purchasable","16":"product-type-simple"},"brands":[{"id":3278,"name":"Microtech","slug":"microtech-de"}],"_links":{"self":[{"href":"https:\/\/www.moskito.cz\/de\/wp-json\/wp\/v2\/product\/355249","targetHints":{"allow":["GET"]}}],"collection":[{"href":"https:\/\/www.moskito.cz\/de\/wp-json\/wp\/v2\/product"}],"about":[{"href":"https:\/\/www.moskito.cz\/de\/wp-json\/wp\/v2\/types\/product"}],"replies":[{"embeddable":true,"href":"https:\/\/www.moskito.cz\/de\/wp-json\/wp\/v2\/comments?post=355249"}],"wp:featuredmedia":[{"embeddable":true,"href":"https:\/\/www.moskito.cz\/de\/wp-json\/wp\/v2\/media\/355196"}],"wp:attachment":[{"href":"https:\/\/www.moskito.cz\/de\/wp-json\/wp\/v2\/media?parent=355249"}],"wp:term":[{"taxonomy":"pwb-brand","embeddable":true,"href":"https:\/\/www.moskito.cz\/de\/wp-json\/wp\/v2\/pwb-brand?post=355249"},{"taxonomy":"product_brand","embeddable":true,"href":"https:\/\/www.moskito.cz\/de\/wp-json\/wp\/v2\/product_brand?post=355249"},{"taxonomy":"product_cat","embeddable":true,"href":"https:\/\/www.moskito.cz\/de\/wp-json\/wp\/v2\/product_cat?post=355249"},{"taxonomy":"product_tag","embeddable":true,"href":"https:\/\/www.moskito.cz\/de\/wp-json\/wp\/v2\/product_tag?post=355249"}],"curies":[{"name":"wp","href":"https:\/\/api.w.org\/{rel}","templated":true}]}}