{"id":355343,"date":"2024-08-09T09:33:11","date_gmt":"2024-08-09T08:36:30","guid":{"rendered":"https:\/\/www.moskito.cz\/produkt\/schiessmesser-beltrame-stiletto-hirschhornbajonett-33-cm\/"},"modified":"2025-08-21T22:21:40","modified_gmt":"2025-08-21T21:21:40","slug":"schiessmesser-beltrame-stiletto-hirschhornbajonett-33-cm","status":"publish","type":"product","link":"https:\/\/www.moskito.cz\/de\/produkt\/schiessmesser-beltrame-stiletto-hirschhornbajonett-33-cm\/","title":{"rendered":"Schie\u00dfmesser Beltrame Stiletto Hirschhornbajonett 33 cm"},"content":{"rendered":"<p>Schie\u00dfmesser <strong>Beltrame<\/strong> Stiletto Hirschhornbajonett 33 cm. Seitenschie\u00dfmesser mit Sicherung am Griff. Der Griff besteht aus echtem Geweih, die Klinge aus Stahl 420 (H\u00e4rte 54 bis 56 HRC). L\u00e4nge im ge\u00f6ffneten Zustand 33 cm. Die L\u00e4nge der Klinge betr\u00e4gt 14 cm. Klassischer italienischer Geweih-Stiletto-Dolch 33 cm, traditionelles italienisches Federmesser.  Die nach den Prinzipien italienischer Handwerkskunst handgefertigten Frank Beltrame Stiletto-Messer sind auf der ganzen Welt f\u00fcr ihre extreme Leichtigkeit und Haltbarkeit bekannt. Aufgrund seiner Eigenschaften eignet sich der italienische Dolch f\u00fcr den Einsatz in jeder Umgebung, von der Jagd bis zum Camping. Solide, langlebige Konstruktion, starke Klingen\u00f6ffnungsfeder ist das Markenzeichen der klassischen italienischen Frank Beltrame-Federg\u00fcrtel. Griff \u2013 aus Hirschgeweih (Hirschhorn) in nat\u00fcrlicher Hornfarbe, verleiht einen exklusiven Look. Mit einer polierten Nickeloberfl\u00e4che bietet es einen bequemen und sicheren Halt. Die Bediensicherheit wird durch die ergonomische Form des Griffs erh\u00f6ht, die ein Abrutschen der Hand beim Arbeiten verhindert. Messingnieten. Klinge \u2013 extrem scharfe, pr\u00e4zise Klinge mit Dolchprofil, St\u00e4rke 3,5 mm, aus Edelstahl AISI 420 MA5M, leicht zu sch\u00e4rfen, gekennzeichnet durch hohe Korrosionsbest\u00e4ndigkeit. Geh\u00e4rteter Stahl 56 HRC. Ein \u00fcblicher, aus dem Flachschliff abgeleiteter Klingentyp bietet gute Schneid- und Durchdringungseigenschaften. Sperre \u2013 verhindert versehentliches Einklappen oder \u00d6ffnen der Klinge. Das automatische Messer wird \u00fcber einen festen Knopf am Griff ge\u00f6ffnet. Feder &#8211; Besonderes Augenmerk wird auf die Gestaltung der Feder (Edelstahl) gelegt: Die Klinge muss innerhalb weniger Hundertstelsekunden ge\u00f6ffnet werden (Merkmal der Stiletto-Messer). Die Beltrame-Komponente erzeugt beim \u00d6ffnen der Klinge ein charakteristisches Ger\u00e4usch (Klick), das sie von anderen Federmessern unterscheidet.  &nbsp;  Beltrame-Messer werden seit 1953 in Italien hergestellt. Das Unternehmen wurde von Frank Beltram gegr\u00fcndet. Das Geheimnis der Herstellung dieser Stiletto-Messer ist Teil der Geschichte von Maniago, die vom Vater an den Sohn weitergegeben wurde. Als kleiner Junge half Frank in der Fabrik seines Vaters, wo er sp\u00e4ter als Lehrling seines Vaters zu arbeiten begann. Dar\u00fcber hinaus besuchte er eine Schule f\u00fcr traditionelles Besteck, wo er alles \u00fcber verschiedene Materialien, neueste Verarbeitungstechnologien und verschiedene Designstile lernte. Im Jahr 1958 begannen Frank und seine Familie mit der Herstellung automatischer Messer. Ein Jahr nachdem Franks Vater w\u00e4hrend seiner Arbeit in der Fabrik an einem Herzinfarkt starb, gr\u00fcndete Frank die Firma Beltrame. In den folgenden Jahren besch\u00e4ftigte er sich weiterhin mit Messern, geeigneten Materialien und Design. Schon nach kurzer Zeit kamen billige Nachahmungen aus Taiwan auf den Markt, traditionelle italienische Stiletto-Messer. Also musste sich Frank einem neuen Problem stellen. Gl\u00fccklicherweise spricht die Qualit\u00e4t dieser g\u00fcnstigen Messer f\u00fcr sich, jeder Sammler wei\u00df, dass es keine M\u00f6glichkeit gibt, sie mit einem echten Beltrame-Dolch zu vergleichen. Beltrame-Messer haben dank Franks Leidenschaft f\u00fcr diese Messer die Anerkennung der anspruchsvollsten Kunden der Welt gewonnen. Bei der Herstellung von Messern nutzt er seine langj\u00e4hrige Erfahrung, die er schon in jungen Jahren erworben hat. Im Jahr 2005 erhielten Beltrame-Messer das Maniago-Qualit\u00e4tszertifikat, mit dem sie die europ\u00e4ischen Qualit\u00e4tsstandards \u00fcbertrafen. Das bedeutet, dass diese Messer jedes Jahr auf ihre Materialqualit\u00e4t gepr\u00fcft werden.<\/p>\n","protected":false},"excerpt":{"rendered":"<p><strong>Beltrame-Messer werden seit 1953 in Italien hergestellt. Das Unternehmen wurde von Frank Beltram gegr\u00fcndet. Das Geheimnis der Herstellung dieser Stiletto-Messer ist Teil der Geschichte von Maniago, die vom Vater an den Sohn weitergegeben wurde.<\/strong><br \/>\n<strong>Hergestellt in Italien.<\/strong><\/p>\n<p>&nbsp;<\/p>\n","protected":false},"featured_media":355333,"comment_status":"open","ping_status":"closed","template":"","meta":[],"pwb-brand":[3533],"product_brand":[],"product_cat":[3285,3343],"product_tag":[3669],"class_list":{"0":"post-355343","1":"product","2":"type-product","3":"status-publish","4":"has-post-thumbnail","6":"pwb-brand-beltrame-de","7":"product_cat-messer","8":"product_cat-schiesmesser","9":"product_tag-b2b-de","11":"first","12":"outofstock","13":"taxable","14":"shipping-taxable","15":"purchasable","16":"product-type-simple"},"brands":[{"id":3533,"name":"Beltrame","slug":"beltrame-de"}],"_links":{"self":[{"href":"https:\/\/www.moskito.cz\/de\/wp-json\/wp\/v2\/product\/355343","targetHints":{"allow":["GET"]}}],"collection":[{"href":"https:\/\/www.moskito.cz\/de\/wp-json\/wp\/v2\/product"}],"about":[{"href":"https:\/\/www.moskito.cz\/de\/wp-json\/wp\/v2\/types\/product"}],"replies":[{"embeddable":true,"href":"https:\/\/www.moskito.cz\/de\/wp-json\/wp\/v2\/comments?post=355343"}],"wp:featuredmedia":[{"embeddable":true,"href":"https:\/\/www.moskito.cz\/de\/wp-json\/wp\/v2\/media\/355333"}],"wp:attachment":[{"href":"https:\/\/www.moskito.cz\/de\/wp-json\/wp\/v2\/media?parent=355343"}],"wp:term":[{"taxonomy":"pwb-brand","embeddable":true,"href":"https:\/\/www.moskito.cz\/de\/wp-json\/wp\/v2\/pwb-brand?post=355343"},{"taxonomy":"product_brand","embeddable":true,"href":"https:\/\/www.moskito.cz\/de\/wp-json\/wp\/v2\/product_brand?post=355343"},{"taxonomy":"product_cat","embeddable":true,"href":"https:\/\/www.moskito.cz\/de\/wp-json\/wp\/v2\/product_cat?post=355343"},{"taxonomy":"product_tag","embeddable":true,"href":"https:\/\/www.moskito.cz\/de\/wp-json\/wp\/v2\/product_tag?post=355343"}],"curies":[{"name":"wp","href":"https:\/\/api.w.org\/{rel}","templated":true}]}}