{"id":355757,"date":"2024-08-09T15:35:48","date_gmt":"2024-08-09T19:17:47","guid":{"rendered":"https:\/\/www.moskito.cz\/produkt\/schiessmesser-frank-beltrame-bajonett-bueffelhorn-33cm\/"},"modified":"2025-05-07T11:22:47","modified_gmt":"2025-05-07T10:22:47","slug":"schiessmesser-frank-beltrame-bajonett-bueffelhorn-33cm","status":"publish","type":"product","link":"https:\/\/www.moskito.cz\/de\/produkt\/schiessmesser-frank-beltrame-bajonett-bueffelhorn-33cm\/","title":{"rendered":"Schie\u00dfmesser Frank Beltrame Bajonett B\u00fcffelhorn 33cm"},"content":{"rendered":"<p>Schie\u00dfmesser <strong>Frank Beltrame<\/strong> Bajonett B\u00fcffelhorn 33cm. Klassisches italienisches <strong>Stiletto-B\u00fcffelhorn<\/strong> , Bajonett 28 cm, traditionelles italienisches Federmesser, das \u00d6ffnen der Klinge muss innerhalb weniger Hundertstelsekunden erfolgen (Merkmal von Stiletto-Messern).  Frank Beltrame Stiletto-Messer, vollst\u00e4ndig handgefertigt nach den Prinzipien italienischer Handwerkskunst, sind auf der ganzen Welt f\u00fcr ihre extreme Leichtigkeit und Haltbarkeit bekannt. Aufgrund seiner Eigenschaften eignet sich der italienische Dolch f\u00fcr den Einsatz in jeder Umgebung, von der Jagd bis zum Camping. Solide, langlebige Konstruktion, starke Klingen\u00f6ffnungsfeder ist das Markenzeichen der klassischen italienischen <strong>Frank Beltrame<\/strong> -Federg\u00fcrtel. Der mit B\u00fcffelhornbesatz \u00fcberzogene Griff unterstreicht den exklusiven Look. Mit einer polierten Nickeloberfl\u00e4che bietet es einen bequemen und sicheren Halt. Die Bediensicherheit wird durch die ergonomische Form des Griffs erh\u00f6ht, die ein Abrutschen der Hand beim Arbeiten verhindert. Messingnieten. Klinge \u2013 eine extrem scharfe, pr\u00e4zise Klinge mit einem Spear Point (Bajonett)-Profil, 3,5 mm dick, was die Durchdringungseigenschaften der Fake-Klinge erh\u00f6ht. Hergestellt aus Edelstahl AISI 420 MA5M, leicht zu schleifen, gekennzeichnet durch hohe Korrosionsbest\u00e4ndigkeit.  Geh\u00e4rteter Stahl 56 HRC. Ein \u00fcblicher, aus dem Flachschliff abgeleiteter Klingentyp bietet gute Schneid- und Durchdringungseigenschaften. Der Stahlschutz sch\u00fctzt die Hand vor ungewolltem Abrutschen und erm\u00f6glicht das Einklappen der Klinge bei Druck. Sperre \u2013 verhindert versehentliches Einklappen oder \u00d6ffnen der Klinge. Das automatische Messer wird \u00fcber einen festen Knopf am Griff ge\u00f6ffnet. Feder &#8211; Besonderes Augenmerk wird auf die Gestaltung der Feder (Edelstahl) gelegt: Die Klinge muss innerhalb weniger Hundertstelsekunden ge\u00f6ffnet werden (Merkmal der Stiletto-Messer). Das Beltrame-Messer macht beim \u00d6ffnen der Klinge ein charakteristisches Ger\u00e4usch (Klick), das es von anderen Federmessern unterscheidet. Technische Daten: Produktnummer: FB 33\/ 58B Name: Klassisches italienisches Stiletto-B\u00fcffelhorn, Bajonett 33 Stahlsorte: AISI 420 MA5M Rockwell-H\u00e4rte der Klinge: 56 HRC Klingenl\u00e4nge: 14 cm Klingenst\u00e4rke: 0,35 cm Gesamtl\u00e4nge: 33 cm Klinge : Glatt Klingentyp: Speerspitze (Bajonett) Messerverriegelung: Ja Grifftyp: Bullhorn Hersteller: F.LLI Beltrame, Italien   &nbsp;<\/p>\n","protected":false},"excerpt":{"rendered":"<p><strong>Beltrame-Messer werden seit 1953 in Italien hergestellt. Das Unternehmen wurde von Frank Beltram gegr\u00fcndet. Das Geheimnis der Herstellung dieser Stiletto-Messer ist Teil der Geschichte von Maniago, die vom Vater an den Sohn weitergegeben wurde.<\/strong><br \/>\n<strong>Hergestellt in Italien.<\/strong><\/p>\n","protected":false},"featured_media":355374,"comment_status":"open","ping_status":"closed","template":"","meta":[],"pwb-brand":[3533],"product_brand":[],"product_cat":[3285,3343],"product_tag":[3669],"class_list":{"0":"post-355757","1":"product","2":"type-product","3":"status-publish","4":"has-post-thumbnail","6":"pwb-brand-beltrame-de","7":"product_cat-messer","8":"product_cat-schiesmesser","9":"product_tag-b2b-de","11":"first","12":"outofstock","13":"taxable","14":"shipping-taxable","15":"purchasable","16":"product-type-simple"},"brands":[{"id":3533,"name":"Beltrame","slug":"beltrame-de"}],"_links":{"self":[{"href":"https:\/\/www.moskito.cz\/de\/wp-json\/wp\/v2\/product\/355757","targetHints":{"allow":["GET"]}}],"collection":[{"href":"https:\/\/www.moskito.cz\/de\/wp-json\/wp\/v2\/product"}],"about":[{"href":"https:\/\/www.moskito.cz\/de\/wp-json\/wp\/v2\/types\/product"}],"replies":[{"embeddable":true,"href":"https:\/\/www.moskito.cz\/de\/wp-json\/wp\/v2\/comments?post=355757"}],"wp:featuredmedia":[{"embeddable":true,"href":"https:\/\/www.moskito.cz\/de\/wp-json\/wp\/v2\/media\/355374"}],"wp:attachment":[{"href":"https:\/\/www.moskito.cz\/de\/wp-json\/wp\/v2\/media?parent=355757"}],"wp:term":[{"taxonomy":"pwb-brand","embeddable":true,"href":"https:\/\/www.moskito.cz\/de\/wp-json\/wp\/v2\/pwb-brand?post=355757"},{"taxonomy":"product_brand","embeddable":true,"href":"https:\/\/www.moskito.cz\/de\/wp-json\/wp\/v2\/product_brand?post=355757"},{"taxonomy":"product_cat","embeddable":true,"href":"https:\/\/www.moskito.cz\/de\/wp-json\/wp\/v2\/product_cat?post=355757"},{"taxonomy":"product_tag","embeddable":true,"href":"https:\/\/www.moskito.cz\/de\/wp-json\/wp\/v2\/product_tag?post=355757"}],"curies":[{"name":"wp","href":"https:\/\/api.w.org\/{rel}","templated":true}]}}