{"id":355810,"date":"2024-08-09T20:41:12","date_gmt":"2024-08-09T19:42:24","guid":{"rendered":"https:\/\/www.moskito.cz\/produkt\/schiessmesser-microtech-hera-ii-stonewashed-1705-10ta\/"},"modified":"2025-05-07T11:22:48","modified_gmt":"2025-05-07T10:22:48","slug":"schiessmesser-microtech-hera-ii-stonewashed-1705-10ta","status":"publish","type":"product","link":"https:\/\/www.moskito.cz\/de\/produkt\/schiessmesser-microtech-hera-ii-stonewashed-1705-10ta\/","title":{"rendered":"Schie\u00dfmesser Microtech Hera II Stonewashed 1705-10TA"},"content":{"rendered":"<p>Schie\u00dfmesser <strong>Microtech<\/strong> Hera II Stonewashed 1705-10TA. <strong>Das Hera II<\/strong> ist ein auff\u00e4lliges automatisches Messer mit Doppelfunktion und einem Rahmendesign, das lose vom legend\u00e4ren Troodon-Modell inspiriert ist. Der Hera verf\u00fcgt \u00fcber eine verbesserte Ergonomie und maschinell bearbeitete Endfl\u00e4chen f\u00fcr besseren Halt und eine raffinierte \u00c4sthetik, die zu seiner Gesamtattraktivit\u00e4t beitr\u00e4gt. Bemerkenswert ist, dass der Griff sorgf\u00e4ltig tief graviert ist und keine Hardware enth\u00e4lt, was dem funktionalen Design einen Hauch von Kunst und eine unglaubliche Haptik verleiht. Die einzige sichtbare Schraube, die es zusammenh\u00e4lt, befindet sich am hinteren Ende in der N\u00e4he des Taschenclips, der f\u00fcr Linksh\u00e4nder beidh\u00e4ndig zug\u00e4nglich ist. Dieses exquisite Design verk\u00f6rpert m\u00fchelos sowohl Raffinesse als auch Funktionalit\u00e4t und macht <strong>das Hera<\/strong> zu einem der besten Allround-Automatik-OTF-Messer in einem hart umk\u00e4mpften Markt. Obwohl es ehrlich gesagt haupts\u00e4chlich mit anderen OTFs <strong>von Microtech<\/strong> konkurriert. Seine Gr\u00f6\u00dfe ist ideal f\u00fcr den Kampf, aber schlank genug f\u00fcr den t\u00e4glichen Gebrauch, seine Form wurde sorgf\u00e4ltig ausgearbeitet, um die ideale Balance zwischen Funktionalit\u00e4t und Stil zu finden. Die Hera ist ein Beweis f\u00fcr Pr\u00e4zisionstechnik und k\u00fcnstlerische Details und ist damit eine ausgezeichnete Wahl f\u00fcr alle, die Wert auf die Verbindung von Form und Funktion bei ihren Alltagswerkzeugen legen. Spezifikationen: Klingenl\u00e4nge: 10 cm, Gesamtl\u00e4nge: 24 cm, Klingenstahl: Bohler M390MK-Edelstahl, Klingenstil: Recurve, Klingenschliff: flach, Klingenfinish: Stonewash, Griffmaterial: Tan, tief graviertes Flugzeugaluminium, Verriegelungsmechanismus: Daumenschieber, Taschenclip: Titan (klappbar, rechts). (links getragen) Gewicht: 4,94 Unzen. Designer: Tony und Sean Marfione Hergestellt in den USA https:\/\/youtu.be\/xE9TeOFYEjg  &nbsp;<\/p>\n","protected":false},"excerpt":{"rendered":"<p><strong>Im Laufe der Jahre hat Microtech\u00ae Knives Leidenschaft und K\u00f6nnen in die Schaffung von Kunstwerken gesteckt, die den Gipfel von Funktion und Form darstellen. Wir verschieben weiterhin die Grenzen und verbessern das, von dem wir bereits wissen, dass es funktioniert. Microtech\u00ae Knives hat sich zu einer f\u00fchrenden Messermarke entwickelt, die sich st\u00e4ndig weiterentwickelt und weiterentwickelt, indem sie die neueste Technologie, alte Klingenprinzipien und maximale Feldtests nutzt, um sicherzustellen, dass wir das bestm\u00f6gliche Produkt liefern.<\/strong><\/p>\n<p><strong>Kostenloser Transport.<\/strong><\/p>\n","protected":false},"featured_media":355765,"comment_status":"open","ping_status":"closed","template":"","meta":[],"pwb-brand":[3278],"product_brand":[],"product_cat":[3285,3343],"product_tag":[3669],"class_list":{"0":"post-355810","1":"product","2":"type-product","3":"status-publish","4":"has-post-thumbnail","6":"pwb-brand-microtech-de","7":"product_cat-messer","8":"product_cat-schiesmesser","9":"product_tag-b2b-de","11":"first","12":"instock","13":"taxable","14":"shipping-taxable","15":"purchasable","16":"product-type-simple"},"brands":[{"id":3278,"name":"Microtech","slug":"microtech-de"}],"_links":{"self":[{"href":"https:\/\/www.moskito.cz\/de\/wp-json\/wp\/v2\/product\/355810","targetHints":{"allow":["GET"]}}],"collection":[{"href":"https:\/\/www.moskito.cz\/de\/wp-json\/wp\/v2\/product"}],"about":[{"href":"https:\/\/www.moskito.cz\/de\/wp-json\/wp\/v2\/types\/product"}],"replies":[{"embeddable":true,"href":"https:\/\/www.moskito.cz\/de\/wp-json\/wp\/v2\/comments?post=355810"}],"wp:featuredmedia":[{"embeddable":true,"href":"https:\/\/www.moskito.cz\/de\/wp-json\/wp\/v2\/media\/355765"}],"wp:attachment":[{"href":"https:\/\/www.moskito.cz\/de\/wp-json\/wp\/v2\/media?parent=355810"}],"wp:term":[{"taxonomy":"pwb-brand","embeddable":true,"href":"https:\/\/www.moskito.cz\/de\/wp-json\/wp\/v2\/pwb-brand?post=355810"},{"taxonomy":"product_brand","embeddable":true,"href":"https:\/\/www.moskito.cz\/de\/wp-json\/wp\/v2\/product_brand?post=355810"},{"taxonomy":"product_cat","embeddable":true,"href":"https:\/\/www.moskito.cz\/de\/wp-json\/wp\/v2\/product_cat?post=355810"},{"taxonomy":"product_tag","embeddable":true,"href":"https:\/\/www.moskito.cz\/de\/wp-json\/wp\/v2\/product_tag?post=355810"}],"curies":[{"name":"wp","href":"https:\/\/api.w.org\/{rel}","templated":true}]}}