{"id":355867,"date":"2024-08-09T21:03:02","date_gmt":"2024-08-09T20:03:02","guid":{"rendered":"https:\/\/www.moskito.cz\/produkt\/schiessmesser-microtech-scarab-ii-gen-iii-apocalyptic-1278-10apnc\/"},"modified":"2025-05-07T11:22:49","modified_gmt":"2025-05-07T10:22:49","slug":"schiessmesser-microtech-scarab-ii-gen-iii-apocalyptic-1278-10apnc","status":"publish","type":"product","link":"https:\/\/www.moskito.cz\/de\/produkt\/schiessmesser-microtech-scarab-ii-gen-iii-apocalyptic-1278-10apnc\/","title":{"rendered":"Schie\u00dfmesser Microtech Scarab II Gen III Apocalyptic 1278-10APNC"},"content":{"rendered":"<p>Schie\u00dfmesser <strong>Microtech<\/strong> Scarab II Gen III Apocalyptic 1278-10APNC. <strong>Das Microtech Scarab II<\/strong> ist ein hochwertiges taktisches Frontmesser, das auf dem urspr\u00fcnglichen <strong>Microtech Ultratech-<\/strong> Design basiert. <strong>Der Scarab II<\/strong> ist darauf ausgelegt, extremen Bedingungen standzuhalten und eignet sich hervorragend f\u00fcr verdeckte Eins\u00e4tze mit hoher Intensit\u00e4t. Der Scarab II ist f\u00fcr eine breite Palette von Nutz- und Nahkampfanwendungen f\u00fcr den Einsatz durch erfahrene Strafverfolgungs-, Milit\u00e4r- und Regierungsbeh\u00f6rden konzipiert.  Der Scarab II wird nach den h\u00f6chstm\u00f6glichen Standards hergestellt, um Zuverl\u00e4ssigkeit und Sicherheit im Gebrauch zu gew\u00e4hrleisten. Der Scarab verf\u00fcgt \u00fcber ein einh\u00e4ndig zu \u00f6ffnendes und zu schlie\u00dfendes Double-Action-Frontdesign (OTF) und eine fast 10 cm lange Klinge sowie einen gro\u00dfen, griffigen Griff mit rutschfestem Griff. Eins\u00e4tze auf beiden Seiten. Microtechs beliebtestes OTF-Ger\u00e4t, der Scarab II, ist mit innovativen Upgrades zur\u00fcck. Der aktualisierte Scarab II 2023 beh\u00e4lt die Eigenschaften seines Vorg\u00e4ngers in Bezug auf Gr\u00f6\u00dfe und Stil bei und setzt gleichzeitig einen neuen Standard f\u00fcr die OTF-Technologie. \u00c4u\u00dferlich \u00e4hnelt der Scarab II 2023 der Vorg\u00e4ngergeneration. Die klassische \u00c4sthetik der Traktionspads und das Design der Torx-Schrauben am Geh\u00e4use sowie der bekannte Glasbrecher und Taschenclip sorgen f\u00fcr einen unserer Lieblings-OTF-Stile. Der Innenraum hingegen macht den Scarab II 2023 zu einer Klasse f\u00fcr sich. Das revolution\u00e4re Dual-Fuel-Antriebssystem von Microtech erm\u00f6glicht nicht nur einen einfachen Einsatz, sondern das Dual-Feder-Design treibt die Klinge auch mit ausreichend Kraft nach vorne, sodass der Einsatz des Messers unter Wasser die Aktion nicht verlangsamt. Das aktualisierte Design der Knopftasche reduziert die Reibung und erleichtert die Schmutzabfuhr, wodurch der Bedarf an h\u00e4ufiger Wartung und Reinigung verringert wird. Die neueste Innovation kombiniert mit dem zeitlosen Microtech-Look setzt einen neuen Standard f\u00fcr robuste und dimensionale OTF-Messer. Dieses Natural Clear OTF ist so eloxiert, dass den Materialien ein wundersch\u00f6nes nat\u00fcrliches Aussehen verliehen wird. Der Eloxalprozess sorgt au\u00dferdem f\u00fcr eine starke Schutzschicht, sodass dieses St\u00fcck f\u00fcr den harten Einsatz ger\u00fcstet ist. Merkmale: Reversibler Taschenclip. In die R\u00fcckseite des Griffs integrierte Glasbruchvorrichtung. Torx-Schrauben. Lanyard-Befestigung. Gro\u00dfer Ausl\u00f6seknopf zum Platzieren des Handschuhs. Spezifikationen: Klingenl\u00e4nge: 9,67 cm. L\u00e4nge geschlossen: 14,37 cm. Gesamtl\u00e4nge: 24 cm. Klingenstahl: Bohler-Edelstahl M390MK. Klinge Stil: Drop-Point-Klinge, Schliff: flache Klinge, Finish: Apokalyptisch, Griffmaterial: nat\u00fcrliches, klares Aluminium mit 3M-Traktionsbandeins\u00e4tzen, Verriegelungsmechanismus: verschiebbarer Taschenclip: Edelstahl (umklappbar, rechts\/links tragen), Gewicht: 5,78 Unzen. Designer: Tony Marfione Torx Blood Groove\/Fuller Screw-Konstruktion, hergestellt in den USA https:\/\/youtu.be\/xE9TeOFYEjg   &nbsp;<\/p>\n","protected":false},"excerpt":{"rendered":"<p><strong>Im Laufe der Jahre hat Microtech\u00ae Knives Messer mit Leidenschaft und K\u00f6nnen gef\u00fcllt, um nahezu Kunstwerke zu schaffen, die den Gipfel der Funktionalit\u00e4t darstellen. Alle Teile werden in den USA hergestellt.<\/strong><br \/>\n<strong>F\u00fcr alle Microtech-Messer gilt eine lebenslange Garantie.<\/strong><\/p>\n<p><strong>Kostenloser Transport.<\/strong><\/p>\n","protected":false},"featured_media":355821,"comment_status":"open","ping_status":"closed","template":"","meta":[],"pwb-brand":[3278],"product_brand":[],"product_cat":[3343,3285],"product_tag":[3669],"class_list":{"0":"post-355867","1":"product","2":"type-product","3":"status-publish","4":"has-post-thumbnail","6":"pwb-brand-microtech-de","7":"product_cat-schiesmesser","8":"product_cat-messer","9":"product_tag-b2b-de","11":"first","12":"instock","13":"taxable","14":"shipping-taxable","15":"purchasable","16":"product-type-simple"},"brands":[{"id":3278,"name":"Microtech","slug":"microtech-de"}],"_links":{"self":[{"href":"https:\/\/www.moskito.cz\/de\/wp-json\/wp\/v2\/product\/355867","targetHints":{"allow":["GET"]}}],"collection":[{"href":"https:\/\/www.moskito.cz\/de\/wp-json\/wp\/v2\/product"}],"about":[{"href":"https:\/\/www.moskito.cz\/de\/wp-json\/wp\/v2\/types\/product"}],"replies":[{"embeddable":true,"href":"https:\/\/www.moskito.cz\/de\/wp-json\/wp\/v2\/comments?post=355867"}],"wp:featuredmedia":[{"embeddable":true,"href":"https:\/\/www.moskito.cz\/de\/wp-json\/wp\/v2\/media\/355821"}],"wp:attachment":[{"href":"https:\/\/www.moskito.cz\/de\/wp-json\/wp\/v2\/media?parent=355867"}],"wp:term":[{"taxonomy":"pwb-brand","embeddable":true,"href":"https:\/\/www.moskito.cz\/de\/wp-json\/wp\/v2\/pwb-brand?post=355867"},{"taxonomy":"product_brand","embeddable":true,"href":"https:\/\/www.moskito.cz\/de\/wp-json\/wp\/v2\/product_brand?post=355867"},{"taxonomy":"product_cat","embeddable":true,"href":"https:\/\/www.moskito.cz\/de\/wp-json\/wp\/v2\/product_cat?post=355867"},{"taxonomy":"product_tag","embeddable":true,"href":"https:\/\/www.moskito.cz\/de\/wp-json\/wp\/v2\/product_tag?post=355867"}],"curies":[{"name":"wp","href":"https:\/\/api.w.org\/{rel}","templated":true}]}}