{"id":356014,"date":"2024-08-12T10:46:56","date_gmt":"2024-08-12T09:47:54","guid":{"rendered":"https:\/\/www.moskito.cz\/produkt\/schiessmesser-beltrame-stiletto-pearl-bajonett-28cm\/"},"modified":"2025-05-07T11:22:55","modified_gmt":"2025-05-07T10:22:55","slug":"schiessmesser-beltrame-stiletto-pearl-bajonett-28cm","status":"publish","type":"product","link":"https:\/\/www.moskito.cz\/de\/produkt\/schiessmesser-beltrame-stiletto-pearl-bajonett-28cm\/","title":{"rendered":"Schie\u00dfmesser Beltrame Stiletto Pearl Bajonett 28cm"},"content":{"rendered":"<p>Schie\u00dfmesser <strong>Beltrame<\/strong> Stiletto Pearl Bajonett 28cm. Italienisches Stiletto White Pearl Bajonett 28 cm, ein traditionelles italienisches Federmesser, das sich durch ein schnelles \u00d6ffnen der Klinge von wenigen Hundertstelsekunden auszeichnet \u2013 ein charakteristisches Merkmal automatischer Stiletto-Messer. Eine solide, langlebige Konstruktion und eine starke Klingen\u00f6ffnungsfeder sind die Markenzeichen der klassischen italienischen Federmesser von Frank Beltrame. Die nach den Prinzipien italienischer Handwerkskunst vollst\u00e4ndig handgefertigten Stiletto-Messer sind auf der ganzen Welt f\u00fcr ihre au\u00dfergew\u00f6hnliche Leichtigkeit und Haltbarkeit bekannt. Klinge \u2013 eine extrem scharfe Pr\u00e4zisionsklinge mit einem Spear Point (Bajonett)-Profil, 3,5 mm dick, mit einer falschen Klinge, die die Durchdringungseigenschaften erh\u00f6ht. 56 HRC geh\u00e4rtete Klinge, hergestellt aus W.1.4034 \u2013 rostfreiem Chromstahl, mit martensitischer Struktur, guter Korrosionsbest\u00e4ndigkeit und guter Polierbarkeit.      Ein \u00fcblicher, aus dem Flachschliff abgeleiteter Klingentyp bietet gute Schneid- und Durchdringungseigenschaften. Der Stahlschutz sch\u00fctzt die Hand vor ungewolltem Abrutschen und erm\u00f6glicht das Einklappen der Klinge bei Druck. Der mit Imitationsperlen beschichtete Griff mit polierten Nickelbacken sorgt f\u00fcr einen bequemen und sicheren Halt. F\u00fcr die Anwendungssicherheit sorgt die ergonomische Form des Griffs, die ein Abrutschen der Hand beim Arbeiten verhindert.  Messingnieten. Feder &#8211; Besonderes Augenmerk wird auf die Gestaltung der Feder (Edelstahl) gelegt: Die Klinge muss innerhalb weniger Hundertstelsekunden ge\u00f6ffnet werden (Merkmal der Stiletto-Messer). Die Beltrame-Komponente erzeugt beim \u00d6ffnen der Klinge ein charakteristisches Ger\u00e4usch (Klick), das es von anderen Federmessern unterscheidet. Sperre \u2013 verhindert versehentliches Einklappen oder \u00d6ffnen der Klinge. Das automatische Messer wird \u00fcber einen festen Knopf am Griff ge\u00f6ffnet. Technische Daten: Produktnummer: FB 28\/ 36BD Name: Classic Italian Stiletto White Pearl Bajonett YP-Stahl: W.1.4034 Rockwell Klingenh\u00e4rte: 56 HRC Klingenl\u00e4nge: 12 cm Klingenst\u00e4rke: 0,35 cm Gesamtl\u00e4nge: 28 cm Gewicht: 105 g \/ 3,70 Unzen Klinge: Einfaches Messer Verriegelung: Ja Grifftyp: Wei\u00dfe Perle Hersteller: F.LLI Beltrame, Italien  &nbsp;<\/p>\n","protected":false},"excerpt":{"rendered":"<div class=\"elementor-element elementor-element-bbb542b elementor-widget elementor-widget-woocommerce-product-short-description\" data-id=\"bbb542b\" data-element_type=\"widget\" data-widget_type=\"woocommerce-product-short-description.default\">\n<div class=\"elementor-widget-container\">\n<div class=\"woocommerce-product-details__short-description\">\n<div class=\"elementor-element elementor-element-bbb542b elementor-widget elementor-widget-woocommerce-product-short-description\" data-id=\"bbb542b\" data-element_type=\"widget\" data-widget_type=\"woocommerce-product-short-description.default\">\n<div class=\"elementor-widget-container\">\n<div class=\"woocommerce-product-details__short-description\">\n<div class=\"elementor-element elementor-element-bbb542b elementor-widget elementor-widget-woocommerce-product-short-description\" data-id=\"bbb542b\" data-element_type=\"widget\" data-widget_type=\"woocommerce-product-short-description.default\">\n<div class=\"elementor-widget-container\">\n<div class=\"woocommerce-product-details__short-description\">\n<p><strong>Beltrame-Messer werden seit 1953 in Italien hergestellt. Das Unternehmen wurde von Frank Beltram gegr\u00fcndet. Das Geheimnis der Herstellung dieser Stiletto-Messer ist Teil der Geschichte von Maniago, die vom Vater an den Sohn weitergegeben wurde.<\/strong><br \/>\n<strong>Hergestellt in Italien.<\/strong><\/p>\n<\/div>\n<\/div>\n<\/div>\n<\/div>\n<\/div>\n<\/div>\n<\/div>\n<\/div>\n<\/div>\n","protected":false},"featured_media":355981,"comment_status":"open","ping_status":"closed","template":"","meta":[],"pwb-brand":[3533],"product_brand":[],"product_cat":[3285,3343],"product_tag":[3669],"class_list":{"0":"post-356014","1":"product","2":"type-product","3":"status-publish","4":"has-post-thumbnail","6":"pwb-brand-beltrame-de","7":"product_cat-messer","8":"product_cat-schiesmesser","9":"product_tag-b2b-de","11":"first","12":"outofstock","13":"taxable","14":"shipping-taxable","15":"purchasable","16":"product-type-simple"},"brands":[{"id":3533,"name":"Beltrame","slug":"beltrame-de"}],"_links":{"self":[{"href":"https:\/\/www.moskito.cz\/de\/wp-json\/wp\/v2\/product\/356014","targetHints":{"allow":["GET"]}}],"collection":[{"href":"https:\/\/www.moskito.cz\/de\/wp-json\/wp\/v2\/product"}],"about":[{"href":"https:\/\/www.moskito.cz\/de\/wp-json\/wp\/v2\/types\/product"}],"replies":[{"embeddable":true,"href":"https:\/\/www.moskito.cz\/de\/wp-json\/wp\/v2\/comments?post=356014"}],"wp:featuredmedia":[{"embeddable":true,"href":"https:\/\/www.moskito.cz\/de\/wp-json\/wp\/v2\/media\/355981"}],"wp:attachment":[{"href":"https:\/\/www.moskito.cz\/de\/wp-json\/wp\/v2\/media?parent=356014"}],"wp:term":[{"taxonomy":"pwb-brand","embeddable":true,"href":"https:\/\/www.moskito.cz\/de\/wp-json\/wp\/v2\/pwb-brand?post=356014"},{"taxonomy":"product_brand","embeddable":true,"href":"https:\/\/www.moskito.cz\/de\/wp-json\/wp\/v2\/product_brand?post=356014"},{"taxonomy":"product_cat","embeddable":true,"href":"https:\/\/www.moskito.cz\/de\/wp-json\/wp\/v2\/product_cat?post=356014"},{"taxonomy":"product_tag","embeddable":true,"href":"https:\/\/www.moskito.cz\/de\/wp-json\/wp\/v2\/product_tag?post=356014"}],"curies":[{"name":"wp","href":"https:\/\/api.w.org\/{rel}","templated":true}]}}