{"id":356142,"date":"2024-08-13T13:38:49","date_gmt":"2024-08-13T12:42:46","guid":{"rendered":"https:\/\/www.moskito.cz\/produkt\/feststehendes-messer-muela-scorpion-19w\/"},"modified":"2025-05-07T11:22:59","modified_gmt":"2025-05-07T10:22:59","slug":"feststehendes-messer-muela-scorpion-19w","status":"publish","type":"product","link":"https:\/\/www.moskito.cz\/de\/produkt\/feststehendes-messer-muela-scorpion-19w\/","title":{"rendered":"Feststehendes Messer Muela SCORPION-19W"},"content":{"rendered":"<p>Feststehendes Messer <strong>Muela<\/strong> SCORPION-19W. Das taktische Muela-Messer hat einen Gummigriff und einen doppelseitigen Schutz. Der Griff ist rundherum aufgeraut und ger\u00e4ndelt, das Griffende hat ein Loch mit einer hohlen Messingniete zum Durchf\u00fchren einer Handgelenkschnur. Muela Scorpion 19W Kampfmesser, geeignet f\u00fcr Kampfzwecke, Selbstverteidigung, \u00dcberleben oder Liebhaber von Milit\u00e4rmessern. Es verf\u00fcgt \u00fcber eine solide Dolchklinge mit einer glatten Molybd\u00e4n-Vanadium-Stahlkante mit satiniertem Finish. Mit doppelseitigem Schutz aus schwarzem Metall zum Schutz der Hand. Der Griff besteht aus schwarzem Gummi und hat eine strukturierte Oberfl\u00e4che, um ein Abrutschen in der Hand zu verhindern. Gesamtl\u00e4nge: 31 cm Klingenl\u00e4nge: 19 cm Gewicht: 441 g Klingenmaterial: X50CrMoV15 Griffmaterial: Gummi Scheide: Schwarzes Leder<\/p>\n","protected":false},"excerpt":{"rendered":"<p><strong>Das taktische Muela-Messer hat einen Gummigriff und einen doppelseitigen Schutz. Der Griff ist rundherum aufgeraut und ger\u00e4ndelt, das Griffende hat ein Loch mit einer hohlen Messingniete zum Durchf\u00fchren einer Handgelenkschnur.<\/strong><\/p>\n","protected":false},"featured_media":356070,"comment_status":"open","ping_status":"closed","template":"","meta":[],"pwb-brand":[3914],"product_brand":[],"product_cat":[3287,3285],"product_tag":[3669],"class_list":{"0":"post-356142","1":"product","2":"type-product","3":"status-publish","4":"has-post-thumbnail","6":"pwb-brand-sie-musste","7":"product_cat-solide-messer","8":"product_cat-messer","9":"product_tag-b2b-de","11":"first","12":"outofstock","13":"taxable","14":"shipping-taxable","15":"purchasable","16":"product-type-simple"},"brands":[{"id":3914,"name":"Sie musste","slug":"sie-musste"}],"_links":{"self":[{"href":"https:\/\/www.moskito.cz\/de\/wp-json\/wp\/v2\/product\/356142","targetHints":{"allow":["GET"]}}],"collection":[{"href":"https:\/\/www.moskito.cz\/de\/wp-json\/wp\/v2\/product"}],"about":[{"href":"https:\/\/www.moskito.cz\/de\/wp-json\/wp\/v2\/types\/product"}],"replies":[{"embeddable":true,"href":"https:\/\/www.moskito.cz\/de\/wp-json\/wp\/v2\/comments?post=356142"}],"wp:featuredmedia":[{"embeddable":true,"href":"https:\/\/www.moskito.cz\/de\/wp-json\/wp\/v2\/media\/356070"}],"wp:attachment":[{"href":"https:\/\/www.moskito.cz\/de\/wp-json\/wp\/v2\/media?parent=356142"}],"wp:term":[{"taxonomy":"pwb-brand","embeddable":true,"href":"https:\/\/www.moskito.cz\/de\/wp-json\/wp\/v2\/pwb-brand?post=356142"},{"taxonomy":"product_brand","embeddable":true,"href":"https:\/\/www.moskito.cz\/de\/wp-json\/wp\/v2\/product_brand?post=356142"},{"taxonomy":"product_cat","embeddable":true,"href":"https:\/\/www.moskito.cz\/de\/wp-json\/wp\/v2\/product_cat?post=356142"},{"taxonomy":"product_tag","embeddable":true,"href":"https:\/\/www.moskito.cz\/de\/wp-json\/wp\/v2\/product_tag?post=356142"}],"curies":[{"name":"wp","href":"https:\/\/api.w.org\/{rel}","templated":true}]}}