{"id":356233,"date":"2024-08-13T13:55:06","date_gmt":"2024-08-13T20:03:33","guid":{"rendered":"https:\/\/www.moskito.cz\/produkt\/feststehendes-messer-muela-tanto-19w\/"},"modified":"2025-05-07T11:23:01","modified_gmt":"2025-05-07T10:23:01","slug":"feststehendes-messer-muela-tanto-19w","status":"publish","type":"product","link":"https:\/\/www.moskito.cz\/de\/produkt\/feststehendes-messer-muela-tanto-19w\/","title":{"rendered":"Feststehendes Messer Muela TANTO-19W"},"content":{"rendered":"<p>Feststehendes Messer <strong>Muela<\/strong> TANTO-19W. <strong>Muela TANTO-19W<\/strong> Messer mit feststehender Klinge der spanischen Firma Muela, Full-Tang-Konstruktion. Hergestellt aus Molybd\u00e4n-Vanadium-Stahl MoVa. Es ist \u00e4u\u00dferst langlebig und verf\u00fcgt \u00fcber eine massive Klinge, die jeder Arbeit unter allen Bedingungen standh\u00e4lt, ohne Schaden zu nehmen. Ideal f\u00fcr Camping als taktisches Messer, Survivalmesser, Jagdmesser, EDC-Messer. Die Klinge ist massiv mit Tanto-Profil, St\u00e4rke 5,4 mm, geh\u00e4rtet im Bereich von 57-58 HRC. Hergestellt aus rostfreiem Stahl X50CrMoV15, z\u00e4h, mit guter Sch\u00e4rfe, Molybd\u00e4n-Vanadium-Stahl. Die Klinge ist mit einer nicht reflektierenden Satinoberfl\u00e4che (halbmatt) \u00fcberzogen, die Blendungen verhindert. Eine glatte, glatte Scheibe mit Hohlschliff sorgt f\u00fcr gute Schneideigenschaften. Der Griff ist mit geh\u00e4rtetem synthetischem Gummi in schwarzer Farbe beschichtet, er garantiert einen sehr guten Halt. Das Messer rutscht Ihnen nicht aus der Hand und der starke und sichere Griff erm\u00f6glicht Ihnen pr\u00e4zise Bewegungen mit dem Messer.          Auf der R\u00fcckseite des Griffs befindet sich ein vergr\u00f6\u00dfertes Loch f\u00fcr das Seil. Die Scheide besteht aus schwarzem Leder, wird mit einem Riegel befestigt und erm\u00f6glicht einen sicheren Transport des Messers. Hergestellt aus Leder und wasserdichtem Nylon. Die R\u00e4nder der Scheide waren mit Ziergarn vern\u00e4ht. Aufschrift \u201eMUELA TACTICAL KNIVES\u201c auf dem Leder. Die Scheide verf\u00fcgt \u00fcber eine G\u00fcrtelbefestigung bzw. Vorrichtung, die es erm\u00f6glicht, das Messer in vertikaler Position zu tragen. Stahl: X50CrMoV15 Klingenl\u00e4nge: 19 cm Klingenst\u00e4rke: 0,54 cm Gesamtl\u00e4nge: 3,23 cm Gewicht: 330 g Klingentyp: Tanto Griffmaterial: Gummi Scheide: Leder und Nylon Hersteller: Muela, Spanien     <\/p>\n","protected":false},"excerpt":{"rendered":"<p><strong>Solides Messer der spanischen Firma Muela mit Tanto-Klinge f\u00fcr den universellen Einsatz.<\/strong><\/p>\n","protected":false},"featured_media":356147,"comment_status":"open","ping_status":"closed","template":"","meta":[],"pwb-brand":[3914],"product_brand":[],"product_cat":[3285,3287],"product_tag":[3669],"class_list":{"0":"post-356233","1":"product","2":"type-product","3":"status-publish","4":"has-post-thumbnail","6":"pwb-brand-sie-musste","7":"product_cat-messer","8":"product_cat-solide-messer","9":"product_tag-b2b-de","11":"first","12":"instock","13":"taxable","14":"shipping-taxable","15":"purchasable","16":"product-type-simple"},"brands":[{"id":3914,"name":"Sie musste","slug":"sie-musste"}],"_links":{"self":[{"href":"https:\/\/www.moskito.cz\/de\/wp-json\/wp\/v2\/product\/356233","targetHints":{"allow":["GET"]}}],"collection":[{"href":"https:\/\/www.moskito.cz\/de\/wp-json\/wp\/v2\/product"}],"about":[{"href":"https:\/\/www.moskito.cz\/de\/wp-json\/wp\/v2\/types\/product"}],"replies":[{"embeddable":true,"href":"https:\/\/www.moskito.cz\/de\/wp-json\/wp\/v2\/comments?post=356233"}],"wp:featuredmedia":[{"embeddable":true,"href":"https:\/\/www.moskito.cz\/de\/wp-json\/wp\/v2\/media\/356147"}],"wp:attachment":[{"href":"https:\/\/www.moskito.cz\/de\/wp-json\/wp\/v2\/media?parent=356233"}],"wp:term":[{"taxonomy":"pwb-brand","embeddable":true,"href":"https:\/\/www.moskito.cz\/de\/wp-json\/wp\/v2\/pwb-brand?post=356233"},{"taxonomy":"product_brand","embeddable":true,"href":"https:\/\/www.moskito.cz\/de\/wp-json\/wp\/v2\/product_brand?post=356233"},{"taxonomy":"product_cat","embeddable":true,"href":"https:\/\/www.moskito.cz\/de\/wp-json\/wp\/v2\/product_cat?post=356233"},{"taxonomy":"product_tag","embeddable":true,"href":"https:\/\/www.moskito.cz\/de\/wp-json\/wp\/v2\/product_tag?post=356233"}],"curies":[{"name":"wp","href":"https:\/\/api.w.org\/{rel}","templated":true}]}}