{"id":356277,"date":"2024-08-14T09:20:16","date_gmt":"2024-08-14T08:20:42","guid":{"rendered":"https:\/\/www.moskito.cz\/produkt\/feststehendes-messer-muela-jabali-17m\/"},"modified":"2025-05-07T11:23:03","modified_gmt":"2025-05-07T10:23:03","slug":"feststehendes-messer-muela-jabali-17m","status":"publish","type":"product","link":"https:\/\/www.moskito.cz\/de\/produkt\/feststehendes-messer-muela-jabali-17m\/","title":{"rendered":"Feststehendes Messer Muela JABALI-17M"},"content":{"rendered":"<p><strong>Muela<\/strong> Feststehendes Messer JABALI-17M Jabali Black Micarta, satiniertes Jagdmesser mit feststehender Klinge von Muela mit Drop-Point-Profil. Hohe Qualit\u00e4t, sorgf\u00e4ltige Details, Messer f\u00fcr Sammler und Jagdbegeisterte. Griff aus Micarta, rutschfest. Lederetui. 1.4116, X50CrMoV15 \u2013 Molybd\u00e4n-Vanadium-Stahl, der f\u00fcr hochwertige Messer, Besteck und chirurgische Instrumente verwendet wird. Es zeichnet sich durch eine relativ hohe H\u00e4rte wie bei rostfreien St\u00e4hlen aus. Best\u00e4ndig gegen Korrosion unter K\u00fcchenbedingungen. Es ist eine empfehlenswerte Alternative zum Werkstoff 1.4034 \/ X46Cr13 \/ 4H13. Die chemische Zusammensetzung wird durch den Gehalt an Chrom, Molybd\u00e4n und den Zusatz von Vanadium angereichert. Klinge \u2013 extrem scharf mit Drop-Point-Form, ideal zum \u00dcberleben und Jagen. Die Plain-Klinge wurde von Hollow Grind abgeleitet, was eine hervorragende Klingengeometrie und extreme Schneidleistung bietet. Eine falsche Klinge auf dem Klingenr\u00fccken erh\u00f6ht die Schneidf\u00e4higkeit des Messers. Die gesamte Klinge ist mit einem eleganten Satin-Finish versehen. Die gro\u00dfe untere Fehlsch\u00e4rfe sch\u00fctzt die Hand vor dem Abrutschen auf der Klinge. Die durchgehende Fehlsch\u00e4rfe erm\u00f6glicht es Ihnen, Ihren Finger vor dem Griff abzulegen, was zu einer wesentlich pr\u00e4ziseren Klingenf\u00fchrung f\u00fchrt. Griff \u2013 hergestellt aus Micarta, druckgepresstem Canvas mit Kunstharz. Strukturierte Futteroberfl\u00e4che f\u00fcr angenehmen Griff. Der Griff wurde direkt mit dem Steigb\u00fcgel verschraubt, was die gesamte Struktur sehr steif und langlebig machte. Scheide \u2013 handgen\u00e4ht, aus naturbraunem Leder mit gepr\u00e4gtem Herstellerlogo. Durch die Befestigung an einem G\u00fcrtel oder einer R\u00fcstung kann das Messer in aufrechter Position getragen werden. Die Muela-Gruppe ist derzeit eines der f\u00fchrenden Unternehmen im Bereich handgefertigter Jagdmesser sowohl in Spanien als auch weltweit und ihre Messer und Taschenmesser genie\u00dfen hohes Ansehen f\u00fcr ihre hervorragende Verarbeitungsqualit\u00e4t. Spezifikationen: Produktnummer: JABALI-17M Produktname: Jabali Black Micarta, Satin Gesamtl\u00e4nge: 30 cm \/ 11,8 Zoll Klingenl\u00e4nge: 17 cm \/ 6,69 Zoll Griffl\u00e4nge: 13 cm \/ 5,12 Zoll Klingendicke: 0,45 cm \/ 0,18 Zoll Griffdicke: nd Gewicht : 371,0 g \/ 13,1 oz Klingenmaterial: X50CrMoV15 Klingenh\u00e4rte: nd Klingenschliff: Hohl Klingenfinish: Satin Griffmaterial: Micarta Grifffinish Farbe: Schwarz Scheide (Geh\u00e4use): Leder Sonstiges Zubeh\u00f6r: Keine Designer: Muela Markenname: Muela Hersteller: Manufacturas Muela, SA, Spanien Herkunftsland: Spanien  &nbsp;<\/p>\n","protected":false},"excerpt":{"rendered":"<p><strong>Jabali Black Micarta, satiniertes Jagdmesser mit feststehender Klinge von Muel mit Drop Point-Profil. Hohe Qualit\u00e4t, sorgf\u00e4ltige Details, Messer f\u00fcr Sammler und Jagdbegeisterte.<\/strong><\/p>\n","protected":false},"featured_media":356246,"comment_status":"open","ping_status":"closed","template":"","meta":[],"pwb-brand":[3914],"product_brand":[],"product_cat":[3285,3287],"product_tag":[3669],"class_list":{"0":"post-356277","1":"product","2":"type-product","3":"status-publish","4":"has-post-thumbnail","6":"pwb-brand-sie-musste","7":"product_cat-messer","8":"product_cat-solide-messer","9":"product_tag-b2b-de","11":"first","12":"outofstock","13":"taxable","14":"shipping-taxable","15":"purchasable","16":"product-type-simple"},"brands":[{"id":3914,"name":"Sie musste","slug":"sie-musste"}],"_links":{"self":[{"href":"https:\/\/www.moskito.cz\/de\/wp-json\/wp\/v2\/product\/356277","targetHints":{"allow":["GET"]}}],"collection":[{"href":"https:\/\/www.moskito.cz\/de\/wp-json\/wp\/v2\/product"}],"about":[{"href":"https:\/\/www.moskito.cz\/de\/wp-json\/wp\/v2\/types\/product"}],"replies":[{"embeddable":true,"href":"https:\/\/www.moskito.cz\/de\/wp-json\/wp\/v2\/comments?post=356277"}],"wp:featuredmedia":[{"embeddable":true,"href":"https:\/\/www.moskito.cz\/de\/wp-json\/wp\/v2\/media\/356246"}],"wp:attachment":[{"href":"https:\/\/www.moskito.cz\/de\/wp-json\/wp\/v2\/media?parent=356277"}],"wp:term":[{"taxonomy":"pwb-brand","embeddable":true,"href":"https:\/\/www.moskito.cz\/de\/wp-json\/wp\/v2\/pwb-brand?post=356277"},{"taxonomy":"product_brand","embeddable":true,"href":"https:\/\/www.moskito.cz\/de\/wp-json\/wp\/v2\/product_brand?post=356277"},{"taxonomy":"product_cat","embeddable":true,"href":"https:\/\/www.moskito.cz\/de\/wp-json\/wp\/v2\/product_cat?post=356277"},{"taxonomy":"product_tag","embeddable":true,"href":"https:\/\/www.moskito.cz\/de\/wp-json\/wp\/v2\/product_tag?post=356277"}],"curies":[{"name":"wp","href":"https:\/\/api.w.org\/{rel}","templated":true}]}}