{"id":356293,"date":"2023-07-17T16:27:08","date_gmt":"2023-07-17T15:27:08","guid":{"rendered":"https:\/\/www.moskito.cz\/produkt\/feststehendes-messer-muela-bufalo-17m\/"},"modified":"2025-11-24T17:22:09","modified_gmt":"2025-11-24T16:22:09","slug":"feststehendes-messer-muela-bufalo-17m","status":"publish","type":"product","link":"https:\/\/www.moskito.cz\/de\/produkt\/feststehendes-messer-muela-bufalo-17m\/","title":{"rendered":"Feststehendes Messer Muela BUFALO-17M"},"content":{"rendered":"<p>Feststehendes Messer <strong>Muela<\/strong> BUFALO-17M<\/p>\n<p> Gro\u00dfes und robustes Jagd- und Outdoormesser mit einer Gesamtl\u00e4nge von 290 mm und einem Gewicht von 320 Gramm, hergestellt in Spanien.<br \/>\n Klinge aus rostfreiem Stahl, spezielle CIP-Form, sehr scharf, 170 mm lang, leicht nachzusch\u00e4rfen, Muela-Inschriften best\u00e4tigen die Echtheit der Messer.<br \/>\n Gro\u00dfer, robuster Griff aus grauem und vernickeltem Holz, stabiler Handschutz, Fingermulden f\u00fcr guten Halt, Gr\u00f6\u00dfe 120 mm<br \/>\n Hochwertige schwarze Lederscheide mit Druckknopfverschluss bietet Schutz f\u00fcr das Messer.<\/p>\n<p> Klingenmaterial: MoVa<br \/>\n Griffmaterial: Pakka<br \/>\n Geh\u00e4usematerial: Leder<br \/>\n Klingenl\u00e4nge: 17 cm<br \/>\n Gesamtl\u00e4nge: 29 cm<br \/>\n Griffl\u00e4nge: 12,5 cm<br \/>\n Klingenh\u00f6he: 16 cm<br \/>\n Gewicht: 320 g<\/p>\n<p>&nbsp;<\/p>\n","protected":false},"excerpt":{"rendered":"<p><strong>Ein gro\u00dfes und robustes Jagd- und Outdoormesser mit einer Gesamtgr\u00f6\u00dfe von 290 mm und einem Gewicht von 320 Gramm, hergestellt in Spanien.<\/strong><\/p>\n","protected":false},"featured_media":356295,"comment_status":"open","ping_status":"closed","template":"","meta":[],"pwb-brand":[3914],"product_brand":[],"product_cat":[3287,3285],"product_tag":[3669],"class_list":{"0":"post-356293","1":"product","2":"type-product","3":"status-publish","4":"has-post-thumbnail","6":"pwb-brand-sie-musste","7":"product_cat-solide-messer","8":"product_cat-messer","9":"product_tag-b2b-de","11":"first","12":"outofstock","13":"taxable","14":"shipping-taxable","15":"purchasable","16":"product-type-simple"},"brands":[{"id":3914,"name":"Sie musste","slug":"sie-musste"}],"_links":{"self":[{"href":"https:\/\/www.moskito.cz\/de\/wp-json\/wp\/v2\/product\/356293","targetHints":{"allow":["GET"]}}],"collection":[{"href":"https:\/\/www.moskito.cz\/de\/wp-json\/wp\/v2\/product"}],"about":[{"href":"https:\/\/www.moskito.cz\/de\/wp-json\/wp\/v2\/types\/product"}],"replies":[{"embeddable":true,"href":"https:\/\/www.moskito.cz\/de\/wp-json\/wp\/v2\/comments?post=356293"}],"wp:featuredmedia":[{"embeddable":true,"href":"https:\/\/www.moskito.cz\/de\/wp-json\/wp\/v2\/media\/356295"}],"wp:attachment":[{"href":"https:\/\/www.moskito.cz\/de\/wp-json\/wp\/v2\/media?parent=356293"}],"wp:term":[{"taxonomy":"pwb-brand","embeddable":true,"href":"https:\/\/www.moskito.cz\/de\/wp-json\/wp\/v2\/pwb-brand?post=356293"},{"taxonomy":"product_brand","embeddable":true,"href":"https:\/\/www.moskito.cz\/de\/wp-json\/wp\/v2\/product_brand?post=356293"},{"taxonomy":"product_cat","embeddable":true,"href":"https:\/\/www.moskito.cz\/de\/wp-json\/wp\/v2\/product_cat?post=356293"},{"taxonomy":"product_tag","embeddable":true,"href":"https:\/\/www.moskito.cz\/de\/wp-json\/wp\/v2\/product_tag?post=356293"}],"curies":[{"name":"wp","href":"https:\/\/api.w.org\/{rel}","templated":true}]}}