{"id":356303,"date":"2023-07-17T15:55:37","date_gmt":"2024-08-14T08:31:25","guid":{"rendered":"https:\/\/www.moskito.cz\/produkt\/solides-messer-muela-caribu-ol\/"},"modified":"2025-05-07T11:23:05","modified_gmt":"2025-05-07T10:23:05","slug":"solides-messer-muela-caribu-ol","status":"publish","type":"product","link":"https:\/\/www.moskito.cz\/de\/produkt\/solides-messer-muela-caribu-ol\/","title":{"rendered":"Solides Messer Muela CARIBU.OL"},"content":{"rendered":"<p>Feststehendes Messer <strong>Muela<\/strong> CARIBU.OL Jagd- und Sportmesser der spanischen Firma Muela, Modell CARIBU.OL, besonders f\u00fcr Abschlussarbeiten und Jagd geeignet. Einteilige Klinge aus MoVa-Stahl (1.4116). Griff aus Olivenholz. Parierstange und Knauf aus Messing. Braunes Lederetui. Caribu.G, originales Remate-Messer der spanischen Firma <strong>Muela<\/strong> . Hohe Qualit\u00e4t der verwendeten Materialien und pr\u00e4zise Verarbeitung. Ein ideales Messer f\u00fcr Sammler, Jagdbegeisterte und Menschen, die einen aktiven Lebensstil sch\u00e4tzen. REMATE \u2013 in der Jagdtradition Spaniens, Portugals und S\u00fcdfrankreichs ein Messer, das von J\u00e4gern bei der Wildschweinjagd mit Hunden getragen wird. REMATE bedeutet w\u00f6rtlich \u201eabschlie\u00dfen\u201c. Mit diesem Begriff sind alle zweischneidigen Messer gemeint, deren Klingenl\u00e4nge 17 cm \u00fcbersteigt \u2013 in Frankreich auch Bajonettmesser.           1.4116, X50CrMoV15 \u2013 Molybd\u00e4n-Vanadium-Stahl, der f\u00fcr hochwertige Messer, Besteck und chirurgische Instrumente verwendet wird. Es zeichnet sich durch eine relativ hohe H\u00e4rte wie bei rostfreien St\u00e4hlen aus. Best\u00e4ndig gegen Korrosion unter K\u00fcchenbedingungen. Es ist eine empfehlenswerte Alternative zum Werkstoff 1.4034 \/ X46Cr13 \/ 4H13. Die chemische Zusammensetzung wird durch den Gehalt an Chrom, Molybd\u00e4n und den Zusatz von Vanadium angereichert. Klinge \u2013 extrem scharf mit Dolchform, die an eine Speerspitze erinnert. Hervorragend geeignet f\u00fcr \u00dcberlebens- und Jagdanwendungen. Die beidseitig glatte Plain-Klinge wurde aus einem konkaven Schliff (Hollow Grind) abgeleitet, der f\u00fcr eine hervorragende Klingengeometrie und extreme Schneidleistung sorgt. Alles ist mit einem eleganten Satin-Finish versehen. Ein gro\u00dfer Ober- und Untergriff sch\u00fctzt die Hand vor dem Abrutschen auf der Klinge. Der Griff besteht aus Olivenholz, das unter allen Bedingungen einen sicheren Halt und eine hervorragende Vibrationsd\u00e4mpfung bietet.      Strukturierte Futteroberfl\u00e4che f\u00fcr angenehmen Griff. Der Griff sitzt direkt auf dem Dorn, was die gesamte Struktur sehr steif und langlebig macht. Scheide \u2013 handgen\u00e4ht, aus naturbraunem Leder mit gepr\u00e4gtem Herstellerlogo. Durch die Befestigung an einem G\u00fcrtel oder einer R\u00fcstung kann das Messer in aufrechter Position getragen werden. Die Muela-Gruppe ist derzeit eines der f\u00fchrenden Unternehmen im Bereich handgefertigter Jagdmesser sowohl in Spanien als auch weltweit und ihre Messer und Taschenmesser genie\u00dfen hohes Ansehen f\u00fcr ihre hervorragende Verarbeitungsqualit\u00e4t.  &nbsp;  Gesamtl\u00e4nge: 33,0 cm. Klingenl\u00e4nge: 20,5 cm Material: Olive und Messing Grifffarbe: Braun Gewicht: 390 Gramm Lederetui Herkunftsland: Spanien  &nbsp;<\/p>\n<p>&nbsp;<\/p>\n<p>&nbsp;<\/p>\n","protected":false},"excerpt":{"rendered":"<p><strong>Caribu.G, das originale Remate-Messer der spanischen Firma Muela. Hohe Qualit\u00e4t der verwendeten Materialien und pr\u00e4zise Verarbeitung. Ein ideales Messer f\u00fcr Sammler, Jagdbegeisterte und Menschen, die einen aktiven Lebensstil sch\u00e4tzen.  <\/strong><\/p>\n","protected":false},"featured_media":356307,"comment_status":"open","ping_status":"closed","template":"","meta":[],"pwb-brand":[3914],"product_brand":[],"product_cat":[3285,3287],"product_tag":[3669],"class_list":{"0":"post-356303","1":"product","2":"type-product","3":"status-publish","4":"has-post-thumbnail","6":"pwb-brand-sie-musste","7":"product_cat-messer","8":"product_cat-solide-messer","9":"product_tag-b2b-de","11":"first","12":"instock","13":"taxable","14":"shipping-taxable","15":"purchasable","16":"product-type-simple"},"brands":[{"id":3914,"name":"Sie musste","slug":"sie-musste"}],"_links":{"self":[{"href":"https:\/\/www.moskito.cz\/de\/wp-json\/wp\/v2\/product\/356303","targetHints":{"allow":["GET"]}}],"collection":[{"href":"https:\/\/www.moskito.cz\/de\/wp-json\/wp\/v2\/product"}],"about":[{"href":"https:\/\/www.moskito.cz\/de\/wp-json\/wp\/v2\/types\/product"}],"replies":[{"embeddable":true,"href":"https:\/\/www.moskito.cz\/de\/wp-json\/wp\/v2\/comments?post=356303"}],"wp:featuredmedia":[{"embeddable":true,"href":"https:\/\/www.moskito.cz\/de\/wp-json\/wp\/v2\/media\/356307"}],"wp:attachment":[{"href":"https:\/\/www.moskito.cz\/de\/wp-json\/wp\/v2\/media?parent=356303"}],"wp:term":[{"taxonomy":"pwb-brand","embeddable":true,"href":"https:\/\/www.moskito.cz\/de\/wp-json\/wp\/v2\/pwb-brand?post=356303"},{"taxonomy":"product_brand","embeddable":true,"href":"https:\/\/www.moskito.cz\/de\/wp-json\/wp\/v2\/product_brand?post=356303"},{"taxonomy":"product_cat","embeddable":true,"href":"https:\/\/www.moskito.cz\/de\/wp-json\/wp\/v2\/product_cat?post=356303"},{"taxonomy":"product_tag","embeddable":true,"href":"https:\/\/www.moskito.cz\/de\/wp-json\/wp\/v2\/product_tag?post=356303"}],"curies":[{"name":"wp","href":"https:\/\/api.w.org\/{rel}","templated":true}]}}