{"id":356362,"date":"2024-08-14T09:42:07","date_gmt":"2024-08-14T08:43:08","guid":{"rendered":"https:\/\/www.moskito.cz\/produkt\/feststehendes-messer-muela-jabali-17r\/"},"modified":"2025-05-07T11:23:07","modified_gmt":"2025-05-07T10:23:07","slug":"feststehendes-messer-muela-jabali-17r","status":"publish","type":"product","link":"https:\/\/www.moskito.cz\/de\/produkt\/feststehendes-messer-muela-jabali-17r\/","title":{"rendered":"Feststehendes Messer Muela JABALI-17R"},"content":{"rendered":"<p>Feststehendes Messer <strong>Muela<\/strong> JABALI-17R. <strong>Das JABALI-17R<\/strong> ist eine kompakte Version des JABALI-21R-Messers in Originalgr\u00f6\u00dfe von Muel. Perfekt ausbalanciert und langlebig, ein Traumbegleiter bei \u00dcberlebensmissionen oder au\u00dferhalb der Stadt. Klassisches Messer mit feststehender Klinge und Full-Tang-Konstruktion, hergestellt aus ausgezeichnetem MoVa-Molybd\u00e4n-Vanadium-Stahl. Klinge \u2013 scharf und massiv, 4,5 mm dick, mit Bowie-Profil und Blutrille auf beiden Seiten.    Hergestellt aus geh\u00e4rtetem 57\u201358 HRC, langlebigem Molybd\u00e4n-Vanadium-Edelstahl X50CrMoV15. Beschichtet mit einer Antireflex-Satin-Finish-Schicht (halbmatt). Die glatte Klinge (Plaint-Typ) wurde mit einem konkaven Schliff (Hollow Grind) hergestellt, der sowohl mit der Schnittfl\u00e4che als auch mit der ultrad\u00fcnnen Spitze ein pr\u00e4zises Schneiden erm\u00f6glicht. Der Griff \u2013 profiliert, \u00fcberzogen mit einer farbig lackierten Holzplatte aus Pakkaholz in brauner Farbe \u2013 sorgt f\u00fcr eine exklusive Optik und sicheren Halt. Der Griff ist mit einem dekorativen Kopf aus poliertem Messing versehen.    Etui &#8211; aus naturbraunem Leder. Scheide mit eingepr\u00e4gtem Herstellerlogo. Prym-Druckknopfverschluss mit gepr\u00e4gtem Firmenemblem. Die Scheide wurde mit Zierfaden vern\u00e4ht. Durch die Befestigung an einem G\u00fcrtel oder einer Befestigung kann das Messer in vertikaler Position bewegt werden. Technische Spezifikation: Produktnummer: JABALI-17R, Stahltyp: X50CrMoV15, Klingenl\u00e4nge: 170,0 mm, Klingenst\u00e4rke: 4,5 mm, Gesamtl\u00e4nge: 300,0 mm, Gewicht: 433,0 g, Klingentyp: glatte Klinge : Bowie-Schnitttyp: Konkav Grifffutter: Pakkaholz (Korallen-Pakkaholz) Scheide: Leder Hersteller: Muela, Spanien     &nbsp;<\/p>\n","protected":false},"excerpt":{"rendered":"<p><strong>Perfekt ausbalanciert und langlebig, ein Traumbegleiter bei \u00dcberlebensmissionen oder au\u00dferhalb der Stadt. Klassisches Messer mit feststehender Klinge und Full-Tang-Konstruktion, hergestellt aus ausgezeichnetem MoVa-Molybd\u00e4n-Vanadium-Stahl. <\/strong><\/p>\n","protected":false},"featured_media":356327,"comment_status":"open","ping_status":"closed","template":"","meta":[],"pwb-brand":[3914],"product_brand":[],"product_cat":[3285,3287],"product_tag":[3669],"class_list":{"0":"post-356362","1":"product","2":"type-product","3":"status-publish","4":"has-post-thumbnail","6":"pwb-brand-sie-musste","7":"product_cat-messer","8":"product_cat-solide-messer","9":"product_tag-b2b-de","11":"first","12":"instock","13":"taxable","14":"shipping-taxable","15":"purchasable","16":"product-type-simple"},"brands":[{"id":3914,"name":"Sie musste","slug":"sie-musste"}],"_links":{"self":[{"href":"https:\/\/www.moskito.cz\/de\/wp-json\/wp\/v2\/product\/356362","targetHints":{"allow":["GET"]}}],"collection":[{"href":"https:\/\/www.moskito.cz\/de\/wp-json\/wp\/v2\/product"}],"about":[{"href":"https:\/\/www.moskito.cz\/de\/wp-json\/wp\/v2\/types\/product"}],"replies":[{"embeddable":true,"href":"https:\/\/www.moskito.cz\/de\/wp-json\/wp\/v2\/comments?post=356362"}],"wp:featuredmedia":[{"embeddable":true,"href":"https:\/\/www.moskito.cz\/de\/wp-json\/wp\/v2\/media\/356327"}],"wp:attachment":[{"href":"https:\/\/www.moskito.cz\/de\/wp-json\/wp\/v2\/media?parent=356362"}],"wp:term":[{"taxonomy":"pwb-brand","embeddable":true,"href":"https:\/\/www.moskito.cz\/de\/wp-json\/wp\/v2\/pwb-brand?post=356362"},{"taxonomy":"product_brand","embeddable":true,"href":"https:\/\/www.moskito.cz\/de\/wp-json\/wp\/v2\/product_brand?post=356362"},{"taxonomy":"product_cat","embeddable":true,"href":"https:\/\/www.moskito.cz\/de\/wp-json\/wp\/v2\/product_cat?post=356362"},{"taxonomy":"product_tag","embeddable":true,"href":"https:\/\/www.moskito.cz\/de\/wp-json\/wp\/v2\/product_tag?post=356362"}],"curies":[{"name":"wp","href":"https:\/\/api.w.org\/{rel}","templated":true}]}}