{"id":356483,"date":"2024-08-14T10:09:49","date_gmt":"2024-08-14T09:10:49","guid":{"rendered":"https:\/\/www.moskito.cz\/produkt\/feststehendes-messer-muela-scorpion-18nm\/"},"modified":"2025-05-07T11:23:13","modified_gmt":"2025-05-07T10:23:13","slug":"feststehendes-messer-muela-scorpion-18nm","status":"publish","type":"product","link":"https:\/\/www.moskito.cz\/de\/produkt\/feststehendes-messer-muela-scorpion-18nm\/","title":{"rendered":"Feststehendes Messer Muela SCORPION-18NM"},"content":{"rendered":"<p>Feststehendes Messer <strong>Muela<\/strong> SCORPION-18NM. Das SCORPION-18NM ist ein Mehrzweck-Feldmesser mit einer massiven Klinge f\u00fcr enorme Schneidleistung und einem komfortablen Griff. Vielseitig, perfekt ausbalanciert, konzipiert f\u00fcr Bushcraft-, Survival- und Jagdbegeisterte. 420H \u2013 martensitischer Edelstahl mit hohem Kohlenstoffgehalt und erh\u00f6htem Kohlenstoffgehalt (C) von 0,17 % bis 0,23 %, der auch Chrom (Cr) und Molybd\u00e4n (Mo) enth\u00e4lt, bietet eine hohe H\u00e4rtbarkeit im Bereich von 54\u201358 HRC sowie Festigkeit, Z\u00e4higkeit und Bearbeitbarkeit und ausgezeichnete Korrosionsbest\u00e4ndigkeit. Durch den hohen Kohlenstoffgehalt entstehen Chromkarbidverbindungen, die nach dem H\u00e4rten f\u00fcr Verschlei\u00dffestigkeit und Schnitthaltigkeit sorgen. Aufgrund seiner hohen H\u00e4rte eignet sich der Stahl zur Herstellung von Schneidwerkzeugen, Messerklingen und medizinischen Instrumenten.      PTFE Schwarz \u2013 Polytetrafluorethylen wird h\u00e4ufig in der Beschichtungsindustrie verwendet und ist ein ultrafeines Produkt mit niedrigem Molekulargewicht, das in einem speziellen Verfahren verarbeitet wird. Es zeichnet sich durch hervorragende Chemikalien- und Witterungsbest\u00e4ndigkeit sowie Temperaturbest\u00e4ndigkeit, thermische Stabilit\u00e4t, Nichtklebrigkeit, elektrische Isolierung, Feuerbest\u00e4ndigkeit und Selbstschmierung aus. Dank der Verwendung von Polytetrafluorethylen als Beschichtungsmaterial der Klinge wird die Reibung w\u00e4hrend des Gebrauchs reduziert, wodurch der Kraftaufwand bei allen Arten von Arbeiten verringert wird. PTFE-beschichtete Klingen lieferten im Vergleich zu chrombeschichteten Klingen eine um 22 % geringere Durchschnittskraft und eine um 26 % geringere Spitzenkraft. Klinge \u2013 mit modifiziertem Clip-Point-Profil, \u00fcberzogen mit einer schwarzen, matten und nicht reflektierenden PTFE-Beschichtung, die kratzfest ist. Hergestellt aus Edelstahl 420H mit erh\u00f6htem Kohlenstoffgehalt und hoher Schlagfestigkeit, geh\u00e4rtet im Bereich von 54\u201358 HRC. An der Klingenbasis sch\u00fctzt eine doppelseitige Kralle die Hand vor dem Abrutschen auf der Klinge. Die Kante ist mit einem konkaven Schliff (Hollow Grind) gefertigt. Ungef\u00e4hr 20 % der L\u00e4nge sind eine gezahnte Combo-Klinge f\u00fcr aggressives Schneiden, einschlie\u00dflich Seile, G\u00fcrtel und 80 % der Oberfl\u00e4che einer glatten klassischen Klinge (einfacher Typ) f\u00fcr pr\u00e4zises Schneiden \u2013 mit guten Schneid- und Durchdringungseigenschaften. Griff \u2013 mit flexibler Elastomerpolsterung in W\u00fcstenfarbe \u00fcberzogen. Der weiche Gummigriff garantiert einen sehr guten Halt, das Messer rutscht nicht aus der Hand und ein fester und sicherer Griff erm\u00f6glicht ein pr\u00e4zises Arbeiten mit der Klinge. Ein vergr\u00f6\u00dfertes Loch f\u00fcr das Trageband auf der R\u00fcckseite des Griffs. Scheide \u2013 in W\u00fcstenfarbe, aus wasserfestem Nylon. Die Befestigung mit einem Schnappverschluss erm\u00f6glicht ein sicheres Tragen des Messers. Die R\u00e4nder der Scheide sind mit Ziergarn vern\u00e4ht. Gepr\u00e4gter Muela Tactical Knives-Schriftzug auf der Vorderseite. Die Scheide wird am G\u00fcrtel oder an der Ausr\u00fcstung befestigt und erm\u00f6glicht so das Tragen des Messers in aufrechter Position. Im unteren Teil des Geh\u00e4uses befindet sich eine Paracord-Schnur, mit der die Scheide am Oberschenkel befestigt werden kann. Technische Spezifikationen: Produktnummer: SCORPION-18NM Gesamtl\u00e4nge: 305 mm \/ 12,01 Zoll Klingenl\u00e4nge 180,0 mm \/ 7,09 Zoll Klingenst\u00e4rke: 4,5 mm \/ 0,18 Zoll Gewicht: 355,0 g \/ 12,52 oz Klingenmaterial: 420H Klingenh\u00e4rte: 54-58 HRc-Klingenschliff: Hohlklingenoberfl\u00e4che: PTFE Griffmaterial: Termorun Griffoberfl\u00e4chenfarbe: W\u00fcstenscheide (Scheide): Nylon Weiteres Zubeh\u00f6r: Keines Designer: Muela Markenname: Muela Hersteller: Manufacturas Muela, SA Herkunftsland: Spanien            <\/p>\n","protected":false},"excerpt":{"rendered":"<p><strong>Das SCORPION-18NM ist ein Mehrzweck-Feldmesser mit einer massiven Klinge f\u00fcr enorme Schneidleistung und einem komfortablen Griff. Vielseitig, perfekt ausbalanciert, konzipiert f\u00fcr Bushcraft-, Survival- und Jagdbegeisterte. <\/strong><\/p>\n","protected":false},"featured_media":356448,"comment_status":"open","ping_status":"closed","template":"","meta":[],"pwb-brand":[3914],"product_brand":[],"product_cat":[3287,3285],"product_tag":[3669],"class_list":{"0":"post-356483","1":"product","2":"type-product","3":"status-publish","4":"has-post-thumbnail","6":"pwb-brand-sie-musste","7":"product_cat-solide-messer","8":"product_cat-messer","9":"product_tag-b2b-de","11":"first","12":"instock","13":"taxable","14":"shipping-taxable","15":"purchasable","16":"product-type-simple"},"brands":[{"id":3914,"name":"Sie musste","slug":"sie-musste"}],"_links":{"self":[{"href":"https:\/\/www.moskito.cz\/de\/wp-json\/wp\/v2\/product\/356483","targetHints":{"allow":["GET"]}}],"collection":[{"href":"https:\/\/www.moskito.cz\/de\/wp-json\/wp\/v2\/product"}],"about":[{"href":"https:\/\/www.moskito.cz\/de\/wp-json\/wp\/v2\/types\/product"}],"replies":[{"embeddable":true,"href":"https:\/\/www.moskito.cz\/de\/wp-json\/wp\/v2\/comments?post=356483"}],"wp:featuredmedia":[{"embeddable":true,"href":"https:\/\/www.moskito.cz\/de\/wp-json\/wp\/v2\/media\/356448"}],"wp:attachment":[{"href":"https:\/\/www.moskito.cz\/de\/wp-json\/wp\/v2\/media?parent=356483"}],"wp:term":[{"taxonomy":"pwb-brand","embeddable":true,"href":"https:\/\/www.moskito.cz\/de\/wp-json\/wp\/v2\/pwb-brand?post=356483"},{"taxonomy":"product_brand","embeddable":true,"href":"https:\/\/www.moskito.cz\/de\/wp-json\/wp\/v2\/product_brand?post=356483"},{"taxonomy":"product_cat","embeddable":true,"href":"https:\/\/www.moskito.cz\/de\/wp-json\/wp\/v2\/product_cat?post=356483"},{"taxonomy":"product_tag","embeddable":true,"href":"https:\/\/www.moskito.cz\/de\/wp-json\/wp\/v2\/product_tag?post=356483"}],"curies":[{"name":"wp","href":"https:\/\/api.w.org\/{rel}","templated":true}]}}