{"id":356523,"date":"2024-08-14T10:19:14","date_gmt":"2024-08-14T09:21:21","guid":{"rendered":"https:\/\/www.moskito.cz\/produkt\/feststehendes-messer-muela-scorpion-18n\/"},"modified":"2025-05-07T11:23:14","modified_gmt":"2025-05-07T10:23:14","slug":"feststehendes-messer-muela-scorpion-18n","status":"publish","type":"product","link":"https:\/\/www.moskito.cz\/de\/produkt\/feststehendes-messer-muela-scorpion-18n\/","title":{"rendered":"Feststehendes Messer Muela SCORPION-18N"},"content":{"rendered":"<p>Feststehendes Messer <strong>Muela<\/strong> SCORPION-18N. Mehrzweckmesser <strong>SCORPION-18N<\/strong> mit feststehender Klinge, ideal f\u00fcr Camping als Survival-, Taktik- und Jagdmesser. Die massive Klinge h\u00e4lt jeder Arbeit unter allen Bedingungen unbeschadet stand. Die <strong>SCORPION-<\/strong> Serie ist eines der bekanntesten Messer der spanischen Firma <strong>Muela<\/strong> . Klinge \u2013 mit modifiziertem Clip-Point-Profil, 4,5 mm dick, \u00fcberzogen mit einer schwarzen, matten, kratzfesten, nicht reflektierenden PTFE-Beschichtung.     Hergestellt aus Edelstahl 420H mit erh\u00f6htem Kohlenstoffgehalt und hoher Schlagfestigkeit, geh\u00e4rtet im Bereich von 54\u201358 HRC. An der Klingenbasis verhindert ein doppelseitiger Schutz, dass die Hand auf die Klinge rutscht. Klinge \u2013 hergestellt mit einem konkaven Schliff (Hollow Grind). Etwa 20 % der L\u00e4nge bestehen unter anderem aus der gezahnten Combo-Klinge f\u00fcr aggressives Schneiden. Seile, G\u00fcrtel und 80 % der Fl\u00e4che, eine klassische glatte Klinge f\u00fcr pr\u00e4zises Schneiden \u2013 sorgt f\u00fcr gute Schneid- und Eindringeigenschaften. Griff \u2013 mit flexibler, ger\u00e4ndelter schwarzer Elastomerh\u00fclle \u00fcberzogen. Der weiche Gummigriff garantiert einen sehr guten Halt, das Messer rutscht nicht aus der Hand und ein fester und sicherer Griff erm\u00f6glicht pr\u00e4zise Bewegungen mit dem Messer.      Auf der R\u00fcckseite des Griffs befindet sich ein vergr\u00f6\u00dfertes Loch f\u00fcr das Seil. Geh\u00e4use &#8211; schwarz. Der aus Naturleder gefertigte Riegelverschluss erm\u00f6glicht ein sicheres Tragen des Messers. Die R\u00e4nder der Scheide sind mit Ziergarn vern\u00e4ht. Auf der Vorderseite ist das Logo des Herstellers eingepr\u00e4gt. Die Scheide verf\u00fcgt \u00fcber eine G\u00fcrtelbefestigung oder -vorrichtung, mit der das Messer in vertikaler Position getragen werden kann. Spezifikationen: Produktnummer: SCORPION-18N, Stahltyp: 420H, Klingenl\u00e4nge: 180 mm, Klingenst\u00e4rke: 4,5 mm, Gesamtl\u00e4nge: 307 mm, Gewicht: 353 g, Klinge: Kombination, Klingentyp: Clip-Point-Schnitt : Konkaver Grifftyp: Thermorun Scheide: Leder Hersteller: Muela, Spanien  &nbsp;<\/p>\n","protected":false},"excerpt":{"rendered":"<p><strong>Mehrzweckmesser SCORPION-18N mit feststehender Klinge, ideal f\u00fcr Camping als Survival-, Taktik- und Jagdmesser. Die massive Klinge h\u00e4lt jeder Arbeit unter allen Bedingungen unbeschadet stand. Die SCORPION-Serie ist eines der bekanntesten Messer der spanischen Firma Muela.  <\/strong><\/p>\n","protected":false},"featured_media":356488,"comment_status":"open","ping_status":"closed","template":"","meta":[],"pwb-brand":[3914],"product_brand":[],"product_cat":[3287,3285],"product_tag":[3669],"class_list":{"0":"post-356523","1":"product","2":"type-product","3":"status-publish","4":"has-post-thumbnail","6":"pwb-brand-sie-musste","7":"product_cat-solide-messer","8":"product_cat-messer","9":"product_tag-b2b-de","11":"first","12":"instock","13":"taxable","14":"shipping-taxable","15":"purchasable","16":"product-type-simple"},"brands":[{"id":3914,"name":"Sie musste","slug":"sie-musste"}],"_links":{"self":[{"href":"https:\/\/www.moskito.cz\/de\/wp-json\/wp\/v2\/product\/356523","targetHints":{"allow":["GET"]}}],"collection":[{"href":"https:\/\/www.moskito.cz\/de\/wp-json\/wp\/v2\/product"}],"about":[{"href":"https:\/\/www.moskito.cz\/de\/wp-json\/wp\/v2\/types\/product"}],"replies":[{"embeddable":true,"href":"https:\/\/www.moskito.cz\/de\/wp-json\/wp\/v2\/comments?post=356523"}],"wp:featuredmedia":[{"embeddable":true,"href":"https:\/\/www.moskito.cz\/de\/wp-json\/wp\/v2\/media\/356488"}],"wp:attachment":[{"href":"https:\/\/www.moskito.cz\/de\/wp-json\/wp\/v2\/media?parent=356523"}],"wp:term":[{"taxonomy":"pwb-brand","embeddable":true,"href":"https:\/\/www.moskito.cz\/de\/wp-json\/wp\/v2\/pwb-brand?post=356523"},{"taxonomy":"product_brand","embeddable":true,"href":"https:\/\/www.moskito.cz\/de\/wp-json\/wp\/v2\/product_brand?post=356523"},{"taxonomy":"product_cat","embeddable":true,"href":"https:\/\/www.moskito.cz\/de\/wp-json\/wp\/v2\/product_cat?post=356523"},{"taxonomy":"product_tag","embeddable":true,"href":"https:\/\/www.moskito.cz\/de\/wp-json\/wp\/v2\/product_tag?post=356523"}],"curies":[{"name":"wp","href":"https:\/\/api.w.org\/{rel}","templated":true}]}}