{"id":356563,"date":"2024-08-14T10:29:34","date_gmt":"2024-08-14T09:30:08","guid":{"rendered":"https:\/\/www.moskito.cz\/produkt\/feststehendes-messer-muela-jabali-17ol\/"},"modified":"2025-05-07T11:23:16","modified_gmt":"2025-05-07T10:23:16","slug":"feststehendes-messer-muela-jabali-17ol","status":"publish","type":"product","link":"https:\/\/www.moskito.cz\/de\/produkt\/feststehendes-messer-muela-jabali-17ol\/","title":{"rendered":"Feststehendes Messer Muela JABALI-17OL"},"content":{"rendered":"<p>Feststehendes Messer <strong>Muela<\/strong> JABALI-17OL. <strong>JABALI-17OL<\/strong> ist eine kleinere Version des klassischen JABALI-21OL-Messers mit feststehender Klinge und Full-Tang-Konstruktion. Hergestellt aus MoVa-Molybd\u00e4n-Vanadium-Stahl. Das perfekte Messer f\u00fcr Camping, Survival-Trips oder au\u00dferhalb der Stadt. Massiv, langlebig, h\u00e4lt jeder Arbeit auch unter anspruchsvollsten Bedingungen stand.  X50CrMoV15 (1.4116) \u2013 martensitischer Edelstahl mit hohem Kohlenstoffgehalt und Molybd\u00e4n-Vanadium-Gehalt, \u00e4u\u00dferst best\u00e4ndig gegen Korrosion und Verschlei\u00df. Es wird bei der Herstellung von Messern, Schneidbestecken und chirurgischen Instrumenten verwendet. Es zeichnet sich durch eine f\u00fcr Edelst\u00e4hle relativ hohe H\u00e4rte von 56-58 HRC aus. Die chemische Zusammensetzung des Stahls wurde durch Dotierung mit 15,0 % Chrom, 0,80 % Molybd\u00e4n und 0,20 % Vanadium angereichert. Klinge \u2013 Clip-Point-Typ, 4,5 mm dick, \u00fcberzogen mit einer Antireflex-Satin-Finish-Schicht (halbmatt), die Blendungen verhindert. Eine Klinge mit guten mechanischen Eigenschaften und einer langen Brennweite. Hohlschliff, glatte Klinge (einfacher Typ). Stahlschutz, sch\u00fctzt die Hand vor dem Abrutschen beim Arbeiten.    Griff \u2013 mit Olivenholzverkleidung mit einzigartigem Design \u00fcberzogen. Profilierte Aussparungen sorgen f\u00fcr sicheren Halt. Das Messer liegt sehr gut in der Hand, rutscht nicht, l\u00e4sst sich unter allen Bedingungen gut kontrollieren. Scheide &#8211; handgen\u00e4ht, aus hochwertigem braunem Rindsleder mit gepr\u00e4gtem Herstellerlogo. Die Kanten des Geh\u00e4uses sind mit Ziergarn vern\u00e4ht. Schnappverschluss Typ Prym. Die G\u00fcrtelbefestigung erm\u00f6glicht das Tragen des Messers in aufrechter Position. Technische Spezifikationen: Produktnummer: JABALI-17OL. Gesamtl\u00e4nge: 30 cm. Klingenl\u00e4nge: 17 cm. Klingenst\u00e4rke: 0,45 cm Schliff: Hohl Klingenoberfl\u00e4che: satiniert Griffmaterial: Olivenholz Griffoberfl\u00e4chenfarbe: Beige Scheide (Holster): Leder Weiteres Zubeh\u00f6r: Keine Designer: Muela Markenname: Muela Hersteller: Manufacturas Muela, SA Herkunftsland: Spanien  &nbsp;<\/p>\n","protected":false},"excerpt":{"rendered":"<p><strong>Das perfekte Messer f\u00fcr Camping, Survival-Trips oder au\u00dferhalb der Stadt. Massiv, langlebig, h\u00e4lt jeder Arbeit auch unter anspruchsvollsten Bedingungen stand. <\/strong><\/p>\n","protected":false},"featured_media":356528,"comment_status":"open","ping_status":"closed","template":"","meta":[],"pwb-brand":[3914],"product_brand":[],"product_cat":[3287,3285],"product_tag":[3669],"class_list":{"0":"post-356563","1":"product","2":"type-product","3":"status-publish","4":"has-post-thumbnail","6":"pwb-brand-sie-musste","7":"product_cat-solide-messer","8":"product_cat-messer","9":"product_tag-b2b-de","11":"first","12":"instock","13":"taxable","14":"shipping-taxable","15":"purchasable","16":"product-type-simple"},"brands":[{"id":3914,"name":"Sie musste","slug":"sie-musste"}],"_links":{"self":[{"href":"https:\/\/www.moskito.cz\/de\/wp-json\/wp\/v2\/product\/356563","targetHints":{"allow":["GET"]}}],"collection":[{"href":"https:\/\/www.moskito.cz\/de\/wp-json\/wp\/v2\/product"}],"about":[{"href":"https:\/\/www.moskito.cz\/de\/wp-json\/wp\/v2\/types\/product"}],"replies":[{"embeddable":true,"href":"https:\/\/www.moskito.cz\/de\/wp-json\/wp\/v2\/comments?post=356563"}],"wp:featuredmedia":[{"embeddable":true,"href":"https:\/\/www.moskito.cz\/de\/wp-json\/wp\/v2\/media\/356528"}],"wp:attachment":[{"href":"https:\/\/www.moskito.cz\/de\/wp-json\/wp\/v2\/media?parent=356563"}],"wp:term":[{"taxonomy":"pwb-brand","embeddable":true,"href":"https:\/\/www.moskito.cz\/de\/wp-json\/wp\/v2\/pwb-brand?post=356563"},{"taxonomy":"product_brand","embeddable":true,"href":"https:\/\/www.moskito.cz\/de\/wp-json\/wp\/v2\/product_brand?post=356563"},{"taxonomy":"product_cat","embeddable":true,"href":"https:\/\/www.moskito.cz\/de\/wp-json\/wp\/v2\/product_cat?post=356563"},{"taxonomy":"product_tag","embeddable":true,"href":"https:\/\/www.moskito.cz\/de\/wp-json\/wp\/v2\/product_tag?post=356563"}],"curies":[{"name":"wp","href":"https:\/\/api.w.org\/{rel}","templated":true}]}}