{"id":356598,"date":"2024-08-14T10:42:09","date_gmt":"2024-08-14T09:51:17","guid":{"rendered":"https:\/\/www.moskito.cz\/produkt\/feststehendes-messer-muela-scorpion-19n\/"},"modified":"2025-05-07T11:23:16","modified_gmt":"2025-05-07T10:23:16","slug":"feststehendes-messer-muela-scorpion-19n","status":"publish","type":"product","link":"https:\/\/www.moskito.cz\/de\/produkt\/feststehendes-messer-muela-scorpion-19n\/","title":{"rendered":"Feststehendes Messer Muela SCORPION-19N"},"content":{"rendered":"<p>Feststehendes Messer <strong>Muela<\/strong> SCORPION-19N. <strong>SCORPION-19N<\/strong> \u2013 ein Messer mit feststehender Klinge, hergestellt von der spanischen Firma Muela. Ein Messer aus der SCORPION-Serie, in das Sie sich auf den ersten Blick verlieben werden! Ein komplexes Messer mit einer soliden Klinge kann f\u00fcr alle Arten von Arbeiten unter allen Bedingungen ohne Besch\u00e4digung verwendet werden. Dies ist ein perfektes \u00dcberlebensmesser, es wird eine gute Wahl als J\u00e4germesser sein., EDC. Klinge \u2013 Klinge mit einer \u201efalschen\u201c Klinge (Spear Point-Profil), 4,5 mm dick, beschichtet mit einer schwarzen, matten Antireflex-PTFE-Beschichtung, die kratzfest ist. Mande aus Edelstahl 420H mit hohem Kohlenstoffgehalt und hoher Schlagz\u00e4higkeit, geh\u00e4rtet im Bereich von 54\u201358 HRC. Diese Klinge ist mit einer nicht reflektierenden Satin-Finish-Schicht (halbmatt) \u00fcberzogen, die Blendungen verhindert. Glatte Klinge (einfacher Typ), abgeleitete konkave Kante (Hohlschliff). An der Basis der Klinge wurde eine doppelseitige Klaue angebracht, um ein Abrutschen der Hand an der Klinge zu verhindern. Griff \u2013 geflochtener schwarzer Elastomerverschluss in Schwarz. Der weiche Gummigriff liegt gut in der Hand, das Messer rutscht uns nicht aus der Hand. Ein starker und zuverl\u00e4ssiger Griff erm\u00f6glicht pr\u00e4zise Messerbewegungen. Auf der R\u00fcckseite des Griffs befindet sich eine \u00d6ffnung f\u00fcr das Seil. Das mit einem Druckknopf befestigte Etui in schwarzer Farbe erm\u00f6glicht den sicheren Transport des Messers. Aus Naturleder mit gepr\u00e4gtem Muela Company-Logo. Die Scheide wurde an den R\u00e4ndern mit Zierfaden vern\u00e4ht. Die Scheide verf\u00fcgt \u00fcber eine G\u00fcrtelbefestigung zum Tragen des Messers in vertikaler Position. Technische Spezifikation: Produktnummer: SCORPION-19N Stahlsorte: 420H Klingenl\u00e4nge: 19 cm \/ 7,48 Zoll Klingenst\u00e4rke: 0,45 cm \/ 0,18 Zoll Gesamtl\u00e4nge: 32 cm \/ 12,60 Zoll Gewicht: 356 g \/ 12,56 Unzen Klingentyp: Glatt Klingentyp: Speerspitze Schnitttyp: Konkav Griffmaterial: Termorun Scheide: Leder Hersteller: Muela, Spanien   &nbsp;<\/p>\n<p>&nbsp;<\/p>\n","protected":false},"excerpt":{"rendered":"<p><strong>Ein Messer aus der SCORPION-Serie, in das Sie sich auf den ersten Blick verlieben werden! Ein komplexes Messer mit einer soliden Klinge kann f\u00fcr alle Arten von Arbeiten unter allen Bedingungen ohne Besch\u00e4digung verwendet werden. Dies ist ein perfektes \u00dcberlebensmesser, es wird eine gute Wahl als J\u00e4germesser sein., EDC.<\/strong><\/p>\n","protected":false},"featured_media":356568,"comment_status":"open","ping_status":"closed","template":"","meta":[],"pwb-brand":[3914],"product_brand":[],"product_cat":[3285,3287],"product_tag":[3669],"class_list":{"0":"post-356598","1":"product","2":"type-product","3":"status-publish","4":"has-post-thumbnail","6":"pwb-brand-sie-musste","7":"product_cat-messer","8":"product_cat-solide-messer","9":"product_tag-b2b-de","11":"first","12":"instock","13":"taxable","14":"shipping-taxable","15":"purchasable","16":"product-type-simple"},"brands":[{"id":3914,"name":"Sie musste","slug":"sie-musste"}],"_links":{"self":[{"href":"https:\/\/www.moskito.cz\/de\/wp-json\/wp\/v2\/product\/356598","targetHints":{"allow":["GET"]}}],"collection":[{"href":"https:\/\/www.moskito.cz\/de\/wp-json\/wp\/v2\/product"}],"about":[{"href":"https:\/\/www.moskito.cz\/de\/wp-json\/wp\/v2\/types\/product"}],"replies":[{"embeddable":true,"href":"https:\/\/www.moskito.cz\/de\/wp-json\/wp\/v2\/comments?post=356598"}],"wp:featuredmedia":[{"embeddable":true,"href":"https:\/\/www.moskito.cz\/de\/wp-json\/wp\/v2\/media\/356568"}],"wp:attachment":[{"href":"https:\/\/www.moskito.cz\/de\/wp-json\/wp\/v2\/media?parent=356598"}],"wp:term":[{"taxonomy":"pwb-brand","embeddable":true,"href":"https:\/\/www.moskito.cz\/de\/wp-json\/wp\/v2\/pwb-brand?post=356598"},{"taxonomy":"product_brand","embeddable":true,"href":"https:\/\/www.moskito.cz\/de\/wp-json\/wp\/v2\/product_brand?post=356598"},{"taxonomy":"product_cat","embeddable":true,"href":"https:\/\/www.moskito.cz\/de\/wp-json\/wp\/v2\/product_cat?post=356598"},{"taxonomy":"product_tag","embeddable":true,"href":"https:\/\/www.moskito.cz\/de\/wp-json\/wp\/v2\/product_tag?post=356598"}],"curies":[{"name":"wp","href":"https:\/\/api.w.org\/{rel}","templated":true}]}}