{"id":356628,"date":"2024-08-14T10:58:36","date_gmt":"2024-08-14T09:59:13","guid":{"rendered":"https:\/\/www.moskito.cz\/produkt\/feststehendes-messer-muela-criollo-18\/"},"modified":"2025-05-07T11:23:18","modified_gmt":"2025-05-07T10:23:18","slug":"feststehendes-messer-muela-criollo-18","status":"publish","type":"product","link":"https:\/\/www.moskito.cz\/de\/produkt\/feststehendes-messer-muela-criollo-18\/","title":{"rendered":"Feststehendes Messer Muela CRIOLLO-18"},"content":{"rendered":"<p>Feststehendes Messer <strong>Muela<\/strong> CRIOLLO-18. Muela Criollo-18 Sportmesser: Perfekt zum Grillen mit sch\u00f6nem Lederetui Das Muela Criollo-18 Messer ist ein Besteck, das exklusiv f\u00fcr Grillbegeisterte und Fleischliebhaber entwickelt wurde. Dieses aus hochwertigen Materialien gefertigte Messer, einschlie\u00dflich eines Griffs aus gepresstem Palisander, ist ein Muss f\u00fcr jeden Grillkoch. Um pr\u00e4zise Schnitte zu erzielen, die sich direkt auf die Textur und Saftigkeit des Fleisches auswirken, ben\u00f6tigen Sie ein zuverl\u00e4ssiges Grillmesser. Muela Criollo-18 erf\u00fcllt diese Anforderungen perfekt. Seine Klinge ist 175 mm lang, w\u00e4hrend der Griff 120 mm misst, was eine hervorragende Handhabung einer Vielzahl von Fleischsorten erm\u00f6glicht. Der Griff des Sportmessers Muela Criollo-18 besteht aus schwarzem Micarta, einem widerstandsf\u00e4higen und langlebigen Material, das aus mit Harz impr\u00e4gnierten Stoffen besteht und hohen Dr\u00fccken und Temperaturen ausgesetzt ist. Die Klinge dieses Messers besteht aus X50CrMoV15 \u201eMOVA\u201c (1.4116), einem klassischen Material f\u00fcr Muela-Messer. Diese Legierung, die Molybd\u00e4n und Vanadium kombiniert, verleiht der Klinge eine bemerkenswerte H\u00e4rte und Korrosionsbest\u00e4ndigkeit. Dar\u00fcber hinaus wird das Messer durch eine elegante Lederscheide erg\u00e4nzt. Muela verf\u00fcgt \u00fcber eine mehr als siebenj\u00e4hrige Tradition in der Herstellung exklusiver Messer, Taschenmesser und Rasiermesser, die weltweit eine Referenz im Besteckbereich darstellen. Unter Verwendung sorgf\u00e4ltig ausgew\u00e4hlter Materialien wie martensitischem Stahl f\u00fcr die Klingen und bei einigen Modellen sogar Hirschgeweihen wird jedes St\u00fcck geschnitzt und mit modernen Maschinen und einem Hauch von Handwerkskunst ausgestattet. Unsere erfahrenen Schneider fertigen jedes St\u00fcck handwerklich und sorgf\u00e4ltig an, einschlie\u00dflich Sch\u00e4rfen, Polieren und strenger Qualit\u00e4tskontrolle. Erleben Sie die Tradition und Qualit\u00e4t von Muela mit dem Sportmesser Muela Criollo-18 \u2013 die perfekte Wahl f\u00fcr Ihr unvergessliches Barbecue.               &nbsp;<\/p>\n<p>&nbsp;  Technische Beschreibung Code: CRIOLLO-18 Marke: Muela Modell: Barbecue und Criollo Kitchen-18 Griffmaterial: Schwarzes Micarta Klingenmaterial: 1.4116 Klingenl\u00e4nge: 17 cm Gesamtl\u00e4nge: 29 cm Stahlh\u00e4rte: 56 \u2013 58 HRC Gewicht: 215 g  &nbsp;<\/p>\n","protected":false},"excerpt":{"rendered":"<p><strong>Sportmesser Muela Criollo-18: Perfekt zum Grillen mit sch\u00f6nem Lederetui.<\/strong><\/p>\n","protected":false},"featured_media":356608,"comment_status":"open","ping_status":"closed","template":"","meta":[],"pwb-brand":[3914],"product_brand":[],"product_cat":[3287,3285],"product_tag":[3669],"class_list":{"0":"post-356628","1":"product","2":"type-product","3":"status-publish","4":"has-post-thumbnail","6":"pwb-brand-sie-musste","7":"product_cat-solide-messer","8":"product_cat-messer","9":"product_tag-b2b-de","11":"first","12":"instock","13":"taxable","14":"shipping-taxable","15":"purchasable","16":"product-type-simple"},"brands":[{"id":3914,"name":"Sie musste","slug":"sie-musste"}],"_links":{"self":[{"href":"https:\/\/www.moskito.cz\/de\/wp-json\/wp\/v2\/product\/356628","targetHints":{"allow":["GET"]}}],"collection":[{"href":"https:\/\/www.moskito.cz\/de\/wp-json\/wp\/v2\/product"}],"about":[{"href":"https:\/\/www.moskito.cz\/de\/wp-json\/wp\/v2\/types\/product"}],"replies":[{"embeddable":true,"href":"https:\/\/www.moskito.cz\/de\/wp-json\/wp\/v2\/comments?post=356628"}],"wp:featuredmedia":[{"embeddable":true,"href":"https:\/\/www.moskito.cz\/de\/wp-json\/wp\/v2\/media\/356608"}],"wp:attachment":[{"href":"https:\/\/www.moskito.cz\/de\/wp-json\/wp\/v2\/media?parent=356628"}],"wp:term":[{"taxonomy":"pwb-brand","embeddable":true,"href":"https:\/\/www.moskito.cz\/de\/wp-json\/wp\/v2\/pwb-brand?post=356628"},{"taxonomy":"product_brand","embeddable":true,"href":"https:\/\/www.moskito.cz\/de\/wp-json\/wp\/v2\/product_brand?post=356628"},{"taxonomy":"product_cat","embeddable":true,"href":"https:\/\/www.moskito.cz\/de\/wp-json\/wp\/v2\/product_cat?post=356628"},{"taxonomy":"product_tag","embeddable":true,"href":"https:\/\/www.moskito.cz\/de\/wp-json\/wp\/v2\/product_tag?post=356628"}],"curies":[{"name":"wp","href":"https:\/\/api.w.org\/{rel}","templated":true}]}}