{"id":356684,"date":"2024-08-14T12:11:18","date_gmt":"2024-08-14T11:22:48","guid":{"rendered":"https:\/\/www.moskito.cz\/produkt\/solides-messer-muela-sarrio-19r\/"},"modified":"2025-05-07T11:23:19","modified_gmt":"2025-05-07T10:23:19","slug":"solides-messer-muela-sarrio-19r","status":"publish","type":"product","link":"https:\/\/www.moskito.cz\/de\/produkt\/solides-messer-muela-sarrio-19r\/","title":{"rendered":"Solides Messer Muela SARRIO-19R"},"content":{"rendered":"<p>Solides Messer <strong>Muela<\/strong> SARRIO-19R. Ein vielseitiges taktisches Messer mit fester Klinge, das Sie unbedingt haben sollten! Es wurde von der spanischen Firma Muela hergestellt. Au\u00dfergew\u00f6hnlich langlebig mit feststehender Klinge, geeignet f\u00fcr jede Arbeit unter allen Bedingungen. Ideal f\u00fcr Camping, ideal als taktisches Messer, Survivalmesser und auch als J\u00e4germesser, EDC.     Hergestellt aus Molybd\u00e4n-Vanadium-Stahl (MoVa). Klinge \u2013 mit modifiziertem Clip-Point-Profil, St\u00e4rke 4,5 Millimeter, geh\u00e4rtet im Bereich von 57\u201358 HRC. Hergestellt aus Edelstahl X50CrMoV15, langlebigem und gut gesch\u00e4rftem Molybd\u00e4n-Vanadium-Stahl. Eine Klinge mit guten mechanischen Eigenschaften und langanhaltender Sch\u00e4rfe. Die nicht reflektierende Satin-Finish-Schicht (halbmatt) verhindert Blendung. Die glatte Klinge (Typ Plain) wurde mit einem Vollflachschliff (Full Flat Grind) gefertigt, was das Gewicht des Messers reduziert und die Schneideigenschaften verbessert.     Der Koffer garantiert einen sicheren Transport des Messers. Hergestellt aus nat\u00fcrlichem, schwarzem Leder mit gepr\u00e4gtem Muela Company-Logo. Die Scheide wurde an den R\u00e4ndern mit Ziergarn vern\u00e4ht. Die Scheide verf\u00fcgt \u00fcber eine G\u00fcrtelbefestigung zum Tragen des Messers in vertikaler Position. Die Klinge besteht aus hochwertigem Molybd\u00e4n-Vanadium-Edelstahl mit satinierter Oberfl\u00e4che. Der Griff aus Pakka-lackiertem Holz wird durch einen Metallschutz und einen verzierten Kopf erg\u00e4nzt. Das Messer wird mit einem hochwertigen Lederetui geliefert. Vollst\u00e4ndige Produktbeschreibung: Klingenmaterial: MoVa Griffmaterial: Pakka, Metall Scheidenmaterial: Leder Klingenl\u00e4nge: 19 cm Gesamtl\u00e4nge: 32 cm Griffl\u00e4nge: 13 cm Gewicht: 333 g Klingentyp: Bowie   <\/p>\n","protected":false},"excerpt":{"rendered":"<p><strong>Ein vielseitiges taktisches Messer mit fester Klinge, das Sie unbedingt haben sollten!<\/strong><\/p>\n","protected":false},"featured_media":356635,"comment_status":"open","ping_status":"closed","template":"","meta":[],"pwb-brand":[3914],"product_brand":[],"product_cat":[3287,3285],"product_tag":[3669],"class_list":{"0":"post-356684","1":"product","2":"type-product","3":"status-publish","4":"has-post-thumbnail","6":"pwb-brand-sie-musste","7":"product_cat-solide-messer","8":"product_cat-messer","9":"product_tag-b2b-de","11":"first","12":"instock","13":"taxable","14":"shipping-taxable","15":"purchasable","16":"product-type-simple"},"brands":[{"id":3914,"name":"Sie musste","slug":"sie-musste"}],"_links":{"self":[{"href":"https:\/\/www.moskito.cz\/de\/wp-json\/wp\/v2\/product\/356684","targetHints":{"allow":["GET"]}}],"collection":[{"href":"https:\/\/www.moskito.cz\/de\/wp-json\/wp\/v2\/product"}],"about":[{"href":"https:\/\/www.moskito.cz\/de\/wp-json\/wp\/v2\/types\/product"}],"replies":[{"embeddable":true,"href":"https:\/\/www.moskito.cz\/de\/wp-json\/wp\/v2\/comments?post=356684"}],"wp:featuredmedia":[{"embeddable":true,"href":"https:\/\/www.moskito.cz\/de\/wp-json\/wp\/v2\/media\/356635"}],"wp:attachment":[{"href":"https:\/\/www.moskito.cz\/de\/wp-json\/wp\/v2\/media?parent=356684"}],"wp:term":[{"taxonomy":"pwb-brand","embeddable":true,"href":"https:\/\/www.moskito.cz\/de\/wp-json\/wp\/v2\/pwb-brand?post=356684"},{"taxonomy":"product_brand","embeddable":true,"href":"https:\/\/www.moskito.cz\/de\/wp-json\/wp\/v2\/product_brand?post=356684"},{"taxonomy":"product_cat","embeddable":true,"href":"https:\/\/www.moskito.cz\/de\/wp-json\/wp\/v2\/product_cat?post=356684"},{"taxonomy":"product_tag","embeddable":true,"href":"https:\/\/www.moskito.cz\/de\/wp-json\/wp\/v2\/product_tag?post=356684"}],"curies":[{"name":"wp","href":"https:\/\/api.w.org\/{rel}","templated":true}]}}