{"id":356693,"date":"2024-08-14T12:22:13","date_gmt":"2024-08-14T11:23:07","guid":{"rendered":"https:\/\/www.moskito.cz\/produkt\/feststehendes-messer-muela-mirage-20\/"},"modified":"2025-05-07T11:23:21","modified_gmt":"2025-05-07T10:23:21","slug":"feststehendes-messer-muela-mirage-20","status":"publish","type":"product","link":"https:\/\/www.moskito.cz\/de\/produkt\/feststehendes-messer-muela-mirage-20\/","title":{"rendered":"Feststehendes Messer Muela MIRAGE-20"},"content":{"rendered":"<p>Feststehendes Messer <strong>Muela<\/strong> MIRAGE-20. Universelles mittelgro\u00dfes Messer MIRAGE-20 mit feststehender Klinge aus der MIRAGE-Serie \u2013 einer der bekanntesten Messerserien der spanischen Firma Muela. Extrem vielseitig mit einer massiven Klinge, die jeder Arbeit unter allen Bedingungen standh\u00e4lt. Biwak ist ein ausgezeichnetes \u00dcberlebensmesser und eignet sich auch als taktisches Jagdmesser. Klinge \u2013 mit falscher Clip-Point-Klinge, St\u00e4rke 4,6 mm. Hergestellt aus korrosionsbest\u00e4ndigem, langlebigem 420H-Edelstahl mit hohem Kohlenstoffgehalt und hoher Schlagfestigkeit, geh\u00e4rtet auf 54\u201358 HRC. Die Klinge ist mit einer Antireflex-Satin-Finish-Beschichtung (halbmatt) versehen, die Blendungen verhindert. Die glatte Klinge (Typ Plain) wurde mit einem Hohlschliff (Hollow Grind) gefertigt und sorgt so f\u00fcr gute Schneideigenschaften. Auf dem S\u00e4geblattr\u00fccken befindet sich eine universelle Multifunktionss\u00e4ge, die unter anderem zum Schneiden von Seilen und G\u00fcrteln geeignet ist. An der Basis der Klinge wurde eine doppelseitige Klaue angebracht, um zu verhindern, dass die Hand an der Klinge herunterrutscht. Griff &#8211; mit elastischem Gestrick aus schwarzem Elastomer \u00fcberzogen. Der weiche Gummigriff garantiert einen sehr guten Halt, das Messer rutscht nicht aus der Hand und der feste und feste Griff erm\u00f6glicht pr\u00e4zise Bewegungen mit dem Messer. Auf der R\u00fcckseite des Griffs befindet sich ein vergr\u00f6\u00dfertes Loch f\u00fcr das Kabel. Geh\u00e4use &#8211; in Schwarz. Der aus Naturleder gefertigte Schnappverschluss erm\u00f6glicht ein sicheres Tragen des Messers.               Die R\u00e4nder der Scheide wurden mit Ziergarn vern\u00e4ht. Gepr\u00e4gtes Herstellerlogo auf der Vorderseite. Die Scheide verf\u00fcgt \u00fcber eine G\u00fcrtel- oder Scheidenbefestigung zum Tragen des Messers in vertikaler Position. Technische Spezifikation: Produktnummer: MIRAGE-20 Stahlsorte: 420H Klingenl\u00e4nge: 20 cm \/ 7,87 Zoll Klingenst\u00e4rke: 0,46 cm \/ 0,18 Zoll Gesamtl\u00e4nge: 32,5 cm \/ 12,80 Zoll Gewicht: 375 g \/ 13, 23 oz Klinge: Glatte Klinge Typ: Clip Point Schnitttyp: Konkav Grifftyp: Termorun Scheide: Leder Hersteller: Muela, Spanien    &nbsp;<\/p>\n","protected":false},"excerpt":{"rendered":"<p><strong>Ein \u00e4u\u00dferst vielseitiges Messer mit einer massiven Klinge, das jeder Arbeit unter allen Bedingungen standh\u00e4lt. Biwak ist ein hervorragendes \u00dcberlebensmesser und eignet sich auch als taktisches Jagdmesser. <\/strong><\/p>\n","protected":false},"featured_media":356652,"comment_status":"open","ping_status":"closed","template":"","meta":[],"pwb-brand":[3914],"product_brand":[],"product_cat":[3287,3285],"product_tag":[3669],"class_list":{"0":"post-356693","1":"product","2":"type-product","3":"status-publish","4":"has-post-thumbnail","6":"pwb-brand-sie-musste","7":"product_cat-solide-messer","8":"product_cat-messer","9":"product_tag-b2b-de","11":"first","12":"instock","13":"taxable","14":"shipping-taxable","15":"purchasable","16":"product-type-simple"},"brands":[{"id":3914,"name":"Sie musste","slug":"sie-musste"}],"_links":{"self":[{"href":"https:\/\/www.moskito.cz\/de\/wp-json\/wp\/v2\/product\/356693","targetHints":{"allow":["GET"]}}],"collection":[{"href":"https:\/\/www.moskito.cz\/de\/wp-json\/wp\/v2\/product"}],"about":[{"href":"https:\/\/www.moskito.cz\/de\/wp-json\/wp\/v2\/types\/product"}],"replies":[{"embeddable":true,"href":"https:\/\/www.moskito.cz\/de\/wp-json\/wp\/v2\/comments?post=356693"}],"wp:featuredmedia":[{"embeddable":true,"href":"https:\/\/www.moskito.cz\/de\/wp-json\/wp\/v2\/media\/356652"}],"wp:attachment":[{"href":"https:\/\/www.moskito.cz\/de\/wp-json\/wp\/v2\/media?parent=356693"}],"wp:term":[{"taxonomy":"pwb-brand","embeddable":true,"href":"https:\/\/www.moskito.cz\/de\/wp-json\/wp\/v2\/pwb-brand?post=356693"},{"taxonomy":"product_brand","embeddable":true,"href":"https:\/\/www.moskito.cz\/de\/wp-json\/wp\/v2\/product_brand?post=356693"},{"taxonomy":"product_cat","embeddable":true,"href":"https:\/\/www.moskito.cz\/de\/wp-json\/wp\/v2\/product_cat?post=356693"},{"taxonomy":"product_tag","embeddable":true,"href":"https:\/\/www.moskito.cz\/de\/wp-json\/wp\/v2\/product_tag?post=356693"}],"curies":[{"name":"wp","href":"https:\/\/api.w.org\/{rel}","templated":true}]}}