{"id":356763,"date":"2024-08-14T13:18:37","date_gmt":"2024-08-14T12:20:56","guid":{"rendered":"https:\/\/www.moskito.cz\/produkt\/feststehendes-messer-muela-gaucho-20a\/"},"modified":"2025-05-07T11:23:21","modified_gmt":"2025-05-07T10:23:21","slug":"feststehendes-messer-muela-gaucho-20a","status":"publish","type":"product","link":"https:\/\/www.moskito.cz\/de\/produkt\/feststehendes-messer-muela-gaucho-20a\/","title":{"rendered":"Feststehendes Messer Muela GAUCHO-20A"},"content":{"rendered":"<p>Feststehendes Messer <strong>Muela<\/strong> GAUCHO-20A. <strong>Muela-<\/strong> Messer werden von einem spanischen Unternehmen hergestellt, das erschwingliche und hochwertige Jagdmesser, Klappmesser, Luxusmesser und viele andere herstellt. Bei der Herstellung der Klingen verwendet die Firma Muela unterschiedliche Stahlsorten, z.B. 12C27 Sandvik, 14C28N, MOVA 60 Molybd\u00e4n-Vanadium-Stahl mit einer H\u00e4rte von 57\u201361 HRC, Inox 1-42-Stahl mit einer H\u00e4rte von 54\u201358 HRC und 440 markierte Klingen bestehen aus Mova-60E-Stahl. Muela Damastmesser sind das Ergebnis einer Kombination zweier St\u00e4hle, n\u00e4mlich RWL34 und MPC27, die eine H\u00e4rte von 57-62 HRC haben. Die Griffe der Muela-Messer sind mit hochwertigen Materialien verziert, darunter Geweih und verschiedene Holzarten: Olivenholz, afrikanisches Schwarzholz, K\u00f6nigsholz, COCOBOLO, Amazonas-Palisander und Walnussholz. Schlankes Jagdmesser mit schlichtem und geradlinigem Design. Seine lange Klinge wird haupts\u00e4chlich von J\u00e4gern und J\u00e4gern bei verschiedenen Aktivit\u00e4ten eingesetzt. Der Griff aus Hirschgeweih unterstreicht den Gesamteindruck. Die Klinge ist aus hochwertigem Edelstahl gefertigt. Die Klingenkante dient als Schutz beim Arbeiten.      Die Beschl\u00e4ge und der Grifffu\u00df sind aus silberfarbenem Metall. Das Messer wird mit einer braunen Lederscheide geliefert. Vollst\u00e4ndige Produktbeschreibung Klingenmaterial: X50CrMoV15 Griffmaterial: Geweih Scheidenmaterial: Leder Klingenl\u00e4nge: 20 cm Gesamtl\u00e4nge: 32,5 cm Griffl\u00e4nge: 12,5 cm Gewicht: 220 g Verwendung: Jagdmessertyp: Full Tang <\/p>\n","protected":false},"excerpt":{"rendered":"<p><strong>Muela-Messer werden von einem spanischen Unternehmen hergestellt, das erschwingliche und hochwertige Jagdmesser, Klappmesser, Luxusmesser und viele andere herstellt.<\/strong><\/p>\n","protected":false},"featured_media":356750,"comment_status":"open","ping_status":"closed","template":"","meta":[],"pwb-brand":[3914],"product_brand":[],"product_cat":[3285,3287],"product_tag":[3669],"class_list":{"0":"post-356763","1":"product","2":"type-product","3":"status-publish","4":"has-post-thumbnail","6":"pwb-brand-sie-musste","7":"product_cat-messer","8":"product_cat-solide-messer","9":"product_tag-b2b-de","11":"first","12":"outofstock","13":"taxable","14":"shipping-taxable","15":"purchasable","16":"product-type-simple"},"brands":[{"id":3914,"name":"Sie musste","slug":"sie-musste"}],"_links":{"self":[{"href":"https:\/\/www.moskito.cz\/de\/wp-json\/wp\/v2\/product\/356763","targetHints":{"allow":["GET"]}}],"collection":[{"href":"https:\/\/www.moskito.cz\/de\/wp-json\/wp\/v2\/product"}],"about":[{"href":"https:\/\/www.moskito.cz\/de\/wp-json\/wp\/v2\/types\/product"}],"replies":[{"embeddable":true,"href":"https:\/\/www.moskito.cz\/de\/wp-json\/wp\/v2\/comments?post=356763"}],"wp:featuredmedia":[{"embeddable":true,"href":"https:\/\/www.moskito.cz\/de\/wp-json\/wp\/v2\/media\/356750"}],"wp:attachment":[{"href":"https:\/\/www.moskito.cz\/de\/wp-json\/wp\/v2\/media?parent=356763"}],"wp:term":[{"taxonomy":"pwb-brand","embeddable":true,"href":"https:\/\/www.moskito.cz\/de\/wp-json\/wp\/v2\/pwb-brand?post=356763"},{"taxonomy":"product_brand","embeddable":true,"href":"https:\/\/www.moskito.cz\/de\/wp-json\/wp\/v2\/product_brand?post=356763"},{"taxonomy":"product_cat","embeddable":true,"href":"https:\/\/www.moskito.cz\/de\/wp-json\/wp\/v2\/product_cat?post=356763"},{"taxonomy":"product_tag","embeddable":true,"href":"https:\/\/www.moskito.cz\/de\/wp-json\/wp\/v2\/product_tag?post=356763"}],"curies":[{"name":"wp","href":"https:\/\/api.w.org\/{rel}","templated":true}]}}