{"id":356771,"date":"2024-08-14T13:11:09","date_gmt":"2024-08-14T12:21:01","guid":{"rendered":"https:\/\/www.moskito.cz\/produkt\/feststehendes-messer-muela-sherpa-18c\/"},"modified":"2025-05-07T11:23:23","modified_gmt":"2025-05-07T10:23:23","slug":"feststehendes-messer-muela-sherpa-18c","status":"publish","type":"product","link":"https:\/\/www.moskito.cz\/de\/produkt\/feststehendes-messer-muela-sherpa-18c\/","title":{"rendered":"Feststehendes Messer Muela SHERPA-18C"},"content":{"rendered":"<p>Feststehendes Messer <strong>Muela<\/strong> SHERPA-18C. Muela Sherpa 18-C Brown Micarta, Satin, Outdoor-Machete mit Full-Tang-Konstruktion.  Klinge aus rostfreiem X50CrMoV15-Stahl mit satinierter Oberfl\u00e4che. Bequemer Micarta-Griff. Ein ausgezeichneter Helfer f\u00fcr die Jagd, Outdoor-Aktivit\u00e4ten oder das \u00dcberleben. 1.4116 (X50CrMoV15) \u2013 martensitischer Edelstahl mit hohem Kohlenstoffgehalt und Molybd\u00e4n-Vanadium-Gehalt, \u00e4u\u00dferst best\u00e4ndig gegen Korrosion und Verschlei\u00df. Es wird bei der Herstellung von Messern, Schneidbestecken und chirurgischen Instrumenten verwendet. Es zeichnet sich durch eine f\u00fcr Edelst\u00e4hle relativ hohe H\u00e4rte von 57-58 HRC aus. Die chemische Zusammensetzung des Stahls wird durch eine Beimischung von 15,0 % Chrom, 0,80 % Molybd\u00e4n und 0,20 % Vanadium angereichert. Messer \u2013 Hackmessertyp (M\u00e4her) mit gerader Schnittkante. Die glatte Klinge wurde vom Flachschliff abgeleitet, der hervorragende Schneideigenschaften bei gleichzeitig hervorragender Haltbarkeit bietet. Der gro\u00dfe Choil erleichtert die Kontrolle der Machete f\u00fcr pr\u00e4ziseres Arbeiten. Griff &#8211; profiliert, mit polierten, wasserdichten Micarta-Griffen \u00fcberzogen. Es bietet einen bequemen und sicheren Halt. Sie bestehen aus hochvernickeltem Messing und sind mit Nieten an den Griffabdeckungen befestigt. Eine tiefe Fingerrille sorgt f\u00fcr einen Mini-Schutz, der verhindert, dass Ihre Hand auf der Klinge abrutscht. Auf der R\u00fcckseite des Griffs befindet sich eine \u00d6ffnung f\u00fcr eine Sicherheitsschnur (im Lieferumfang enthalten). Scheide \u2013 aus gut gegerbtem, nat\u00fcrlichem Rindsleder in brauner Farbe.    Auf der Oberfl\u00e4che eingepr\u00e4gtes Herstellerlogo. Die Scheide ist an den R\u00e4ndern mit Zierfaden vern\u00e4ht. Wenn Sie es am G\u00fcrtel oder an Ihrer Ausr\u00fcstung befestigen, k\u00f6nnen Sie das Messer in aufrechter Position tragen. Spezifikationen: Produktnummer: Sherpa 18-C Produktname: Muela Sherpa 18-C Braunes Micarta, Satin Gesamtl\u00e4nge: 33 cm \/ 13,0 Zoll Klingenl\u00e4nge: 17 cm \/ 6,69 Zoll Klingenst\u00e4rke: 16 cm \/ 6,3 Zoll Griffst\u00e4rke: Gewicht: 850,0 g \/ 30,0 Unzen Klingenmaterial: X50CrMoV15 Klingenh\u00e4rte: Klingenschliff: Flach Klingenoberfl\u00e4che: Satin Griffmaterial: Micarta Farbe der Griffoberfl\u00e4che: Braun Scheide (Geh\u00e4use): Leder Weiteres Zubeh\u00f6r: Paracord-Seil Designer: Muela Markenname: Muela Hersteller: Manufacturas Muela, SA Herkunftsland: Spanien  &nbsp;<\/p>\n","protected":false},"excerpt":{"rendered":"<p><strong>Muela Sherpa 18-C Brown Micarta, Satin, Outdoor-Machete mit Full-Tang-Konstruktion.<\/strong><\/p>\n","protected":false},"featured_media":356700,"comment_status":"open","ping_status":"closed","template":"","meta":[],"pwb-brand":[3914],"product_brand":[],"product_cat":[3285,3287],"product_tag":[3669],"class_list":{"0":"post-356771","1":"product","2":"type-product","3":"status-publish","4":"has-post-thumbnail","6":"pwb-brand-sie-musste","7":"product_cat-messer","8":"product_cat-solide-messer","9":"product_tag-b2b-de","11":"first","12":"instock","13":"taxable","14":"shipping-taxable","15":"purchasable","16":"product-type-simple"},"brands":[{"id":3914,"name":"Sie musste","slug":"sie-musste"}],"_links":{"self":[{"href":"https:\/\/www.moskito.cz\/de\/wp-json\/wp\/v2\/product\/356771","targetHints":{"allow":["GET"]}}],"collection":[{"href":"https:\/\/www.moskito.cz\/de\/wp-json\/wp\/v2\/product"}],"about":[{"href":"https:\/\/www.moskito.cz\/de\/wp-json\/wp\/v2\/types\/product"}],"replies":[{"embeddable":true,"href":"https:\/\/www.moskito.cz\/de\/wp-json\/wp\/v2\/comments?post=356771"}],"wp:featuredmedia":[{"embeddable":true,"href":"https:\/\/www.moskito.cz\/de\/wp-json\/wp\/v2\/media\/356700"}],"wp:attachment":[{"href":"https:\/\/www.moskito.cz\/de\/wp-json\/wp\/v2\/media?parent=356771"}],"wp:term":[{"taxonomy":"pwb-brand","embeddable":true,"href":"https:\/\/www.moskito.cz\/de\/wp-json\/wp\/v2\/pwb-brand?post=356771"},{"taxonomy":"product_brand","embeddable":true,"href":"https:\/\/www.moskito.cz\/de\/wp-json\/wp\/v2\/product_brand?post=356771"},{"taxonomy":"product_cat","embeddable":true,"href":"https:\/\/www.moskito.cz\/de\/wp-json\/wp\/v2\/product_cat?post=356771"},{"taxonomy":"product_tag","embeddable":true,"href":"https:\/\/www.moskito.cz\/de\/wp-json\/wp\/v2\/product_tag?post=356771"}],"curies":[{"name":"wp","href":"https:\/\/api.w.org\/{rel}","templated":true}]}}