{"id":356810,"date":"2024-08-14T13:32:42","date_gmt":"2024-08-14T12:33:37","guid":{"rendered":"https:\/\/www.moskito.cz\/produkt\/feststehendes-messer-muela-gaucho-20co\/"},"modified":"2025-05-07T11:23:24","modified_gmt":"2025-05-07T10:23:24","slug":"feststehendes-messer-muela-gaucho-20co","status":"publish","type":"product","link":"https:\/\/www.moskito.cz\/de\/produkt\/feststehendes-messer-muela-gaucho-20co\/","title":{"rendered":"Feststehendes Messer Muela GAUCHO-20CO"},"content":{"rendered":"<p>Feststehendes Messer <strong>Muela<\/strong> GAUCHO-20CO. Jagdmesser der spanischen Firma Muela, geeignet f\u00fcr J\u00e4ger, die ein Messer mit langer, schlanker Klinge ben\u00f6tigen. Es wird sowohl beim Aufenthalt in der Natur als auch beim Camping n\u00fctzlich sein. Die Klinge besteht aus MoVa-Edelstahl. Der elegante Griff aus Pakkaholz ist mit einem Stahlfu\u00df versehen. Das Messer wird mit einer Lederscheide geliefert. Klingenmaterial: MoVa Griffmaterial: Pakka Scheidenmaterial: Leder Klingenl\u00e4nge: 20 cm Gesamtl\u00e4nge: 33 cm Griffl\u00e4nge: 13 cm Gewicht: 204 g Klingentyp: Drop Point      <\/p>\n","protected":false},"excerpt":{"rendered":"<p><strong>Jagdmesser der spanischen Firma Muela, geeignet f\u00fcr J\u00e4ger, die ein Messer mit langer, schlanker Klinge ben\u00f6tigen. Es wird sowohl beim Aufenthalt in der Natur als auch beim Camping n\u00fctzlich sein. <\/strong><\/p>\n","protected":false},"featured_media":356782,"comment_status":"open","ping_status":"closed","template":"","meta":[],"pwb-brand":[3914],"product_brand":[],"product_cat":[3285,3287],"product_tag":[3669],"class_list":{"0":"post-356810","1":"product","2":"type-product","3":"status-publish","4":"has-post-thumbnail","6":"pwb-brand-sie-musste","7":"product_cat-messer","8":"product_cat-solide-messer","9":"product_tag-b2b-de","11":"first","12":"instock","13":"taxable","14":"shipping-taxable","15":"purchasable","16":"product-type-simple"},"brands":[{"id":3914,"name":"Sie musste","slug":"sie-musste"}],"_links":{"self":[{"href":"https:\/\/www.moskito.cz\/de\/wp-json\/wp\/v2\/product\/356810","targetHints":{"allow":["GET"]}}],"collection":[{"href":"https:\/\/www.moskito.cz\/de\/wp-json\/wp\/v2\/product"}],"about":[{"href":"https:\/\/www.moskito.cz\/de\/wp-json\/wp\/v2\/types\/product"}],"replies":[{"embeddable":true,"href":"https:\/\/www.moskito.cz\/de\/wp-json\/wp\/v2\/comments?post=356810"}],"wp:featuredmedia":[{"embeddable":true,"href":"https:\/\/www.moskito.cz\/de\/wp-json\/wp\/v2\/media\/356782"}],"wp:attachment":[{"href":"https:\/\/www.moskito.cz\/de\/wp-json\/wp\/v2\/media?parent=356810"}],"wp:term":[{"taxonomy":"pwb-brand","embeddable":true,"href":"https:\/\/www.moskito.cz\/de\/wp-json\/wp\/v2\/pwb-brand?post=356810"},{"taxonomy":"product_brand","embeddable":true,"href":"https:\/\/www.moskito.cz\/de\/wp-json\/wp\/v2\/product_brand?post=356810"},{"taxonomy":"product_cat","embeddable":true,"href":"https:\/\/www.moskito.cz\/de\/wp-json\/wp\/v2\/product_cat?post=356810"},{"taxonomy":"product_tag","embeddable":true,"href":"https:\/\/www.moskito.cz\/de\/wp-json\/wp\/v2\/product_tag?post=356810"}],"curies":[{"name":"wp","href":"https:\/\/api.w.org\/{rel}","templated":true}]}}