{"id":356843,"date":"2024-08-14T13:58:01","date_gmt":"2024-08-14T12:58:37","guid":{"rendered":"https:\/\/www.moskito.cz\/produkt\/solides-messer-muela-rehala-27s\/"},"modified":"2025-05-07T11:23:26","modified_gmt":"2025-05-07T10:23:26","slug":"solides-messer-muela-rehala-27s","status":"publish","type":"product","link":"https:\/\/www.moskito.cz\/de\/produkt\/solides-messer-muela-rehala-27s\/","title":{"rendered":"Solides Messer Muela REHALA-27S"},"content":{"rendered":"<p>Solides Messer <strong>Muela<\/strong> REHALA-27S. Dieses Messer ist in erster Linie f\u00fcr J\u00e4ger und J\u00e4ger gedacht. Dank der langen, beidseitig gesch\u00e4rften Klinge eignet es sich auch sehr gut zum Stechen, also dem schnellen T\u00f6ten von geschossenem Gro\u00dfwild.   <strong>Muela-<\/strong> Messer werden von einem spanischen Unternehmen hergestellt, das erschwingliche und hochwertige Jagdmesser, Klappmesser, Luxusmesser und viele andere herstellt. Bei der Herstellung von Klingen verwendet die Firma Muela verschiedene Stahlsorten, z. B. 12C27 Sandvik, 14C28N, Molybd\u00e4n-Vanadium-Stahl MOVA 60 mit einer H\u00e4rte von 57-61 HRC, Inox 1-42-Stahl mit einer H\u00e4rte von 54-58HRC. Mit 440 gekennzeichnete Klingen bestehen aus Mova-60E-Stahl. Muela Damastmesser sind das Ergebnis einer Kombination zweier St\u00e4hle, n\u00e4mlich RWL34 und MPC27, die eine H\u00e4rte von 57-62 HRC haben. Die Griffe der Muela-Messer sind mit hochwertigen Materialien verziert, darunter Geweih und verschiedene Holzarten: Olivenholz, afrikanisches Schwarzholz, K\u00f6nigsholz, Cocobolo, Amazonas-Palisander und Walnussholz. Produktdetail: Messer Muela REHALA 27S Messerl\u00e4nge: 40 cm Klingenl\u00e4nge: 27 cm Stahl: Nitro42 Griffmaterial: Geweih Scheide: Leder<\/p>\n","protected":false},"excerpt":{"rendered":"<p><strong>Dieses Messer ist in erster Linie f\u00fcr J\u00e4ger und J\u00e4ger gedacht. Dank der langen, beidseitig gesch\u00e4rften Klinge eignet es sich auch sehr gut zum Stechen, also dem schnellen T\u00f6ten von geschossenem Gro\u00dfwild. <\/strong><\/p>\n<p><strong>Kostenloser Transport.<\/strong><\/p>\n","protected":false},"featured_media":356824,"comment_status":"open","ping_status":"closed","template":"","meta":[],"pwb-brand":[3914],"product_brand":[],"product_cat":[3285,3287],"product_tag":[3669],"class_list":{"0":"post-356843","1":"product","2":"type-product","3":"status-publish","4":"has-post-thumbnail","6":"pwb-brand-sie-musste","7":"product_cat-messer","8":"product_cat-solide-messer","9":"product_tag-b2b-de","11":"first","12":"instock","13":"taxable","14":"shipping-taxable","15":"purchasable","16":"product-type-simple"},"brands":[{"id":3914,"name":"Sie musste","slug":"sie-musste"}],"_links":{"self":[{"href":"https:\/\/www.moskito.cz\/de\/wp-json\/wp\/v2\/product\/356843","targetHints":{"allow":["GET"]}}],"collection":[{"href":"https:\/\/www.moskito.cz\/de\/wp-json\/wp\/v2\/product"}],"about":[{"href":"https:\/\/www.moskito.cz\/de\/wp-json\/wp\/v2\/types\/product"}],"replies":[{"embeddable":true,"href":"https:\/\/www.moskito.cz\/de\/wp-json\/wp\/v2\/comments?post=356843"}],"wp:featuredmedia":[{"embeddable":true,"href":"https:\/\/www.moskito.cz\/de\/wp-json\/wp\/v2\/media\/356824"}],"wp:attachment":[{"href":"https:\/\/www.moskito.cz\/de\/wp-json\/wp\/v2\/media?parent=356843"}],"wp:term":[{"taxonomy":"pwb-brand","embeddable":true,"href":"https:\/\/www.moskito.cz\/de\/wp-json\/wp\/v2\/pwb-brand?post=356843"},{"taxonomy":"product_brand","embeddable":true,"href":"https:\/\/www.moskito.cz\/de\/wp-json\/wp\/v2\/product_brand?post=356843"},{"taxonomy":"product_cat","embeddable":true,"href":"https:\/\/www.moskito.cz\/de\/wp-json\/wp\/v2\/product_cat?post=356843"},{"taxonomy":"product_tag","embeddable":true,"href":"https:\/\/www.moskito.cz\/de\/wp-json\/wp\/v2\/product_tag?post=356843"}],"curies":[{"name":"wp","href":"https:\/\/api.w.org\/{rel}","templated":true}]}}